{"id":1015007,"date":"2024-06-17T14:56:26","date_gmt":"2024-06-17T06:56:26","guid":{"rendered":"https:\/\/vimaterial.de\/product\/seleniuro-di-rame-4\/"},"modified":"2025-04-14T09:42:43","modified_gmt":"2025-04-14T01:42:43","slug":"seleniuro-di-rame-4","status":"publish","type":"product","link":"https:\/\/vimaterial.de\/it\/product\/seleniuro-di-rame-4\/","title":{"rendered":"Seleniuro di rame"},"content":{"rendered":"<p>I granuli di <span style=\"color: #0000ff;\"><a style=\"color: #0000ff;\" href=\"https:\/\/vimaterial.de\/it\/product\/seleniuro-di-rame-5\/\">seleniuro di rame<\/a><\/span> sono particelle solide composte da rame e selenio con specifiche propriet\u00e0 fisico-chimiche, che si trovano comunemente nei cristalli cubici neri e in altre forme, che hanno importanti applicazioni nell&#8217;optoelettronica, nei semiconduttori e in altri campi.<\/p>\n<p>Forniamo granuli di seleniuro di rame, i nostri pellet di seleniuro di rame hanno un&#8217;elevata efficienza termoelettrica, un prezzo basso, un&#8217;elevata stabilit\u00e0 del prodotto, un rigoroso controllo di qualit\u00e0 del prodotto e un piccolo MOQ. Abbiamo un team di ricerca e sviluppo tecnico professionale, puoi <span style=\"color: #0000ff;\"><a style=\"color: #0000ff;\" href=\"https:\/\/vimaterial.de\/it\/contatto\/\">contattarci<\/a><\/span> se hai domande.<\/p>\n<h2><span style=\"font-size: 14pt;\">Propriet\u00e0 fisiche<\/span><\/h2>\n<p>Formula molecolare: Cu\u2082Se<\/p>\n<p>Peso molecolare: circa 206,0520<\/p>\n<p>Aspetto: particelle di cristallo solitamente dal blu scuro al nero<\/p>\n<p>Densit\u00e0: 6,84 g\/mL<\/p>\n<p>Punto di fusione: 1113\u00b0C<\/p>\n<p>Struttura cristallina: struttura cristallina tetragonale, in cui gli atomi di rame e selenio formano un reticolo cristallino regolare in una disposizione specifica, questa struttura conferisce al seleniuro di rame propriet\u00e0 fisiche e chimiche uniche.<\/p>\n<h2><span style=\"font-size: 14pt;\">Applicazioni<\/span><\/h2>\n<p>Termoelettricit\u00e0: Nel campo della termoelettricit\u00e0, pu\u00f2 essere utilizzata nella produzione di generatori termoelettrici e apparecchiature di refrigerazione, che possono convertire in modo efficiente calore ed elettricit\u00e0 in virt\u00f9 delle sue buone propriet\u00e0 termoelettriche.<\/p>\n<p>Campo fotovoltaico: nelle celle solari, Cu\u2082Se, come materiale dello strato di assorbimento, pu\u00f2 assorbire efficacemente la luce solare e generare vettori, il che dovrebbe migliorare l&#8217;efficienza di conversione fotoelettrica delle celle fotovoltaiche.<\/p>\n<p>Dispositivi elettronici: pu\u00f2 essere utilizzato come materiale di contatto nella produzione di componenti elettronici, come transistor e diodi, e le sue propriet\u00e0 elettriche possono essere utilizzate per migliorare le prestazioni dei dispositivi elettronici, ad esempio riducendo la resistenza di contatto.<\/p>\n<p>Campo dei dispositivi optoelettronici: Nel campo dei dispositivi optoelettronici, pu\u00f2 essere utilizzato per produrre fotorilevatori per rilevare e convertire i segnali luminosi in una specifica gamma di lunghezze d&#8217;onda, che svolge un ruolo nelle comunicazioni ottiche e in altri campi.<\/p>\n<p>Catalisi: nelle reazioni catalitiche, in particolare quelle che coinvolgono la generazione di idrogeno o la sintesi organica, il Cu\u2082Se pu\u00f2 essere utilizzato come catalizzatore per accelerare il processo di reazione utilizzando i siti attivi sulla sua superficie.<\/p>\n<h2><span style=\"font-size: 14pt;\">Controllo qualit\u00e0<\/span><\/h2>\n<p><span style=\"color: #0000ff;\"><a style=\"color: #0000ff;\" href=\"https:\/\/vimaterial.de\/it\/controllo-qualita\/\">Ogni lotto<\/a><\/span> di prodotti implementa il pi\u00f9 rigoroso sistema di controllo della qualit\u00e0, abbiamo completato i registri dei prodotti, la tracciabilit\u00e0 del prodotto con una rigorosa garanzia di qualit\u00e0. Disponiamo di un processo completo per la gestione dei prodotti non conformi e non trasmetteremo i prodotti non conformi al processo successivo. Forniamo campioni per la nuova ispezione dei clienti e supportiamo anche le organizzazioni di ispezione di terze parti designate dai clienti.<\/p>\n<h2><span style=\"font-size: 14pt;\">Imballaggio e stoccaggio<\/span><\/h2>\n<p>I granuli di seleniuro di rame sono confezionati in sacchetti sottovuoto doppi o flaconi sottovuoto doppi con cartoni esterni. L&#8217;unit\u00e0 di imballaggio minima \u00e8 di 100 g\/bottiglia.<\/p>\n<p>I granuli di seleniuro di rame devono essere conservati in un ambiente asciutto, fresco, a prova di luce e ben sigillato, preferibilmente in contenitori riempiti con gas inerte, evitando il contatto con aria, umidit\u00e0, acidi forti e agenti ossidanti forti, per prevenire l&#8217;ossidazione, la deliquescenza o reazioni chimiche che potrebbero alterarne le propriet\u00e0.<\/p>\n","protected":false},"excerpt":{"rendered":"<p>I granuli di <span style=\"color: #0000ff;\"><a style=\"color: #0000ff;\" href=\"https:\/\/vimaterial.de\/it\/product\/seleniuro-di-rame-5\/\">seleniuro di rame<\/a><\/span> sono particelle solide composte da rame e selenio con specifiche propriet\u00e0 fisico-chimiche, che si trovano comunemente nei cristalli cubici neri e in altre forme, che hanno importanti applicazioni nell&#8217;optoelettronica, nei semiconduttori e in altri campi.<\/p>\n<p>Forniamo granuli di seleniuro di rame, i nostri pellet di seleniuro di rame hanno un&#8217;elevata efficienza termoelettrica, un prezzo basso, un&#8217;elevata stabilit\u00e0 del prodotto, un rigoroso controllo di qualit\u00e0 del prodotto e un piccolo MOQ. Abbiamo un team di ricerca e sviluppo tecnico professionale, puoi <span style=\"color: #0000ff;\"><a style=\"color: #0000ff;\" href=\"https:\/\/vimaterial.de\/it\/contatto\/\">contattarci<\/a><\/span> se hai domande.<\/p>\n","protected":false},"featured_media":1002999,"comment_status":"open","ping_status":"closed","template":"","meta":{"_acf_changed":false},"product_brand":[],"product_cat":[198],"product_tag":[],"class_list":{"0":"post-1015007","1":"product","2":"type-product","3":"status-publish","4":"has-post-thumbnail","6":"product_cat-materiali-per-levaporazione","8":"first","9":"instock","10":"shipping-taxable","11":"product-type-variable"},"acf":[],"_links":{"self":[{"href":"https:\/\/vimaterial.de\/it\/wp-json\/wp\/v2\/product\/1015007","targetHints":{"allow":["GET"]}}],"collection":[{"href":"https:\/\/vimaterial.de\/it\/wp-json\/wp\/v2\/product"}],"about":[{"href":"https:\/\/vimaterial.de\/it\/wp-json\/wp\/v2\/types\/product"}],"replies":[{"embeddable":true,"href":"https:\/\/vimaterial.de\/it\/wp-json\/wp\/v2\/comments?post=1015007"}],"wp:featuredmedia":[{"embeddable":true,"href":"https:\/\/vimaterial.de\/it\/wp-json\/wp\/v2\/media\/1002999"}],"wp:attachment":[{"href":"https:\/\/vimaterial.de\/it\/wp-json\/wp\/v2\/media?parent=1015007"}],"wp:term":[{"taxonomy":"product_brand","embeddable":true,"href":"https:\/\/vimaterial.de\/it\/wp-json\/wp\/v2\/product_brand?post=1015007"},{"taxonomy":"product_cat","embeddable":true,"href":"https:\/\/vimaterial.de\/it\/wp-json\/wp\/v2\/product_cat?post=1015007"},{"taxonomy":"product_tag","embeddable":true,"href":"https:\/\/vimaterial.de\/it\/wp-json\/wp\/v2\/product_tag?post=1015007"}],"curies":[{"name":"wp","href":"https:\/\/api.w.org\/{rel}","templated":true}]}}