{"id":1014980,"date":"2024-06-17T14:56:30","date_gmt":"2024-06-17T06:56:30","guid":{"rendered":"https:\/\/vimaterial.de\/product\/seleniuro-di-rame-3\/"},"modified":"2025-04-14T09:33:07","modified_gmt":"2025-04-14T01:33:07","slug":"seleniuro-di-rame-3","status":"publish","type":"product","link":"https:\/\/vimaterial.de\/it\/product\/seleniuro-di-rame-3\/","title":{"rendered":"Seleniuro di rame"},"content":{"rendered":"<p>I grumi di <span style=\"color: #0000ff;\"><a style=\"color: #0000ff;\" href=\"https:\/\/vimaterial.de\/it\/product\/seleniuro-di-rame\/\">seleniuro di rame<\/a><\/span> sono composti costituiti da rame e selenio in una certa forma di grumi, insolubili in acqua, solubili in acido cloridrico, comunemente usati nei semiconduttori e in altri campi.<\/p>\n<p>VIMATERIAL fornisce un&#8217;ampia gamma di grumi di seleniuro di rame ad alta purezza, la massima purezza pu\u00f2 raggiungere il 99,999%, i prodotti della nostra azienda hanno prestazioni stabili, buona granularit\u00e0 e un buon servizio post-vendita. Abbiamo un team di ricerca e sviluppo professionale e supportiamo la personalizzazione del prodotto, non esitate <span style=\"color: #0000ff;\"><a style=\"color: #0000ff;\" href=\"https:\/\/vimaterial.de\/it\/contatto\/\">a contattarci<\/a><\/span>.<\/p>\n<h2><span style=\"font-size: 14pt;\">Propriet\u00e0 fisiche<\/span><\/h2>\n<p>Formula molecolare: Cu\u2082Se<\/p>\n<p>Peso molecolare: 206,06 g\/mol<\/p>\n<p>Aspetto: grumi da blu-nero a nero<\/p>\n<p>Densit\u00e0: 6,84 g\/cm\u00b3<\/p>\n<p>Punto di fusione: 1113\u00b0C<\/p>\n<p>Struttura cristallina: Sistema cristallino tetragonale<\/p>\n<h2><span style=\"font-size: 14pt;\">Applicazioni<\/span><\/h2>\n<p>Campo termoelettrico: Pu\u00f2 essere utilizzato per la preparazione di materiali termoelettrici, realizzando la conversione diretta dell&#8217;energia termica e dell&#8217;energia elettrica.<\/p>\n<p>Campo fotovoltaico: \u00e8 una parte importante delle celle solari a film sottile CuZnSiS, che pu\u00f2 essere utilizzata per assorbire la luce solare e convertirla in elettricit\u00e0.<\/p>\n<h2><span style=\"font-size: 14pt;\">Controllo qualit\u00e0<\/span><\/h2>\n<p><span style=\"color: #0000ff;\"><a style=\"color: #0000ff;\" href=\"https:\/\/vimaterial.de\/it\/controllo-qualita\/\">Ogni lotto<\/a><\/span> di prodotti implementa il pi\u00f9 rigoroso sistema di controllo della qualit\u00e0, abbiamo completato i registri dei prodotti, la tracciabilit\u00e0 del prodotto con una rigorosa garanzia di qualit\u00e0. Disponiamo di un processo completo per la gestione dei prodotti non conformi e non trasmetteremo i prodotti non conformi al processo successivo. Forniamo campioni per la nuova ispezione dei clienti e supportiamo anche le organizzazioni di ispezione di terze parti designate dai clienti.<\/p>\n<h2><span style=\"font-size: 14pt;\">Imballaggio e stoccaggio<\/span><\/h2>\n<p>I grumi di seleniuro di rame sono confezionati in sacchetti sottovuoto doppi o flaconi sottovuoto doppi e l&#8217;unit\u00e0 di imballaggio minima \u00e8 di 50 g\/bottiglia.<\/p>\n<p>I grumi di seleniuro di rame devono essere conservati in un ambiente asciutto, fresco, ben ventilato e a prova di luce, sigillati per prevenire l&#8217;umidit\u00e0, l&#8217;ossidazione e la contaminazione da impurit\u00e0 e conservati separatamente da forti ossidanti, acidi forti e altre sostanze che possono avere reazioni chimiche.<\/p>\n","protected":false},"excerpt":{"rendered":"<p>I grumi di <span style=\"color: #0000ff;\"><a style=\"color: #0000ff;\" href=\"https:\/\/vimaterial.de\/it\/product\/seleniuro-di-rame\/\">seleniuro di rame<\/a><\/span> sono composti costituiti da rame e selenio in una certa forma di grumi, insolubili in acqua, solubili in acido cloridrico, comunemente usati nei semiconduttori e in altri campi.<\/p>\n<p>VIMATERIAL fornisce un&#8217;ampia gamma di grumi di seleniuro di rame ad alta purezza, la massima purezza pu\u00f2 raggiungere il 99,999%, i prodotti della nostra azienda hanno prestazioni stabili, buona granularit\u00e0 e un buon servizio post-vendita. Abbiamo un team di ricerca e sviluppo professionale e supportiamo la personalizzazione del prodotto, non esitate <span style=\"color: #0000ff;\"><a style=\"color: #0000ff;\" href=\"https:\/\/vimaterial.de\/it\/contatto\/\">a contattarci<\/a><\/span>.<\/p>\n","protected":false},"featured_media":1002999,"comment_status":"open","ping_status":"closed","template":"","meta":{"_acf_changed":false},"product_brand":[],"product_cat":[198],"product_tag":[],"class_list":{"0":"post-1014980","1":"product","2":"type-product","3":"status-publish","4":"has-post-thumbnail","6":"product_cat-materiali-per-levaporazione","8":"first","9":"instock","10":"shipping-taxable","11":"product-type-variable"},"acf":[],"_links":{"self":[{"href":"https:\/\/vimaterial.de\/it\/wp-json\/wp\/v2\/product\/1014980","targetHints":{"allow":["GET"]}}],"collection":[{"href":"https:\/\/vimaterial.de\/it\/wp-json\/wp\/v2\/product"}],"about":[{"href":"https:\/\/vimaterial.de\/it\/wp-json\/wp\/v2\/types\/product"}],"replies":[{"embeddable":true,"href":"https:\/\/vimaterial.de\/it\/wp-json\/wp\/v2\/comments?post=1014980"}],"wp:featuredmedia":[{"embeddable":true,"href":"https:\/\/vimaterial.de\/it\/wp-json\/wp\/v2\/media\/1002999"}],"wp:attachment":[{"href":"https:\/\/vimaterial.de\/it\/wp-json\/wp\/v2\/media?parent=1014980"}],"wp:term":[{"taxonomy":"product_brand","embeddable":true,"href":"https:\/\/vimaterial.de\/it\/wp-json\/wp\/v2\/product_brand?post=1014980"},{"taxonomy":"product_cat","embeddable":true,"href":"https:\/\/vimaterial.de\/it\/wp-json\/wp\/v2\/product_cat?post=1014980"},{"taxonomy":"product_tag","embeddable":true,"href":"https:\/\/vimaterial.de\/it\/wp-json\/wp\/v2\/product_tag?post=1014980"}],"curies":[{"name":"wp","href":"https:\/\/api.w.org\/{rel}","templated":true}]}}