{"id":1014957,"date":"2024-06-17T14:56:30","date_gmt":"2024-06-17T06:56:30","guid":{"rendered":"https:\/\/vimaterial.de\/product\/seleniuro-di-rame-2\/"},"modified":"2025-04-11T17:25:23","modified_gmt":"2025-04-11T09:25:23","slug":"seleniuro-di-rame-2","status":"publish","type":"product","link":"https:\/\/vimaterial.de\/it\/product\/seleniuro-di-rame-2\/","title":{"rendered":"Seleniuro di rame"},"content":{"rendered":"<p>Il bersaglio sputtering del <span style=\"color: #0000ff;\"><a style=\"color: #0000ff;\" href=\"https:\/\/vimaterial.de\/it\/product\/seleniuro-di-rame\/\">seleniuro di rame<\/a> <\/span>\u00e8 un tipo di materiale utilizzato nello sputtering del magnetron e in altre tecnologie di rivestimento, che pu\u00f2 far depositare atomi di rame e selenio sul substrato per formare un film sottile mediante bombardamento di particelle ad alta energia e ha importanti applicazioni nel fotovoltaico, nell&#8217;optoelettronica e in altri campi.<\/p>\n<p>VIMATERIAL fornisce bersagli sputtering in rameselenio, tutti i nostri prodotti supportano la personalizzazione e tutti i bersagli possono essere forniti con servizio di rilegatura. Siamo un fornitore professionale di materiali chimici inorganici e abbiamo una ricca esperienza in bersagli sputtering, vi preghiamo di <span style=\"color: #0000ff;\"><a style=\"color: #0000ff;\" href=\"https:\/\/vimaterial.de\/it\/contatto\/\">contattarci<\/a><\/span> se avete delle esigenze.<\/p>\n<h2><span style=\"font-size: 14pt;\">Propriet\u00e0 fisiche<\/span><\/h2>\n<p>Formula molecolare: Cu\u2082Se<\/p>\n<p>Peso molecolare: 206,063 g\/mol<\/p>\n<p>Aspetto: bersaglio da grigio a nero<\/p>\n<p>Densit\u00e0: Densit\u00e0 relativa circa 6.749 g\/cm\u00b3.<\/p>\n<p>Punto di fusione: 1113\u00b0C<\/p>\n<p>Struttura cristallina: appartiene al sistema cristallino cubico, gli atomi di rame e selenio nella sua struttura cristallina sono disposti secondo un certo schema, costituendo un reticolo cristallino cubico stabile.<\/p>\n<h2><span style=\"font-size: 14pt;\">Applicazioni<\/span><\/h2>\n<p>Campo dei semiconduttori: Utilizzato nella fabbricazione di dispositivi a semiconduttore, depositato sulla superficie dei wafer per formare un film sottile con propriet\u00e0 elettriche specifiche, per aiutare la produzione di circuiti integrati e cos\u00ec via.<\/p>\n<p>Fotovoltaico: utilizzato come materiale chiave nelle celle solari a film sottile per aiutare a depositare gli elettrodi posteriori o gli strati conduttori per migliorare le prestazioni e l&#8217;efficienza delle celle.<\/p>\n<p>Campo fotovoltaico: utilizzato nella produzione di fotorivelatori e altri dispositivi optoelettronici, attraverso lo sputtering di film sottili per ottenere un rilevamento e una conversione efficaci dei segnali ottici.<\/p>\n<p>Campo di visualizzazione: nel display a cristalli liquidi, nel display a diodi organici a emissione di luce e in altre tecnologie di visualizzazione a schermo piatto, coinvolte nella deposizione di film conduttivo trasparente e di altri strati di film funzionali, migliorano la qualit\u00e0 e le prestazioni del display.<\/p>\n<p>Campo di rivestimento del vetro: pu\u00f2 formare un rivestimento uniforme sulla superficie del vetro, conferendo al vetro propriet\u00e0 conduttive, di isolamento termico, antiriflesso e altre propriet\u00e0 speciali per soddisfare le esigenze di diverse applicazioni.<\/p>\n<h2><span style=\"font-size: 14pt;\">Controllo qualit\u00e0<\/span><\/h2>\n<p><span style=\"color: #0000ff;\"><a style=\"color: #0000ff;\" href=\"https:\/\/vimaterial.de\/it\/controllo-qualita\/\">Ogni lotto<\/a><\/span> di prodotti implementa il pi\u00f9 rigoroso sistema di controllo della qualit\u00e0, abbiamo completato i registri dei prodotti, la tracciabilit\u00e0 del prodotto con una rigorosa garanzia di qualit\u00e0. Disponiamo di un processo completo per la gestione dei prodotti non conformi e non trasmetteremo i prodotti non conformi al processo successivo. Forniamo campioni per la nuova ispezione dei clienti e supportiamo anche le organizzazioni di ispezione di terze parti designate dai clienti.<\/p>\n<h2><span style=\"font-size: 14pt;\">Imballaggio e stoccaggio<\/span><\/h2>\n<p>I bersagli sputtering in seleniuro di rame sono protetti in doppi sacchetti sottovuoto e poi inscatolati.<\/p>\n<p>I bersagli sputtering del seleniuro di rame devono essere conservati in un ambiente asciutto, fresco e ben ventilato, al riparo dalla luce, in confezioni o contenitori sigillati, preferibilmente riempiti con gas inerte, e tenuti lontani da agenti ossidanti forti, acidi e altre sostanze che possono avere una reazione chimica con essi, per evitare che vengano contaminati da umidit\u00e0, ossidazione e impurit\u00e0.<\/p>\n","protected":false},"excerpt":{"rendered":"<p>Il bersaglio sputtering del <span style=\"color: #0000ff;\"><a style=\"color: #0000ff;\" href=\"https:\/\/vimaterial.de\/it\/product\/seleniuro-di-rame\/\">seleniuro di rame<\/a> <\/span>\u00e8 un tipo di materiale utilizzato nello sputtering del magnetron e in altre tecnologie di rivestimento, che pu\u00f2 far depositare atomi di rame e selenio sul substrato per formare un film sottile mediante bombardamento di particelle ad alta energia e ha importanti applicazioni nel fotovoltaico, nell&#8217;optoelettronica e in altri campi.<\/p>\n<p>VIMATERIAL fornisce bersagli sputtering in rameselenio, tutti i nostri prodotti supportano la personalizzazione e tutti i bersagli possono essere forniti con servizio di rilegatura. Siamo un fornitore professionale di materiali chimici inorganici e abbiamo una ricca esperienza in bersagli sputtering, vi preghiamo di <span style=\"color: #0000ff;\"><a style=\"color: #0000ff;\" href=\"https:\/\/vimaterial.de\/it\/contatto\/\">contattarci<\/a><\/span> se avete delle esigenze.<\/p>\n","protected":false},"featured_media":1002999,"comment_status":"open","ping_status":"closed","template":"","meta":{"_acf_changed":false},"product_brand":[],"product_cat":[197],"product_tag":[],"class_list":{"0":"post-1014957","1":"product","2":"type-product","3":"status-publish","4":"has-post-thumbnail","6":"product_cat-obiettivi-di-sputtering-planari","8":"first","9":"instock","10":"shipping-taxable","11":"product-type-variable"},"acf":[],"_links":{"self":[{"href":"https:\/\/vimaterial.de\/it\/wp-json\/wp\/v2\/product\/1014957","targetHints":{"allow":["GET"]}}],"collection":[{"href":"https:\/\/vimaterial.de\/it\/wp-json\/wp\/v2\/product"}],"about":[{"href":"https:\/\/vimaterial.de\/it\/wp-json\/wp\/v2\/types\/product"}],"replies":[{"embeddable":true,"href":"https:\/\/vimaterial.de\/it\/wp-json\/wp\/v2\/comments?post=1014957"}],"wp:featuredmedia":[{"embeddable":true,"href":"https:\/\/vimaterial.de\/it\/wp-json\/wp\/v2\/media\/1002999"}],"wp:attachment":[{"href":"https:\/\/vimaterial.de\/it\/wp-json\/wp\/v2\/media?parent=1014957"}],"wp:term":[{"taxonomy":"product_brand","embeddable":true,"href":"https:\/\/vimaterial.de\/it\/wp-json\/wp\/v2\/product_brand?post=1014957"},{"taxonomy":"product_cat","embeddable":true,"href":"https:\/\/vimaterial.de\/it\/wp-json\/wp\/v2\/product_cat?post=1014957"},{"taxonomy":"product_tag","embeddable":true,"href":"https:\/\/vimaterial.de\/it\/wp-json\/wp\/v2\/product_tag?post=1014957"}],"curies":[{"name":"wp","href":"https:\/\/api.w.org\/{rel}","templated":true}]}}