{"id":1014949,"date":"2024-06-17T14:56:30","date_gmt":"2024-06-17T06:56:30","guid":{"rendered":"https:\/\/vimaterial.de\/product\/seleniuro-di-rame\/"},"modified":"2025-04-11T17:32:50","modified_gmt":"2025-04-11T09:32:50","slug":"seleniuro-di-rame","status":"publish","type":"product","link":"https:\/\/vimaterial.de\/it\/product\/seleniuro-di-rame\/","title":{"rendered":"Seleniuro di rame"},"content":{"rendered":"<p><span style=\"color: #0000ff;\"><a style=\"color: #0000ff;\" href=\"https:\/\/vimaterial.de\/it\/product\/seleniuro-di-rame-4\/\">La polvere di seleniuro di rame<\/a><\/span> \u00e8 una polvere fine composta da rame e selenio, solitamente di colore nero, con semiconduttori e altre propriet\u00e0, particelle fini e uniformi, con potenziali applicazioni in termoelettrico, fotovoltaico, ecc. Deve essere conservato correttamente in condizioni asciutte e sigillate per prevenire l&#8217;ossidazione e altre reazioni.<\/p>\n<p>VIMATERIAL fornisce una vasta gamma di polveri di seleniuro di rame ad alta purezza, siamo un fornitore professionale di materie prime chimiche inorganiche, abbiamo un team tecnico professionale, un perfetto team post-vendita, se avete domande al riguardo, non esitate <span style=\"color: #0000ff;\"><a style=\"color: #0000ff;\" href=\"https:\/\/vimaterial.de\/it\/contatto\/\">a contattarci.<\/a><\/span><\/p>\n<h2><span style=\"font-size: 14pt;\">Propriet\u00e0 fisiche<\/span><\/h2>\n<p>Formula molecolare: Cu\u2082Se<\/p>\n<p>Peso molecolare: 206,05<\/p>\n<p>Aspetto: solitamente polvere blu scuro o nera.<\/p>\n<p>Densit\u00e0: circa 6,84 g\/cm\u00b3.<\/p>\n<p>Struttura cristallina: forma cristalli ortorombici a bassa pressione e cristalli cubici ad alta pressione.<\/p>\n<h2><span style=\"font-size: 14pt;\">Applicazioni<\/span><\/h2>\n<p>Campo fotovoltaico: pu\u00f2 essere utilizzato nella preparazione di celle solari a film sottile CIGS, in grado di convertire la luce solare in elettricit\u00e0.<\/p>\n<p>Fotorilevamento: i fotorilevatori basati su Cu\u2082Se possono essere utilizzati per rilevare la luce infrarossa e nel vicino infrarosso e sono utili nelle comunicazioni, nel monitoraggio ambientale e nella ricerca scientifica.<\/p>\n<p>Imaging termico: lo sviluppo di termocamere e sensori in grado di visualizzare la distribuzione termica e la differenza di temperatura in una variet\u00e0 di applicazioni, come la sicurezza e l&#8217;ispezione industriale.<\/p>\n<p>Rilevamento delle radiazioni nucleari: i rivelatori a base di Cu\u2082Se sono utilizzati negli spettrometri a raggi gamma e nei rivelatori di radiazioni per la ricerca in fisica nucleare, la medicina nucleare e il monitoraggio delle radiazioni.<\/p>\n<h2><span style=\"font-size: 14pt;\">Controllo qualit\u00e0<\/span><\/h2>\n<p><span style=\"color: #0000ff;\"><a style=\"color: #0000ff;\" href=\"https:\/\/vimaterial.de\/it\/controllo-qualita\/\">Ogni lotto<\/a><\/span> di prodotti implementa il pi\u00f9 rigoroso sistema di controllo della qualit\u00e0, abbiamo completato i registri dei prodotti, la tracciabilit\u00e0 del prodotto con una rigorosa garanzia di qualit\u00e0. Disponiamo di un processo completo per la gestione dei prodotti non conformi e non trasmetteremo i prodotti non conformi al processo successivo. Forniamo campioni per la nuova ispezione dei clienti e supportiamo anche le organizzazioni di ispezione di terze parti designate dai clienti.<\/p>\n<h2><span style=\"font-size: 14pt;\">Imballaggio e stoccaggio<\/span><\/h2>\n<p>Le polveri di seleniuro di rame sono confezionate in sacchetti a doppio vuoto o in flaconi a doppio vuoto con un&#8217;unit\u00e0 di confezionamento minima di 100 g\/bottiglia.<\/p>\n<p>Le polveri di seleniuro di rame devono essere conservate in un ambiente asciutto, fresco, ben ventilato, al riparo dalla luce. I contenitori sigillati devono essere preferibilmente riempiti con un gas inerte, ad esempio argon, per prevenire l&#8217;umidit\u00e0, l&#8217;ossidazione e la contaminazione da impurit\u00e0, e devono essere isolati da agenti ossidanti forti, acidi e altre sostanze con cui possono verificarsi reazioni chimiche.<\/p>\n","protected":false},"excerpt":{"rendered":"<p><span style=\"color: #0000ff;\"><a style=\"color: #0000ff;\" href=\"https:\/\/vimaterial.de\/it\/product\/seleniuro-di-rame-4\/\">La polvere di seleniuro di rame<\/a><\/span> \u00e8 una polvere fine composta da rame e selenio, solitamente di colore nero, con semiconduttori e altre propriet\u00e0, particelle fini e uniformi, con potenziali applicazioni in termoelettrico, fotovoltaico, ecc. Deve essere conservato correttamente in condizioni asciutte e sigillate per prevenire l&#8217;ossidazione e altre reazioni.<\/p>\n<p>VIMATERIAL fornisce una vasta gamma di polveri di seleniuro di rame ad alta purezza, siamo un fornitore professionale di materie prime chimiche inorganiche, abbiamo un team tecnico professionale, un perfetto team post-vendita, se avete domande al riguardo, non esitate <span style=\"color: #0000ff;\"><a style=\"color: #0000ff;\" href=\"https:\/\/vimaterial.de\/it\/contatto\/\">a contattarci.<\/a><\/span><\/p>\n","protected":false},"featured_media":1002999,"comment_status":"open","ping_status":"closed","template":"","meta":{"_acf_changed":false},"product_brand":[],"product_cat":[200],"product_tag":[],"class_list":{"0":"post-1014949","1":"product","2":"type-product","3":"status-publish","4":"has-post-thumbnail","6":"product_cat-materiali-calcogenidici","8":"first","9":"instock","10":"shipping-taxable","11":"purchasable","12":"product-type-variable"},"acf":[],"_links":{"self":[{"href":"https:\/\/vimaterial.de\/it\/wp-json\/wp\/v2\/product\/1014949","targetHints":{"allow":["GET"]}}],"collection":[{"href":"https:\/\/vimaterial.de\/it\/wp-json\/wp\/v2\/product"}],"about":[{"href":"https:\/\/vimaterial.de\/it\/wp-json\/wp\/v2\/types\/product"}],"replies":[{"embeddable":true,"href":"https:\/\/vimaterial.de\/it\/wp-json\/wp\/v2\/comments?post=1014949"}],"wp:featuredmedia":[{"embeddable":true,"href":"https:\/\/vimaterial.de\/it\/wp-json\/wp\/v2\/media\/1002999"}],"wp:attachment":[{"href":"https:\/\/vimaterial.de\/it\/wp-json\/wp\/v2\/media?parent=1014949"}],"wp:term":[{"taxonomy":"product_brand","embeddable":true,"href":"https:\/\/vimaterial.de\/it\/wp-json\/wp\/v2\/product_brand?post=1014949"},{"taxonomy":"product_cat","embeddable":true,"href":"https:\/\/vimaterial.de\/it\/wp-json\/wp\/v2\/product_cat?post=1014949"},{"taxonomy":"product_tag","embeddable":true,"href":"https:\/\/vimaterial.de\/it\/wp-json\/wp\/v2\/product_tag?post=1014949"}],"curies":[{"name":"wp","href":"https:\/\/api.w.org\/{rel}","templated":true}]}}