{"id":1014922,"date":"2024-06-17T14:43:17","date_gmt":"2024-06-17T06:43:17","guid":{"rendered":"https:\/\/vimaterial.de\/product\/solfuro-di-ferro\/"},"modified":"2025-04-16T14:31:57","modified_gmt":"2025-04-16T06:31:57","slug":"solfuro-di-ferro","status":"publish","type":"product","link":"https:\/\/vimaterial.de\/it\/product\/solfuro-di-ferro\/","title":{"rendered":"Solfuro di ferro"},"content":{"rendered":"<p>La polvere di <span style=\"color: #0000ff;\"><a style=\"color: #0000ff;\" href=\"https:\/\/vimaterial.de\/en\/product\/iron-sulfide-6\/\">solfuro di ferro<\/a><\/span> \u00e8 una polvere gialla o color ottone chiaro, il componente principale \u00e8 il disolfuro ferroso, con una lucentezza metallica, insolubile in acqua, e ha importanti applicazioni nella raffinazione del minerale, nei materiali per batterie, nei catalizzatori e in altri campi.<\/p>\n<p>VIAMTERIAL fornisce polvere di solfuro di ferro, la nostra polvere ha le caratteristiche di elevata purezza, granulometria uniforme, buona fluidit\u00e0, propriet\u00e0 chimiche stabili, ecc. Supportiamo anche l&#8217;imballaggio e l&#8217;ordinazione di piccoli lotti. Abbiamo un team di ricerca e sviluppo tecnico professionale, accettiamo la personalizzazione e la sperimentazione del prodotto, non esitate <span style=\"color: #0000ff;\"><a style=\"color: #0000ff;\" href=\"https:\/\/vimaterial.de\/en\/contact-us\/\">a contattarci<\/a><\/span>.  <\/p>\n<h2><span style=\"font-size: 14pt;\">Propriet\u00e0 fisiche<\/span><\/h2>\n<p>Formula molecolare: FeS2<\/p>\n<p>Peso molecolare: 120,97<\/p>\n<p>Aspetto: Polvere solitamente giallo dorato o color ottone chiaro con lucentezza metallica.<\/p>\n<p>Densit\u00e0: circa 4,8 &#8211; 5,0 g\/cm\u00b3.<\/p>\n<p>Punto di fusione: circa 742\u00b0C <\/p>\n<p>Struttura cristallina: Appartiene al sistema cristallino cubico. Questa struttura cristallina gli conferisce determinate propriet\u00e0 fisiche e chimiche, come il comportamento speciale nell&#8217;elettricit\u00e0 e il magnetismo. <\/p>\n<h2><span style=\"font-size: 14pt;\">Applicazioni<\/span><\/h2>\n<p>Campo dell&#8217;industria dell&#8217;acido solforico: la polvere di solfuro di ferro viene utilizzata come materia prima per la produzione di acido solforico. Attraverso la tostatura e altri processi, viene rilasciata anidride solforosa gassosa e l&#8217;anidride solforosa viene ulteriormente ossidata e idratata per generare acido solforico, che fornisce un&#8217;importante materia prima di base per l&#8217;industria chimica e soddisfa la domanda di acido solforico in molti settori. <\/p>\n<p>Nuovo campo delle batterie energetiche: nelle batterie al litio-zolfo e in altri sistemi, la polvere di solfuro di ferro pu\u00f2 essere utilizzata come materiale anodico, utilizzando la sua maggiore capacit\u00e0 specifica teorica per ottenere l&#8217;accumulo e il rilascio di energia elettrica, per migliorare le prestazioni della batteria, promuovere lo sviluppo di veicoli a nuova energia e apparecchiature elettroniche portatili per fornire supporto.<\/p>\n<p>Campo agricolo: una piccola quantit\u00e0 di polvere di solfuro di ferro pu\u00f2 reintegrare gli elementi di zolfo e ferro nel suolo, migliorare le condizioni di fertilit\u00e0 del suolo, promuovere la crescita delle colture, migliorare la fotosintesi e la resistenza delle piante e aiutare a migliorare la resa e la qualit\u00e0 dei prodotti agricoli.<\/p>\n<h2><span style=\"font-size: 14pt;\">Controllo qualit\u00e0<\/span><\/h2>\n<p><span style=\"color: #0000ff;\"><a style=\"color: #0000ff;\" href=\"https:\/\/vimaterial.de\/en\/quality-control\/\">Il controllo di qualit\u00e0<\/a><\/span> di ogni lotto di prodotti viene effettuato durante l&#8217;intero processo di approvvigionamento delle materie prime, produzione e lavorazione, test e ispezione e imballaggio, seguendo rigorosamente gli standard internazionali e le norme del settore. Disponiamo di apparecchiature di collaudo avanzate, team di controllo qualit\u00e0 professionale e rigoroso sistema di controllo della qualit\u00e0 per garantire la qualit\u00e0 del prodotto. <\/p>\n<h2><span style=\"font-size: 14pt;\">Imballaggio e stoccaggio<\/span><\/h2>\n<p>La polvere di solfuro di ferro \u00e8 confezionata in un sacchetto sottovuoto a doppio strato o in una bottiglia sottovuoto a doppio strato e la confezione esterna \u00e8 confezionata in una scatola di cartone.<\/p>\n<p>La polvere di solfuro di ferro deve essere conservata in un luogo asciutto, fresco e ben ventilato, sigillata, evitando il contatto con agenti ossidanti e acidi forti e prevenendo l&#8217;umidit\u00e0 e l&#8217;ossidazione, e deve essere adeguatamente posizionata secondo le normative sullo stoccaggio dei prodotti chimici, lontano dal fuoco e da fonti di calore.<\/p>\n","protected":false},"excerpt":{"rendered":"<p>La polvere di <span style=\"color: #0000ff;\"><a style=\"color: #0000ff;\" href=\"https:\/\/vimaterial.de\/en\/product\/iron-sulfide-6\/\">solfuro di ferro<\/a><\/span> \u00e8 una polvere gialla o color ottone chiaro, il componente principale \u00e8 il disolfuro ferroso, con una lucentezza metallica, insolubile in acqua, e ha importanti applicazioni nella raffinazione del minerale, nei materiali per batterie, nei catalizzatori e in altri campi.<\/p>\n","protected":false},"featured_media":1001974,"comment_status":"open","ping_status":"closed","template":"","meta":{"_acf_changed":false},"product_brand":[],"product_cat":[200],"product_tag":[],"class_list":{"0":"post-1014922","1":"product","2":"type-product","3":"status-publish","4":"has-post-thumbnail","6":"product_cat-materiali-calcogenidici","8":"first","9":"instock","10":"shipping-taxable","11":"product-type-variable"},"acf":[],"_links":{"self":[{"href":"https:\/\/vimaterial.de\/it\/wp-json\/wp\/v2\/product\/1014922","targetHints":{"allow":["GET"]}}],"collection":[{"href":"https:\/\/vimaterial.de\/it\/wp-json\/wp\/v2\/product"}],"about":[{"href":"https:\/\/vimaterial.de\/it\/wp-json\/wp\/v2\/types\/product"}],"replies":[{"embeddable":true,"href":"https:\/\/vimaterial.de\/it\/wp-json\/wp\/v2\/comments?post=1014922"}],"wp:featuredmedia":[{"embeddable":true,"href":"https:\/\/vimaterial.de\/it\/wp-json\/wp\/v2\/media\/1001974"}],"wp:attachment":[{"href":"https:\/\/vimaterial.de\/it\/wp-json\/wp\/v2\/media?parent=1014922"}],"wp:term":[{"taxonomy":"product_brand","embeddable":true,"href":"https:\/\/vimaterial.de\/it\/wp-json\/wp\/v2\/product_brand?post=1014922"},{"taxonomy":"product_cat","embeddable":true,"href":"https:\/\/vimaterial.de\/it\/wp-json\/wp\/v2\/product_cat?post=1014922"},{"taxonomy":"product_tag","embeddable":true,"href":"https:\/\/vimaterial.de\/it\/wp-json\/wp\/v2\/product_tag?post=1014922"}],"curies":[{"name":"wp","href":"https:\/\/api.w.org\/{rel}","templated":true}]}}