{"id":1014916,"date":"2024-06-17T14:43:21","date_gmt":"2024-06-17T06:43:21","guid":{"rendered":"https:\/\/vimaterial.de\/product\/seleniuro-di-ferro\/"},"modified":"2025-04-16T14:25:08","modified_gmt":"2025-04-16T06:25:08","slug":"seleniuro-di-ferro","status":"publish","type":"product","link":"https:\/\/vimaterial.de\/it\/product\/seleniuro-di-ferro\/","title":{"rendered":"Seleniuro di ferro"},"content":{"rendered":"<p>I granuli di seleniuro di ferro sono un composto di particelle di ferro e selenio, solitamente nere o grigie, con propriet\u00e0 semiconduttive, che ha potenziali applicazioni nei campi dei materiali termoelettrici, della ricerca sui materiali superconduttori e dei dispositivi optoelettronici.<\/p>\n<p>VIMATERIAL fornisce granuli di seleniuro di ferro, i nostri granuli sono uniformi e stabili nella composizione, elevata purezza, durezza, controllabili nella dimensione delle particelle, ecc. E possiamo accettare prodotti ed esperimenti personalizzati, abbiamo un team di ricerca e sviluppo tecnico professionale, <span style=\"color: #0000ff;\"><a style=\"color: #0000ff;\" href=\"https:\/\/vimaterial.de\/en\/contact-us\/\">contattaci<\/a><\/span> ora. <\/p>\n<h2><span style=\"font-size: 14pt;\">Propriet\u00e0 fisiche<\/span><\/h2>\n<p>Formula molecolare: FeSe<\/p>\n<p>Peso molecolare: circa 134,75 g\/mol<\/p>\n<p>Aspetto: solitamente granuli neri<\/p>\n<p>Densit\u00e0: circa 4,8 g\/cm\u00b3.<\/p>\n<p>Punto di fusione: circa 950\u00b0C<\/p>\n<p>Struttura cristallina: Ha una tipica struttura cristallina esagonale e la disposizione degli atomi nel cristallo mostra periodicit\u00e0 e simmetria specifiche.<\/p>\n<h2><span style=\"font-size: 14pt;\">Applicazione<\/span><\/h2>\n<p>Ricerca sulla superconduttivit\u00e0: a causa delle sue propriet\u00e0 superconduttive a basse temperature, \u00e8 ampiamente utilizzato per esplorare il meccanismo della superconduttivit\u00e0 ad alta temperatura e per sviluppare nuovi materiali superconduttori.<\/p>\n<p>Accumulo di energia: le particelle di FeSe vengono utilizzate nella preparazione di materiali per elettrodi per batterie agli ioni di litio, dove le loro propriet\u00e0 uniche migliorano l&#8217;efficienza di carica e scarica e la stabilit\u00e0 ciclica delle batterie.<\/p>\n<p>Produzione di dispositivi elettronici: in base alle caratteristiche del semiconduttore, pu\u00f2 essere utilizzato nella produzione di transistor ad effetto di campo per ottenere un controllo efficace della corrente.<\/p>\n<p>Elaborazione catalitica: come catalizzatori, le particelle di FeSe possono essere utilizzate per ridurre l&#8217;energia di attivazione, accelerare i tassi di reazione e migliorare la selettivit\u00e0 in reazioni come la sintesi organica e l&#8217;idrogenazione.<\/p>\n<p>Sviluppo di materiali magnetici: le particelle di FeSe sono adatte per lo sviluppo di nuovi materiali magnetici, come i sensori magnetici, grazie alle loro speciali propriet\u00e0 magnetiche.<\/p>\n<h2><span style=\"font-size: 14pt;\">Controllo qualit\u00e0<\/span><\/h2>\n<p><span style=\"color: #0000ff;\"><a style=\"color: #0000ff;\" href=\"https:\/\/vimaterial.de\/en\/quality-control\/\">Ogni lotto<\/a><\/span> di prodotti protegge rigorosamente la qualit\u00e0, dalla selezione dei fornitori di materie prime, all&#8217;uso di apparecchiature di collaudo avanzate per monitorare accuratamente l&#8217;intero processo di produzione, al prodotto finito attraverso molti cicli di campionamento severo e certificazione autorevole di terze parti, per garantire che ogni lotto di prodotti soddisfi e superi gli elevati standard del settore con un tuttofare,  Sistema di controllo della qualit\u00e0 a tolleranza zero, per fornire ai nostri clienti la migliore qualit\u00e0 e i prodotti pi\u00f9 stabili.<\/p>\n<h2><span style=\"font-size: 14pt;\">Imballaggio e stoccaggio<\/span><\/h2>\n<p>I granuli di seleniuro di ferro sono confezionati in sacchetti sottovuoto o bottiglie sottovuoto in una scatola di cartone.<\/p>\n<p>I granuli di Ferro Seleniuro devono essere conservati in un ambiente asciutto, fresco e ben ventilato, evitando il contatto con aria, acqua e agenti fortemente ossidanti, ecc., per prevenire l&#8217;umidit\u00e0, l&#8217;ossidazione e possibili reazioni chimiche che potrebbero comprometterne le prestazioni e la stabilit\u00e0.<\/p>\n","protected":false},"excerpt":{"rendered":"<p>I granuli di seleniuro di ferro sono un composto di particelle di ferro e selenio, solitamente nere o grigie, con propriet\u00e0 semiconduttive, che ha potenziali applicazioni nei campi dei materiali termoelettrici, della ricerca sui materiali superconduttori e dei dispositivi optoelettronici.<\/p>\n","protected":false},"featured_media":1001996,"comment_status":"open","ping_status":"closed","template":"","meta":{"_acf_changed":false},"product_brand":[],"product_cat":[198],"product_tag":[],"class_list":{"0":"post-1014916","1":"product","2":"type-product","3":"status-publish","4":"has-post-thumbnail","6":"product_cat-materiali-per-levaporazione","8":"first","9":"instock","10":"shipping-taxable","11":"product-type-variable"},"acf":[],"_links":{"self":[{"href":"https:\/\/vimaterial.de\/it\/wp-json\/wp\/v2\/product\/1014916","targetHints":{"allow":["GET"]}}],"collection":[{"href":"https:\/\/vimaterial.de\/it\/wp-json\/wp\/v2\/product"}],"about":[{"href":"https:\/\/vimaterial.de\/it\/wp-json\/wp\/v2\/types\/product"}],"replies":[{"embeddable":true,"href":"https:\/\/vimaterial.de\/it\/wp-json\/wp\/v2\/comments?post=1014916"}],"wp:featuredmedia":[{"embeddable":true,"href":"https:\/\/vimaterial.de\/it\/wp-json\/wp\/v2\/media\/1001996"}],"wp:attachment":[{"href":"https:\/\/vimaterial.de\/it\/wp-json\/wp\/v2\/media?parent=1014916"}],"wp:term":[{"taxonomy":"product_brand","embeddable":true,"href":"https:\/\/vimaterial.de\/it\/wp-json\/wp\/v2\/product_brand?post=1014916"},{"taxonomy":"product_cat","embeddable":true,"href":"https:\/\/vimaterial.de\/it\/wp-json\/wp\/v2\/product_cat?post=1014916"},{"taxonomy":"product_tag","embeddable":true,"href":"https:\/\/vimaterial.de\/it\/wp-json\/wp\/v2\/product_tag?post=1014916"}],"curies":[{"name":"wp","href":"https:\/\/api.w.org\/{rel}","templated":true}]}}