{"id":1014899,"date":"2024-06-17T14:43:24","date_gmt":"2024-06-17T06:43:24","guid":{"rendered":"https:\/\/vimaterial.de\/product\/siliciuro-di-ferro-2\/"},"modified":"2025-04-16T14:23:39","modified_gmt":"2025-04-16T06:23:39","slug":"siliciuro-di-ferro-2","status":"publish","type":"product","link":"https:\/\/vimaterial.de\/it\/product\/siliciuro-di-ferro-2\/","title":{"rendered":"Siliciuro di ferro"},"content":{"rendered":"<p><span style=\"color: #0000ff;\"><a style=\"color: #0000ff;\" href=\"https:\/\/vimaterial.de\/en\/product\/iron-silicide-2\/\">Siliciuro di ferro<\/a> <\/span>La polvere \u00e8 una polvere grigia costituita da ferro e silicio con propriet\u00e0 semiconduttive e buona stabilit\u00e0 chimica, che svolge un ruolo importante nell&#8217;elettronica, nei materiali termoelettrici e nell&#8217;industria siderurgica.<\/p>\n<p>VIAMTERIAL fornisce polvere di siliciuro di ferro. Le nostre polveri sono caratterizzate da elevata purezza, granulometria omogenea, buona scorrevolezza e stabilit\u00e0 chimica e supportiamo l&#8217;imballaggio e l&#8217;ordinazione di piccoli lotti. Abbiamo un team di ricerca e sviluppo tecnico professionale, accettiamo la personalizzazione e la sperimentazione del prodotto, non esitate <span style=\"color: #0000ff;\"><a style=\"color: #0000ff;\" href=\"https:\/\/vimaterial.de\/en\/contact-us\/\">a contattarci.<\/a><\/span>  <\/p>\n<h2><span style=\"font-size: 14pt;\">Propriet\u00e0 fisiche<\/span><\/h2>\n<p>Formula molecolare: FeSi2<\/p>\n<p>Peso molecolare: circa 112.015<\/p>\n<p>Aspetto: polvere grigia, di colore scuro.<\/p>\n<p>Densit\u00e0: circa 4,79<\/p>\n<p>Punto di fusione: circa 1220\u00b0C<\/p>\n<p>Struttura cristallina: Struttura ortorombica, che ha un&#8217;influenza importante sulle sue propriet\u00e0.<\/p>\n<h2><span style=\"font-size: 14pt;\">Applicazioni<\/span><\/h2>\n<p>Campo della metallurgia del ferro e dell&#8217;acciaio: la polvere di siliciuro di ferro come importante disossidante e agente legante aggiunto all&#8217;acciaio, pu\u00f2 rimuovere efficacemente l&#8217;ossigeno nell&#8217;acciaio, migliorare la qualit\u00e0 dell&#8217;acciaio e regolare la composizione e le propriet\u00e0 dell&#8217;acciaio, migliorare la resistenza e la durezza e altre propriet\u00e0 meccaniche dell&#8217;acciaio, ampiamente utilizzate nel processo di produzione di vari tipi di acciaio.<\/p>\n<p>Industria elettronica: con le sue propriet\u00e0 semiconduttrici, la polvere di siliciuro di ferro viene utilizzata nella produzione di componenti elettronici, come termistori, varistori, ecc., risposta sensibile ai segnali elettronici e alla regolazione, svolgendo un ruolo chiave nel controllo dei circuiti e nell&#8217;elaborazione del segnale delle apparecchiature elettroniche, per soddisfare la domanda di miniaturizzazione e alte prestazioni dei prodotti elettronici.<\/p>\n<p>Campo solare fotovoltaico: la polvere di siliciuro di ferro ha potenziali applicazioni nelle celle solari, le sue propriet\u00e0 fotoelettriche uniche aiutano a migliorare l&#8217;efficienza di conversione dell&#8217;energia solare, l&#8217;energia della luce del sole in energia elettrica, per lo sviluppo e l&#8217;uso di energia pulita offre un nuovo modo e possibilit\u00e0 per promuovere lo sviluppo dell&#8217;industria solare fotovoltaica.<\/p>\n<h2><span style=\"font-size: 14pt;\">Controllo qualit\u00e0<\/span><\/h2>\n<p><span style=\"color: #0000ff;\"><a style=\"color: #0000ff;\" href=\"https:\/\/vimaterial.de\/en\/quality-control\/\">Il controllo di qualit\u00e0<\/a><\/span> di ogni lotto di prodotti viene effettuato durante l&#8217;intero processo di approvvigionamento delle materie prime, produzione e lavorazione, test e ispezione e imballaggio, seguendo rigorosamente gli standard internazionali e le norme del settore. Disponiamo di apparecchiature di collaudo avanzate, team di controllo qualit\u00e0 professionale e rigoroso sistema di controllo della qualit\u00e0 per garantire la qualit\u00e0 del prodotto. <\/p>\n<h2><span style=\"font-size: 14pt;\">Imballaggio e stoccaggio<\/span><\/h2>\n<p>La polvere di siliciuro di ferro \u00e8 confezionata in un sacchetto sottovuoto a doppio strato o in una bottiglia sottovuoto a doppio strato e la confezione esterna \u00e8 confezionata in una scatola di cartone.<\/p>\n<p>La polvere di siliciuro di ferro deve essere conservata in un ambiente asciutto, fresco e ben ventilato, sigillata, evitando il contatto con acqua, acidi forti, basi forti e forti ossidanti e prevenendo l&#8217;umidit\u00e0 e le impurit\u00e0, e deve essere posizionata correttamente in conformit\u00e0 con le disposizioni pertinenti per lo stoccaggio di sostanze chimiche pericolose.<\/p>\n","protected":false},"excerpt":{"rendered":"<p><span style=\"color: #0000ff;\"><a style=\"color: #0000ff;\" href=\"https:\/\/vimaterial.de\/en\/product\/iron-silicide-2\/\">Siliciuro di ferro<\/a> <\/span>La polvere \u00e8 una polvere grigia costituita da ferro e silicio con propriet\u00e0 semiconduttive e buona stabilit\u00e0 chimica, che svolge un ruolo importante nell&#8217;elettronica, nei materiali termoelettrici e nell&#8217;industria siderurgica.<\/p>\n","protected":false},"featured_media":1002003,"comment_status":"open","ping_status":"closed","template":"","meta":{"_acf_changed":false},"product_brand":[],"product_cat":[202],"product_tag":[],"class_list":{"0":"post-1014899","1":"product","2":"type-product","3":"status-publish","4":"has-post-thumbnail","6":"product_cat-materiali-c-n-b-si","8":"first","9":"instock","10":"shipping-taxable","11":"purchasable","12":"product-type-variable"},"acf":[],"_links":{"self":[{"href":"https:\/\/vimaterial.de\/it\/wp-json\/wp\/v2\/product\/1014899","targetHints":{"allow":["GET"]}}],"collection":[{"href":"https:\/\/vimaterial.de\/it\/wp-json\/wp\/v2\/product"}],"about":[{"href":"https:\/\/vimaterial.de\/it\/wp-json\/wp\/v2\/types\/product"}],"replies":[{"embeddable":true,"href":"https:\/\/vimaterial.de\/it\/wp-json\/wp\/v2\/comments?post=1014899"}],"wp:featuredmedia":[{"embeddable":true,"href":"https:\/\/vimaterial.de\/it\/wp-json\/wp\/v2\/media\/1002003"}],"wp:attachment":[{"href":"https:\/\/vimaterial.de\/it\/wp-json\/wp\/v2\/media?parent=1014899"}],"wp:term":[{"taxonomy":"product_brand","embeddable":true,"href":"https:\/\/vimaterial.de\/it\/wp-json\/wp\/v2\/product_brand?post=1014899"},{"taxonomy":"product_cat","embeddable":true,"href":"https:\/\/vimaterial.de\/it\/wp-json\/wp\/v2\/product_cat?post=1014899"},{"taxonomy":"product_tag","embeddable":true,"href":"https:\/\/vimaterial.de\/it\/wp-json\/wp\/v2\/product_tag?post=1014899"}],"curies":[{"name":"wp","href":"https:\/\/api.w.org\/{rel}","templated":true}]}}