{"id":1014876,"date":"2024-06-17T14:44:10","date_gmt":"2024-06-17T06:44:10","guid":{"rendered":"https:\/\/vimaterial.de\/product\/ferro-silicio-boro\/"},"modified":"2025-04-16T14:19:35","modified_gmt":"2025-04-16T06:19:35","slug":"ferro-silicio-boro","status":"publish","type":"product","link":"https:\/\/vimaterial.de\/it\/product\/ferro-silicio-boro\/","title":{"rendered":"Ferro Silicio Boro"},"content":{"rendered":"<p>L&#8217;obiettivo sputtering del ferro e del silicio boro \u00e8 un tipo di bersaglio della lega composto da ferro, silicio e boro, che viene utilizzato nel processo di deposizione fisica del vapore, durante lo sputtering, pu\u00f2 far depositare gli atomi di ferro, silicio e boro sul substrato per formare un film sottile con alta permeabilit\u00e0, bassa coercitivit\u00e0, buone propriet\u00e0 magnetiche morbide e stabilit\u00e0 termica,  che \u00e8 stato ampiamente utilizzato nei campi dei materiali magnetici, dei componenti elettronici e cos\u00ec via.<\/p>\n<p>VIMATERIAL fornisce bersagli sputtering ferro silicio boro, i nostri bersagli sputtering ferro silicio boro presentano i vantaggi di elevata purezza, buona densit\u00e0, buona struttura cristallina, eccellenti propriet\u00e0 del film sottile, elevata precisione dimensionale, alta efficienza sputtering e siamo in grado di fornire un servizio di legatura, possiamo accettare la personalizzazione dei prodotti e degli esperimenti. <span style=\"color: #0000ff;\"><a style=\"color: #0000ff;\" href=\"https:\/\/vimaterial.de\/en\/contact-us\/\">Contattateci<\/a><\/span> per ulteriori informazioni. <\/p>\n<h2><span style=\"font-size: 14pt;\">Propriet\u00e0 fisiche<\/span><\/h2>\n<p>Formula molecolare: FeSiB<\/p>\n<p>Aspetto: lucentezza metallica grigio argento, materiale target con superficie liscia.<\/p>\n<p>Densit\u00e0: circa 7 &#8211; 8 g\/cm\u00b3.<\/p>\n<p>Punto di fusione: all&#8217;incirca nell&#8217;intervallo 1200 &#8211; 1400\u00b0C<\/p>\n<h2><span style=\"font-size: 14pt;\">Applicazioni<\/span><\/h2>\n<p>Campo elettronico: utilizzato nella produzione di nuclei di trasformatori, induttori e altri componenti elettronici, per migliorare l&#8217;efficienza della conversione elettromagnetica.<\/p>\n<p>Campo di potenza: utilizzato nei trasformatori di potenza per ridurre la perdita del nucleo e migliorare l&#8217;efficienza della trasmissione di potenza.<\/p>\n<p>Campo di comunicazione: come componente magnetico nelle apparecchiature di comunicazione, per garantire la stabilit\u00e0 e la qualit\u00e0 della trasmissione del segnale.<\/p>\n<h2><span style=\"font-size: 14pt;\">Controllo qualit\u00e0<\/span><\/h2>\n<p><span style=\"color: #0000ff;\"><a style=\"color: #0000ff;\" href=\"https:\/\/vimaterial.de\/en\/quality-control\/\">Il controllo di qualit\u00e0<\/a><\/span> dei nostri prodotti \u00e8 molto rigoroso, dalla selezione di materie prime stabili e di elevata purezza, all&#8217;uso di attrezzature di precisione avanzate e tecnologia rigorosa durante il controllo preciso del processo di produzione, all&#8217;uso di metodi di test professionali sulle propriet\u00e0 fisiche, chimiche, microstrutturali e di altro tipo del prodotto dell&#8217;intera gamma di test approfonditi,  Ogni collegamento \u00e8 rigorosamente seguire gli standard internazionali elevati, per garantire che ogni lotto di materiali consegnato con qualit\u00e0 e stabilit\u00e0 eccellenti, per fornire ai clienti una garanzia di qualit\u00e0 solida e affidabile. Ci impegniamo a garantire che ogni lotto di materiali consegnato abbia un&#8217;eccellente qualit\u00e0 e stabilit\u00e0, fornendo ai clienti una garanzia di qualit\u00e0 solida e affidabile. <\/p>\n<h2><span style=\"font-size: 14pt;\">Imballaggio e stoccaggio<\/span><\/h2>\n<p>I bersagli sputtering ferro silicio boro sono confezionati in sacchetti e scatole sottovuoto doppi e l&#8217;esterno \u00e8 confezionato in cartoni.<\/p>\n<p>I bersagli sputtering ferro silicio boro devono essere conservati in un ambiente asciutto e ben ventilato a una temperatura stabile, protetti dall&#8217;umidit\u00e0 e dalle sostanze corrosive e protetti da violenti impatti fisici per mantenere la stabilit\u00e0 delle loro propriet\u00e0 fisiche e chimiche.<\/p>\n","protected":false},"excerpt":{"rendered":"<p>L&#8217;obiettivo sputtering del ferro e del silicio boro \u00e8 un tipo di bersaglio della lega composto da ferro, silicio e boro, che viene utilizzato nel processo di deposizione fisica del vapore, durante lo sputtering, pu\u00f2 far depositare gli atomi di ferro, silicio e boro sul substrato per formare un film sottile con alta permeabilit\u00e0, bassa coercitivit\u00e0, buone propriet\u00e0 magnetiche morbide e stabilit\u00e0 termica,  che \u00e8 stato ampiamente utilizzato nei campi dei materiali magnetici, dei componenti elettronici e cos\u00ec via.<\/p>\n","protected":false},"featured_media":1002010,"comment_status":"open","ping_status":"closed","template":"","meta":{"_acf_changed":false},"product_brand":[],"product_cat":[197],"product_tag":[],"class_list":{"0":"post-1014876","1":"product","2":"type-product","3":"status-publish","4":"has-post-thumbnail","6":"product_cat-obiettivi-di-sputtering-planari","8":"first","9":"instock","10":"shipping-taxable","11":"product-type-variable"},"acf":[],"_links":{"self":[{"href":"https:\/\/vimaterial.de\/it\/wp-json\/wp\/v2\/product\/1014876","targetHints":{"allow":["GET"]}}],"collection":[{"href":"https:\/\/vimaterial.de\/it\/wp-json\/wp\/v2\/product"}],"about":[{"href":"https:\/\/vimaterial.de\/it\/wp-json\/wp\/v2\/types\/product"}],"replies":[{"embeddable":true,"href":"https:\/\/vimaterial.de\/it\/wp-json\/wp\/v2\/comments?post=1014876"}],"wp:featuredmedia":[{"embeddable":true,"href":"https:\/\/vimaterial.de\/it\/wp-json\/wp\/v2\/media\/1002010"}],"wp:attachment":[{"href":"https:\/\/vimaterial.de\/it\/wp-json\/wp\/v2\/media?parent=1014876"}],"wp:term":[{"taxonomy":"product_brand","embeddable":true,"href":"https:\/\/vimaterial.de\/it\/wp-json\/wp\/v2\/product_brand?post=1014876"},{"taxonomy":"product_cat","embeddable":true,"href":"https:\/\/vimaterial.de\/it\/wp-json\/wp\/v2\/product_cat?post=1014876"},{"taxonomy":"product_tag","embeddable":true,"href":"https:\/\/vimaterial.de\/it\/wp-json\/wp\/v2\/product_tag?post=1014876"}],"curies":[{"name":"wp","href":"https:\/\/api.w.org\/{rel}","templated":true}]}}