{"id":1014869,"date":"2024-06-17T14:43:25","date_gmt":"2024-06-17T06:43:25","guid":{"rendered":"https:\/\/vimaterial.de\/product\/siliciuro-di-ferro\/"},"modified":"2025-04-16T14:21:17","modified_gmt":"2025-04-16T06:21:17","slug":"siliciuro-di-ferro","status":"publish","type":"product","link":"https:\/\/vimaterial.de\/it\/product\/siliciuro-di-ferro\/","title":{"rendered":"Siliciuro di ferro"},"content":{"rendered":"<p>Il bersaglio sputtering del <span style=\"color: #0000ff;\"><a style=\"color: #0000ff;\" href=\"https:\/\/vimaterial.de\/en\/product\/iron-silicide\/\">siliciuro di ferro<\/a> <\/span>\u00e8 un bersaglio composto principalmente da ferro e silicio, che viene utilizzato per la deposizione fisica da vapore. Durante il processo di sputtering, gli atomi di ferro e silicio vengono depositati sul substrato per formare film sottili con alto punto di fusione, buona stabilit\u00e0 chimica e propriet\u00e0 elettriche specifiche, importanti nel campo dei semiconduttori e dei dispositivi elettronici. <\/p>\n<p>VIMATERIAL fornisce bersagli sputtering al siliciuro di ferro, i nostri bersagli sputtering al siliciuro di ferro presentano i vantaggi di elevata purezza, buona densit\u00e0, buona struttura cristallina, eccellenti propriet\u00e0 del film sottile, elevata precisione dimensionale e alta efficienza sputtering e siamo in grado di fornire un servizio di legatura, possiamo accettare la personalizzazione e gli esperimenti del prodotto, vi preghiamo di <span style=\"color: #0000ff;\"><a style=\"color: #0000ff;\" href=\"https:\/\/vimaterial.de\/en\/contact-us\/\">contattarci.<\/a><\/span><\/p>\n<h2><span style=\"font-size: 14pt;\">Propriet\u00e0 fisiche<\/span><\/h2>\n<p>Formula molecolare: FeSi\u2082<\/p>\n<p>Peso molecolare: 119,975<\/p>\n<p>Aspetto: polvere grigia o bersaglio argentato<\/p>\n<p>Densit\u00e0: circa 4,79 g\/cm\u00b3<\/p>\n<p>Punto di fusione: circa 1410\u00b0C<\/p>\n<p>Struttura cristallina: Sistema cristallino tetragonale<\/p>\n<h2><span style=\"font-size: 14pt;\">Applicazioni<\/span><\/h2>\n<p>Campo dei semiconduttori: utilizzati come elettrodi di contatto nella produzione di transistor a base di silicio nei circuiti integrati per migliorare le prestazioni elettriche e la stabilit\u00e0 dei dispositivi.<\/p>\n<p>Campo fotovoltaico: utilizzato come materiale dello strato di contatto per celle solari a base di silicio per ridurre la resistenza e migliorare l&#8217;efficienza di conversione delle celle.<\/p>\n<p>Campo dei dispositivi elettronici: utilizzato nello strato di contatto ohmico dei componenti elettronici per garantire l&#8217;elevata efficienza e affidabilit\u00e0 della trasmissione elettronica.<\/p>\n<h2><span style=\"font-size: 14pt;\">Controllo qualit\u00e0<\/span><\/h2>\n<p><span style=\"color: #0000ff;\"><a style=\"color: #0000ff;\" href=\"https:\/\/vimaterial.de\/en\/quality-control\/\">Il controllo di qualit\u00e0<\/a><\/span> dei nostri prodotti \u00e8 molto rigoroso, dalla selezione di materie prime stabili e di elevata purezza, all&#8217;uso di attrezzature di precisione avanzate e tecnologia rigorosa durante il controllo preciso del processo di produzione, all&#8217;uso di metodi di test professionali sulle propriet\u00e0 fisiche, chimiche, microstrutturali e di altro tipo del prodotto dell&#8217;intera gamma di test approfonditi,  Ogni collegamento \u00e8 rigorosamente seguire gli standard internazionali elevati, per garantire che ogni lotto di materiali consegnato con qualit\u00e0 e stabilit\u00e0 eccellenti, per fornire ai clienti una garanzia di qualit\u00e0 solida e affidabile. Ci impegniamo a garantire che ogni lotto di materiali consegnato abbia un&#8217;eccellente qualit\u00e0 e stabilit\u00e0, fornendo ai clienti una garanzia di qualit\u00e0 solida e affidabile. <\/p>\n<h2><span style=\"font-size: 14pt;\">Imballaggio e stoccaggio<\/span><\/h2>\n<p>I bersagli sputtering di siliciuro di ferro sono confezionati in sacchetti e scatole sottovuoto a doppio strato e l&#8217;esterno \u00e8 imballato in scatole di cartone.<\/p>\n<p>I bersagli sputtering di siliciuro di ferro devono essere conservati in un ambiente asciutto, fresco e ben ventilato, evitando l&#8217;umidit\u00e0 e il contatto con sostanze chimiche corrosive, oltre a prevenire che i bersagli siano sottoposti a urti violenti e rapidi sbalzi di temperatura.<\/p>\n","protected":false},"excerpt":{"rendered":"<p>Il bersaglio sputtering del <span style=\"color: #0000ff;\"><a style=\"color: #0000ff;\" href=\"https:\/\/vimaterial.de\/en\/product\/iron-silicide\/\">siliciuro di ferro<\/a> <\/span>\u00e8 un bersaglio composto principalmente da ferro e silicio, che viene utilizzato per la deposizione fisica da vapore. Durante il processo di sputtering, gli atomi di ferro e silicio vengono depositati sul substrato per formare film sottili con alto punto di fusione, buona stabilit\u00e0 chimica e propriet\u00e0 elettriche specifiche, importanti nel campo dei semiconduttori e dei dispositivi elettronici. <\/p>\n","protected":false},"featured_media":1040845,"comment_status":"open","ping_status":"closed","template":"","meta":{"_acf_changed":false},"product_brand":[],"product_cat":[197],"product_tag":[],"class_list":{"0":"post-1014869","1":"product","2":"type-product","3":"status-publish","4":"has-post-thumbnail","6":"product_cat-obiettivi-di-sputtering-planari","8":"first","9":"instock","10":"shipping-taxable","11":"product-type-variable"},"acf":[],"_links":{"self":[{"href":"https:\/\/vimaterial.de\/it\/wp-json\/wp\/v2\/product\/1014869","targetHints":{"allow":["GET"]}}],"collection":[{"href":"https:\/\/vimaterial.de\/it\/wp-json\/wp\/v2\/product"}],"about":[{"href":"https:\/\/vimaterial.de\/it\/wp-json\/wp\/v2\/types\/product"}],"replies":[{"embeddable":true,"href":"https:\/\/vimaterial.de\/it\/wp-json\/wp\/v2\/comments?post=1014869"}],"wp:featuredmedia":[{"embeddable":true,"href":"https:\/\/vimaterial.de\/it\/wp-json\/wp\/v2\/media\/1040845"}],"wp:attachment":[{"href":"https:\/\/vimaterial.de\/it\/wp-json\/wp\/v2\/media?parent=1014869"}],"wp:term":[{"taxonomy":"product_brand","embeddable":true,"href":"https:\/\/vimaterial.de\/it\/wp-json\/wp\/v2\/product_brand?post=1014869"},{"taxonomy":"product_cat","embeddable":true,"href":"https:\/\/vimaterial.de\/it\/wp-json\/wp\/v2\/product_cat?post=1014869"},{"taxonomy":"product_tag","embeddable":true,"href":"https:\/\/vimaterial.de\/it\/wp-json\/wp\/v2\/product_tag?post=1014869"}],"curies":[{"name":"wp","href":"https:\/\/api.w.org\/{rel}","templated":true}]}}