{"id":1014854,"date":"2024-06-17T14:44:14","date_gmt":"2024-06-17T06:44:14","guid":{"rendered":"https:\/\/vimaterial.de\/product\/ossido-di-ferro-e-titanio-ilemnite-2\/"},"modified":"2025-04-16T14:17:46","modified_gmt":"2025-04-16T06:17:46","slug":"ossido-di-ferro-e-titanio-ilemnite-2","status":"publish","type":"product","link":"https:\/\/vimaterial.de\/it\/product\/ossido-di-ferro-e-titanio-ilemnite-2\/","title":{"rendered":"Ossido di ferro titanio (ilemnite)"},"content":{"rendered":"<p>Il bersaglio sputtering di <span style=\"color: #0000ff;\"><a style=\"color: #0000ff;\" href=\"https:\/\/vimaterial.de\/en\/product\/iron-titanate\/\">ossido di ferro e titanio <\/a><\/span>\u00e8 un materiale composto da ferro, titanio e ossigeno, utilizzato principalmente nella deposizione fisica da vapore, nel processo di sputtering possono essere particelle relative a ferro, titanio e ossigeno depositate sul substrato per formare un film sottile, questo bersaglio ha buone propriet\u00e0 ottiche, elettriche e magnetiche, nel campo dei dispositivi ottici,  Le apparecchiature elettroniche, i materiali magnetici e altri campi hanno una vasta gamma di applicazioni.<\/p>\n<p>VIMATERIAL fornisce bersagli sputtering in ossido di ferro e titanio, i nostri target sputtering in ossido di ferro e titanio presentano i vantaggi di elevata purezza, buona densit\u00e0, buona struttura cristallina, eccellenti propriet\u00e0 del film sottile, elevata precisione dimensionale, elevata efficienza sputtering e siamo in grado di fornire il servizio di legatura, possiamo accettare la personalizzazione di prodotti ed esperimenti, vi preghiamo di contattarci presto. Possiamo accettare prodotti personalizzati ed esperimenti, <span style=\"color: #0000ff;\"><a style=\"color: #0000ff;\" href=\"https:\/\/vimaterial.de\/en\/contact-us\/\">vi preghiamo di contattarci<\/a><\/span> presto. <\/p>\n<h2><span style=\"font-size: 14pt;\">Propriet\u00e0 fisiche<\/span><\/h2>\n<p>Formula molecolare: FeTiO\u2083<\/p>\n<p>Peso molecolare: circa 152 g\/mol<\/p>\n<p>Aspetto: solitamente grigio scuro o materiale bersaglio nero<\/p>\n<p>Densit\u00e0: circa 4 &#8211; 5 g\/cm\u00b3.<\/p>\n<p>Punto di fusione: Alto, circa 1300 &#8211; 1500\u00b0C<\/p>\n<p>Struttura cristallina: struttura comune di tipo ilmenite, appartiene al sistema cristallino tripartito, in cui gli ioni ferro e titanio hanno una disposizione specifica nella posizione del cristallo, questa struttura ha un&#8217;influenza importante sulle sue propriet\u00e0 fisiche e chimiche.<\/p>\n<h2><span style=\"font-size: 14pt;\">Applicazioni<\/span><\/h2>\n<p>Campo ottico: utilizzato nella produzione di rivestimenti per lenti ottiche per migliorare la trasmissione della luce e la resistenza all&#8217;usura delle lenti per soddisfare le esigenze degli strumenti ottici.<\/p>\n<p>Elettronica: Utilizzato come materiale per elettrodi nei dispositivi elettronici per garantire il funzionamento stabile dei circuiti in virt\u00f9 delle sue propriet\u00e0 elettriche.<\/p>\n<p>Campo di registrazione magnetico: utilizzato nei dischi magnetici e in altri supporti di memorizzazione, utilizzando le sue propriet\u00e0 magnetiche per migliorare la densit\u00e0 e l&#8217;affidabilit\u00e0 dell&#8217;archiviazione dei dati.<\/p>\n<h2><span style=\"font-size: 14pt;\">Controllo qualit\u00e0<\/span><\/h2>\n<p><span style=\"color: #0000ff;\"><a style=\"color: #0000ff;\" href=\"https:\/\/vimaterial.de\/en\/quality-control\/\">Il controllo di qualit\u00e0<\/a><\/span> dei nostri prodotti \u00e8 molto rigoroso, dalla selezione di materie prime stabili e di elevata purezza, all&#8217;uso di attrezzature di precisione avanzate e tecnologia rigorosa durante il controllo preciso del processo di produzione, all&#8217;uso di metodi di test professionali sulle propriet\u00e0 fisiche, chimiche, microstrutturali e di altro tipo del prodotto dell&#8217;intera gamma di test approfonditi,  Ogni collegamento \u00e8 rigorosamente seguire gli standard internazionali elevati, per garantire che ogni lotto di materiali consegnato con qualit\u00e0 e stabilit\u00e0 eccellenti, per fornire ai clienti una garanzia di qualit\u00e0 solida e affidabile. Ci impegniamo a garantire che ogni lotto di materiali consegnato abbia un&#8217;eccellente qualit\u00e0 e stabilit\u00e0, fornendo ai clienti una garanzia di qualit\u00e0 solida e affidabile. <\/p>\n<h2><span style=\"font-size: 14pt;\">Imballaggio e stoccaggio<\/span><\/h2>\n<p>I bersagli sputtering di ossido di ferro e titanio sono confezionati in sacchetti e scatole sottovuoto a doppio strato e l&#8217;esterno \u00e8 confezionato in cartoni.<\/p>\n<p>I bersagli sputtering di ossido di ferro e titanio devono essere conservati in un ambiente asciutto, fresco e ben ventilato per evitare l&#8217;umidit\u00e0 e il contatto con sostanze fortemente corrosive e allo stesso tempo per garantire che la temperatura dell&#8217;ambiente di stoccaggio sia relativamente stabile, per evitare danni al bersaglio dovuti a eccessivi sbalzi di temperatura.<\/p>\n","protected":false},"excerpt":{"rendered":"<p>Il bersaglio sputtering di <span style=\"color: #0000ff;\"><a style=\"color: #0000ff;\" href=\"https:\/\/vimaterial.de\/en\/product\/iron-titanate\/\">ossido di ferro e titanio <\/a><\/span>\u00e8 un materiale composto da ferro, titanio e ossigeno, utilizzato principalmente nella deposizione fisica da vapore, nel processo di sputtering possono essere particelle relative a ferro, titanio e ossigeno depositate sul substrato per formare un film sottile, questo bersaglio ha buone propriet\u00e0 ottiche, elettriche e magnetiche, nel campo dei dispositivi ottici,  Le apparecchiature elettroniche, i materiali magnetici e altri campi hanno una vasta gamma di applicazioni.<\/p>\n","protected":false},"featured_media":1002023,"comment_status":"open","ping_status":"closed","template":"","meta":{"_acf_changed":false},"product_brand":[],"product_cat":[197],"product_tag":[],"class_list":{"0":"post-1014854","1":"product","2":"type-product","3":"status-publish","4":"has-post-thumbnail","6":"product_cat-obiettivi-di-sputtering-planari","8":"first","9":"instock","10":"shipping-taxable","11":"product-type-variable"},"acf":[],"_links":{"self":[{"href":"https:\/\/vimaterial.de\/it\/wp-json\/wp\/v2\/product\/1014854","targetHints":{"allow":["GET"]}}],"collection":[{"href":"https:\/\/vimaterial.de\/it\/wp-json\/wp\/v2\/product"}],"about":[{"href":"https:\/\/vimaterial.de\/it\/wp-json\/wp\/v2\/types\/product"}],"replies":[{"embeddable":true,"href":"https:\/\/vimaterial.de\/it\/wp-json\/wp\/v2\/comments?post=1014854"}],"wp:featuredmedia":[{"embeddable":true,"href":"https:\/\/vimaterial.de\/it\/wp-json\/wp\/v2\/media\/1002023"}],"wp:attachment":[{"href":"https:\/\/vimaterial.de\/it\/wp-json\/wp\/v2\/media?parent=1014854"}],"wp:term":[{"taxonomy":"product_brand","embeddable":true,"href":"https:\/\/vimaterial.de\/it\/wp-json\/wp\/v2\/product_brand?post=1014854"},{"taxonomy":"product_cat","embeddable":true,"href":"https:\/\/vimaterial.de\/it\/wp-json\/wp\/v2\/product_cat?post=1014854"},{"taxonomy":"product_tag","embeddable":true,"href":"https:\/\/vimaterial.de\/it\/wp-json\/wp\/v2\/product_tag?post=1014854"}],"curies":[{"name":"wp","href":"https:\/\/api.w.org\/{rel}","templated":true}]}}