{"id":1014852,"date":"2024-06-17T14:40:46","date_gmt":"2024-06-17T06:40:46","guid":{"rendered":"https:\/\/vimaterial.de\/product\/ossido-di-ferro-e-titanio-ilemnite\/"},"modified":"2025-04-17T09:50:39","modified_gmt":"2025-04-17T01:50:39","slug":"ossido-di-ferro-e-titanio-ilemnite","status":"publish","type":"product","link":"https:\/\/vimaterial.de\/it\/product\/ossido-di-ferro-e-titanio-ilemnite\/","title":{"rendered":"Ossido di ferro titanio (ilemnite)"},"content":{"rendered":"<p>La polvere di <span style=\"color: #0000ff;\"><a style=\"color: #0000ff;\" href=\"https:\/\/vimaterial.de\/en\/product\/iron-titanium-oxide-ilemnite\/\">ossido di ferro e titanio<\/a> <\/span>\u00e8 un composto di ferro, titanio e ossigeno in un&#8217;ampia gamma di colori con buona stabilit\u00e0 chimica, propriet\u00e0 fotocatalitiche e alcune propriet\u00e0 magnetiche, che hanno potenziali applicazioni in pigmenti, fotocatalizzatori e materiali magnetici.<\/p>\n<p>VIMATERIAl offre polveri di Ossido di Ferro Titanio. Le nostre polveri di ossido di ferro e titanio presentano i vantaggi di una granulometria uniforme, un basso contenuto di impurit\u00e0, un&#8217;elevata stabilit\u00e0 chimica e buone prestazioni nelle applicazioni. Abbiamo un team di ricerca e sviluppo tecnologico professionale, accettiamo personalizzato e sperimentale, se hai bisogno ti preghiamo<span style=\"color: #0000ff;\"> di<a style=\"color: #0000ff;\" href=\"https:\/\/vimaterial.de\/en\/contact-us\/\">contattarci<\/a><\/span>.  <\/p>\n<h2><span style=\"font-size: 14pt;\">Propriet\u00e0 fisiche<\/span><\/h2>\n<p>Formula molecolare: FeTiO\u2083<\/p>\n<p>Peso molecolare: 151,7102<\/p>\n<p>Aspetto: polvere grigia<\/p>\n<p>Densit\u00e0: 4,784 g\/mL (25 \u00b0C)<\/p>\n<h2><span style=\"font-size: 14pt;\">Applicazione<\/span><\/h2>\n<p>Pigmento: le polveri di ossido di ferro e titanio sono ampiamente utilizzate come pigmenti in vernici, plastica, carta e altri prodotti per fornire colori vivaci e di lunga durata grazie alle loro propriet\u00e0 chimiche stabili e al colore unico.<\/p>\n<p>Fotocatalisi: Grazie alle loro propriet\u00e0 fotocatalitiche, le polveri sono in grado di decomporre gli inquinanti organici e uccidere i batteri in condizioni di luce, e possono essere utilizzate nel trattamento delle acque reflue, nella purificazione dell&#8217;aria e nella preparazione di materiali autopulenti.<\/p>\n<p>Materiali magnetici: Grazie alle loro propriet\u00e0 magnetiche, le polveri di ossido di ferro e titanio possono essere utilizzate nella preparazione di materiali di registrazione magnetica, sensori magnetici e altre applicazioni magnetiche come l&#8217;archiviazione e il rilevamento di informazioni.<\/p>\n<p>Ceramica: come additivo ceramico, pu\u00f2 migliorare le propriet\u00e0 meccaniche, la resistenza al calore e la stabilit\u00e0 chimica della ceramica, in modo che i prodotti ceramici possano mantenere buone prestazioni ad alta temperatura, corrosione e altri ambienti difficili, comunemente usati nella produzione di ceramiche industriali e ceramiche speciali.<\/p>\n<h2><span style=\"font-size: 14pt;\">Controllo qualit\u00e0<\/span><\/h2>\n<p><span style=\"color: #0000ff;\"><a style=\"color: #0000ff;\" href=\"https:\/\/vimaterial.de\/en\/quality-control\/\">Ogni lotto<\/a><\/span> dei nostri prodotti parte dall&#8217;attenta selezione delle materie prime e passa attraverso diversi processi avanzati, con un rigoroso controllo dei parametri e un monitoraggio in tempo reale in ogni fase. L&#8217;intero processo di produzione segue il sistema internazionale di gestione della qualit\u00e0 e l&#8217;uso di apparecchiature di collaudo ad alta precisione esegue test di precisione a tutto tondo della distribuzione granulometrica, della purezza, del contenuto di impurit\u00e0 e di altri indicatori chiave, senza risparmiare piccoli difetti, al fine di garantire la qualit\u00e0 di ogni lotto di prodotti. <\/p>\n<h2><span style=\"font-size: 14pt;\">Imballaggio e stoccaggio<\/span><\/h2>\n<p>Le polveri di Ossido di Ferro Titanio sono confezionate in sacchetti o flaconi e cartoni sottovuoto doppi.<\/p>\n<p>La polvere di ossido di ferro e titanio deve essere conservata in un ambiente asciutto, fresco e ben ventilato, evitando umidit\u00e0, alte temperature e luce intensa, e deve essere sigillata per evitare il contatto con sostanze corrosive come acidi e alcali, al fine di mantenere la stabilit\u00e0 delle sue propriet\u00e0 chimiche e fisiche.<\/p>\n","protected":false},"excerpt":{"rendered":"<p>La polvere di <span style=\"color: #0000ff;\"><a style=\"color: #0000ff;\" href=\"https:\/\/vimaterial.de\/en\/product\/iron-titanium-oxide-ilemnite\/\">ossido di ferro e titanio<\/a> <\/span>\u00e8 un composto di ferro, titanio e ossigeno in un&#8217;ampia gamma di colori con buona stabilit\u00e0 chimica, propriet\u00e0 fotocatalitiche e alcune propriet\u00e0 magnetiche, che hanno potenziali applicazioni in pigmenti, fotocatalizzatori e materiali magnetici.<\/p>\n","protected":false},"featured_media":1002023,"comment_status":"open","ping_status":"closed","template":"","meta":{"_acf_changed":false},"product_brand":[],"product_cat":[206],"product_tag":[],"class_list":{"0":"post-1014852","1":"product","2":"type-product","3":"status-publish","4":"has-post-thumbnail","6":"product_cat-altri-materiali","8":"first","9":"instock","10":"shipping-taxable","11":"product-type-variable"},"acf":[],"_links":{"self":[{"href":"https:\/\/vimaterial.de\/it\/wp-json\/wp\/v2\/product\/1014852","targetHints":{"allow":["GET"]}}],"collection":[{"href":"https:\/\/vimaterial.de\/it\/wp-json\/wp\/v2\/product"}],"about":[{"href":"https:\/\/vimaterial.de\/it\/wp-json\/wp\/v2\/types\/product"}],"replies":[{"embeddable":true,"href":"https:\/\/vimaterial.de\/it\/wp-json\/wp\/v2\/comments?post=1014852"}],"wp:featuredmedia":[{"embeddable":true,"href":"https:\/\/vimaterial.de\/it\/wp-json\/wp\/v2\/media\/1002023"}],"wp:attachment":[{"href":"https:\/\/vimaterial.de\/it\/wp-json\/wp\/v2\/media?parent=1014852"}],"wp:term":[{"taxonomy":"product_brand","embeddable":true,"href":"https:\/\/vimaterial.de\/it\/wp-json\/wp\/v2\/product_brand?post=1014852"},{"taxonomy":"product_cat","embeddable":true,"href":"https:\/\/vimaterial.de\/it\/wp-json\/wp\/v2\/product_cat?post=1014852"},{"taxonomy":"product_tag","embeddable":true,"href":"https:\/\/vimaterial.de\/it\/wp-json\/wp\/v2\/product_tag?post=1014852"}],"curies":[{"name":"wp","href":"https:\/\/api.w.org\/{rel}","templated":true}]}}