{"id":1014839,"date":"2024-06-17T14:44:14","date_gmt":"2024-06-17T06:44:14","guid":{"rendered":"https:\/\/vimaterial.de\/product\/lega-di-ferro-e-zirconio\/"},"modified":"2025-04-16T14:15:21","modified_gmt":"2025-04-16T06:15:21","slug":"lega-di-ferro-e-zirconio","status":"publish","type":"product","link":"https:\/\/vimaterial.de\/it\/product\/lega-di-ferro-e-zirconio\/","title":{"rendered":"Lega di ferro e zirconio"},"content":{"rendered":"<p>Il bersaglio sputtering in lega di ferro e zirconio \u00e8 un tipo di materiale in lega composto da ferro e zirconio, che viene utilizzato per la deposizione fisica da vapore. Durante il processo di sputtering, gli atomi di ferro e zirconio possono essere depositati sul substrato per formare un film sottile con molte propriet\u00e0 eccellenti come una buona resistenza alla corrosione, un&#8217;elevata durezza e speciali propriet\u00e0 magnetiche, ecc. \u00c8 stato utilizzato nei settori dell&#8217;elettronica, dei macchinari, dei materiali magnetici, ecc&#8230;.  <\/p>\n<p>VIMATERIAL fornisce bersagli sputtering in lega di ferro e zirconio, i nostri target sputtering in lega di ferro e zirconio presentano i vantaggi di elevata purezza, buona densit\u00e0, buona struttura cristallina, eccellenti propriet\u00e0 del film sottile, elevata precisione dimensionale, alta efficienza di sputtering e siamo in grado di fornire un servizio di incollaggio, possiamo accettare prodotti ed esperimenti personalizzati. Possiamo accettare personalizzazioni ed esperimenti, <span style=\"color: #0000ff;\"><a style=\"color: #0000ff;\" href=\"https:\/\/vimaterial.de\/en\/contact-us\/\">vi preghiamo di contattarci<\/a> <\/span>presto. <\/p>\n<h2><span style=\"font-size: 14pt;\">Propriet\u00e0 fisiche<\/span><\/h2>\n<p>Formula molecolare: FeZr<\/p>\n<p>Peso molecolare: circa 67,5 g\/mol<\/p>\n<p>Aspetto: lucentezza metallica grigio argento, materiale target con superficie liscia.<\/p>\n<p>Densit\u00e0: generalmente intorno ai 7,0 &#8211; 7,5 g\/cm\u00b3.<\/p>\n<p>Punto di fusione: solitamente tra 1500 e 1800\u00b0C<\/p>\n<h2><span style=\"font-size: 14pt;\">Applicazioni<\/span><\/h2>\n<p>Campo elettronico: utilizzato nella produzione di chip per formare interconnessioni e strati barriera per migliorare la conduttivit\u00e0 e la stabilit\u00e0.<\/p>\n<p>Campo ottico: Rivestimento di lenti ottiche per migliorare la resistenza all&#8217;usura e le propriet\u00e0 antiriflesso.<\/p>\n<p>Campo magnetico: preparazione dello strato di registrazione magnetica per dischi rigidi per migliorare la densit\u00e0 di archiviazione dei dati e la velocit\u00e0 di lettura\/scrittura.<\/p>\n<p>Campo energetico: come elettrodo della cella solare o pellicola di riduzione della riflessione, per migliorare l&#8217;efficienza della conversione fotoelettrica.<\/p>\n<p>Campo decorativo: rivestimento sulla superficie dei materiali per conferire loro una lucentezza metallica e un effetto decorativo.<\/p>\n<h2><span style=\"font-size: 14pt;\">Controllo qualit\u00e0<\/span><\/h2>\n<p><span style=\"color: #0000ff;\"><a style=\"color: #0000ff;\" href=\"https:\/\/vimaterial.de\/en\/quality-control\/\">Il controllo di qualit\u00e0<\/a><\/span> dei nostri prodotti \u00e8 molto rigoroso, dalla selezione di materie prime stabili e di elevata purezza, all&#8217;uso di attrezzature di precisione avanzate e tecnologia rigorosa durante il controllo preciso del processo di produzione, all&#8217;uso di metodi di test professionali sulle propriet\u00e0 fisiche, chimiche, microstrutturali e di altro tipo del prodotto dell&#8217;intera gamma di test approfonditi,  Ogni collegamento \u00e8 rigorosamente seguire gli standard internazionali elevati, per garantire che ogni lotto di materiali consegnato con qualit\u00e0 e stabilit\u00e0 eccellenti, per fornire ai clienti una garanzia di qualit\u00e0 solida e affidabile. Ci impegniamo a garantire che ogni lotto di materiali consegnato abbia un&#8217;eccellente qualit\u00e0 e stabilit\u00e0, fornendo ai clienti una garanzia di qualit\u00e0 solida e affidabile. <\/p>\n<h2><span style=\"font-size: 14pt;\">Imballaggio e stoccaggio<\/span><\/h2>\n<p>I bersagli sputtering in lega di ferro e zirconio sono confezionati in sacchetti sottovuoto a doppio strato e quindi inscatolati, mentre l&#8217;esterno \u00e8 imballato in scatole di cartone.<\/p>\n<p>I bersagli sputtering in lega di ferro e zirconio devono essere conservati in un ambiente asciutto, fresco, ben ventilato e stabile alla temperatura, protetto dall&#8217;umidit\u00e0 e dalle sostanze corrosive e protetto da violenti impatti fisici e ambienti ossidanti.<\/p>\n","protected":false},"excerpt":{"rendered":"<p>Il bersaglio sputtering in lega di ferro e zirconio \u00e8 un tipo di materiale in lega composto da ferro e zirconio, che viene utilizzato per la deposizione fisica da vapore. Durante il processo di sputtering, gli atomi di ferro e zirconio possono essere depositati sul substrato per formare un film sottile con molte propriet\u00e0 eccellenti come una buona resistenza alla corrosione, un&#8217;elevata durezza e speciali propriet\u00e0 magnetiche, ecc. \u00c8 stato utilizzato nei settori dell&#8217;elettronica, dei macchinari, dei materiali magnetici, ecc&#8230;.  <\/p>\n","protected":false},"featured_media":1002032,"comment_status":"open","ping_status":"closed","template":"","meta":{"_acf_changed":false},"product_brand":[],"product_cat":[197],"product_tag":[],"class_list":{"0":"post-1014839","1":"product","2":"type-product","3":"status-publish","4":"has-post-thumbnail","6":"product_cat-obiettivi-di-sputtering-planari","8":"first","9":"instock","10":"shipping-taxable","11":"product-type-variable"},"acf":[],"_links":{"self":[{"href":"https:\/\/vimaterial.de\/it\/wp-json\/wp\/v2\/product\/1014839","targetHints":{"allow":["GET"]}}],"collection":[{"href":"https:\/\/vimaterial.de\/it\/wp-json\/wp\/v2\/product"}],"about":[{"href":"https:\/\/vimaterial.de\/it\/wp-json\/wp\/v2\/types\/product"}],"replies":[{"embeddable":true,"href":"https:\/\/vimaterial.de\/it\/wp-json\/wp\/v2\/comments?post=1014839"}],"wp:featuredmedia":[{"embeddable":true,"href":"https:\/\/vimaterial.de\/it\/wp-json\/wp\/v2\/media\/1002032"}],"wp:attachment":[{"href":"https:\/\/vimaterial.de\/it\/wp-json\/wp\/v2\/media?parent=1014839"}],"wp:term":[{"taxonomy":"product_brand","embeddable":true,"href":"https:\/\/vimaterial.de\/it\/wp-json\/wp\/v2\/product_brand?post=1014839"},{"taxonomy":"product_cat","embeddable":true,"href":"https:\/\/vimaterial.de\/it\/wp-json\/wp\/v2\/product_cat?post=1014839"},{"taxonomy":"product_tag","embeddable":true,"href":"https:\/\/vimaterial.de\/it\/wp-json\/wp\/v2\/product_tag?post=1014839"}],"curies":[{"name":"wp","href":"https:\/\/api.w.org\/{rel}","templated":true}]}}