{"id":1014774,"date":"2024-06-17T14:44:16","date_gmt":"2024-06-17T06:44:16","guid":{"rendered":"https:\/\/vimaterial.de\/product\/metallo-cobalto-3\/"},"modified":"2025-04-16T13:58:56","modified_gmt":"2025-04-16T05:58:56","slug":"metallo-cobalto-3","status":"publish","type":"product","link":"https:\/\/vimaterial.de\/it\/product\/metallo-cobalto-3\/","title":{"rendered":"Metallo cobalto"},"content":{"rendered":"<p>I grumi di <span style=\"color: #0000ff;\"><a style=\"color: #0000ff;\" href=\"https:\/\/vimaterial.de\/en\/product\/cobalt-metal-2\/\">cobalto metallico<\/a><\/span> sono cobalto metallico solido, di forma irregolare o grossolanamente grumoso, che \u00e8 duro, lucido, grigio argenteo e magnetico, ed \u00e8 comunemente usato in una variet\u00e0 di applicazioni industriali, come la produzione di leghe, la produzione di batterie e la produzione di magneti.<\/p>\n<p>VIMATERIAL fornisce grumi di cobalto, i nostri grumi hanno una composizione uniforme e stabile, elevata purezza, forte durezza, dimensione delle particelle controllabile, ecc. E possiamo accettare prodotti ed esperimenti personalizzati, abbiamo un team di ricerca e sviluppo tecnico professionale, <span style=\"color: #0000ff;\"><a style=\"color: #0000ff;\" href=\"https:\/\/vimaterial.de\/en\/contact-us\/\">contattaci.<\/a><\/span> <\/p>\n<h2><span style=\"font-size: 14pt;\">Propriet\u00e0 fisiche<\/span><\/h2>\n<p>Formula molecolare: Co<\/p>\n<p>Peso molecolare: 58.933<\/p>\n<p>Aspetto: particelle metalliche grigio argento<\/p>\n<p>Densit\u00e0: 8,9 g\/cm\u00b3<\/p>\n<p>Punto di fusione: 1495\u00b0C<\/p>\n<p>Punto di ebollizione: 2927\u00b0C<\/p>\n<p>Struttura cristallina: struttura cristallina esagonale densa, questa struttura fa s\u00ec che il metallo cobalto abbia una migliore resistenza e tenacit\u00e0 e altre propriet\u00e0 meccaniche.<\/p>\n<h2><span style=\"font-size: 14pt;\">Applicazioni<\/span><\/h2>\n<p>Campo della batteria: utilizzato nella produzione di materiali catodici per batterie agli ioni di litio, migliora le prestazioni della batteria, comunemente usato nei prodotti elettronici e nei veicoli elettrici.<\/p>\n<p>Produzione di leghe: e altri metalli realizzati in carburo cementato ad alta temperatura, utilizzato nelle lame dei motori degli aerei e negli utensili da taglio, ecc., Per migliorare la resistenza alle alte temperature e altre propriet\u00e0.<\/p>\n<p>Materiali magnetici: come materia prima chiave per i magneti permanenti, la lega a magneti permanenti viene utilizzata nelle parti magnetiche di apparecchiature elettroniche, mediche e aerospaziali, con elevate propriet\u00e0 magnetiche.<\/p>\n<p>Industria chimica: utilizzato come catalizzatore per l&#8217;idrogenazione petrolchimica, la reazione di polimerizzazione della gomma, per migliorare l&#8217;efficienza e la selettivit\u00e0 della reazione, ridurre i costi.<\/p>\n<p>Industria della ceramica e del vetro: trasformato in pigmento blu cobalto per la tintura, aumenta la durezza e la lucentezza, migliora la decorazione e la qualit\u00e0 del prodotto.<\/p>\n<p>Campo medico: la sua biocompatibilit\u00e0 viene utilizzata nella produzione di articolazioni artificiali e altri dispositivi e il suo isotopo viene utilizzato nella radioterapia del cancro.<\/p>\n<h2><span style=\"font-size: 14pt;\">Controllo qualit\u00e0<\/span><\/h2>\n<p><span style=\"color: #0000ff;\"><a style=\"color: #0000ff;\" href=\"https:\/\/vimaterial.de\/en\/quality-control\/\">Ogni lotto<\/a><\/span> di prodotti protegge rigorosamente la qualit\u00e0, dalla selezione dei fornitori di materie prime, all&#8217;uso di apparecchiature di collaudo avanzate per monitorare accuratamente l&#8217;intero processo di produzione, al prodotto finito attraverso molti cicli di campionamento severo e certificazione autorevole di terze parti, al sistema di controllo della qualit\u00e0 a tutto tondo e a tolleranza zero per garantire che ogni lotto di prodotti soddisfi e superi gli elevati standard del settore,  per fornire ai nostri clienti la migliore qualit\u00e0 e i prodotti pi\u00f9 stabili.<\/p>\n<h2><span style=\"font-size: 14pt;\">Imballaggio e stoccaggio<\/span><\/h2>\n<p>I grumi di cobalto metallico sono confezionati in sacchetti sottovuoto o bottiglie sottovuoto con cartoni esterni.<\/p>\n<p>I grumi di cobalto metallico devono essere conservati in un ambiente asciutto e ben ventilato, lontano da fonti di accensione e materiali infiammabili, evitando il contatto con acidi, alcali e altre sostanze corrosive, prevenendo l&#8217;umidit\u00e0 e l&#8217;ossidazione, e possono essere imballati in confezioni sigillate o conservati in contenitori protetti da gas inerte.<\/p>\n","protected":false},"excerpt":{"rendered":"<p>I grumi di <span style=\"color: #0000ff;\"><a style=\"color: #0000ff;\" href=\"https:\/\/vimaterial.de\/en\/product\/cobalt-metal-2\/\">cobalto metallico<\/a><\/span> sono cobalto metallico solido, di forma irregolare o grossolanamente grumoso, che \u00e8 duro, lucido, grigio argenteo e magnetico, ed \u00e8 comunemente usato in una variet\u00e0 di applicazioni industriali, come la produzione di leghe, la produzione di batterie e la produzione di magneti.<\/p>\n","protected":false},"featured_media":1002070,"comment_status":"open","ping_status":"closed","template":"","meta":{"_acf_changed":false},"product_brand":[],"product_cat":[198],"product_tag":[],"class_list":{"0":"post-1014774","1":"product","2":"type-product","3":"status-publish","4":"has-post-thumbnail","6":"product_cat-materiali-per-levaporazione","8":"first","9":"instock","10":"shipping-taxable","11":"purchasable","12":"product-type-variable"},"acf":[],"_links":{"self":[{"href":"https:\/\/vimaterial.de\/it\/wp-json\/wp\/v2\/product\/1014774","targetHints":{"allow":["GET"]}}],"collection":[{"href":"https:\/\/vimaterial.de\/it\/wp-json\/wp\/v2\/product"}],"about":[{"href":"https:\/\/vimaterial.de\/it\/wp-json\/wp\/v2\/types\/product"}],"replies":[{"embeddable":true,"href":"https:\/\/vimaterial.de\/it\/wp-json\/wp\/v2\/comments?post=1014774"}],"wp:featuredmedia":[{"embeddable":true,"href":"https:\/\/vimaterial.de\/it\/wp-json\/wp\/v2\/media\/1002070"}],"wp:attachment":[{"href":"https:\/\/vimaterial.de\/it\/wp-json\/wp\/v2\/media?parent=1014774"}],"wp:term":[{"taxonomy":"product_brand","embeddable":true,"href":"https:\/\/vimaterial.de\/it\/wp-json\/wp\/v2\/product_brand?post=1014774"},{"taxonomy":"product_cat","embeddable":true,"href":"https:\/\/vimaterial.de\/it\/wp-json\/wp\/v2\/product_cat?post=1014774"},{"taxonomy":"product_tag","embeddable":true,"href":"https:\/\/vimaterial.de\/it\/wp-json\/wp\/v2\/product_tag?post=1014774"}],"curies":[{"name":"wp","href":"https:\/\/api.w.org\/{rel}","templated":true}]}}