{"id":1014749,"date":"2024-06-17T14:44:17","date_gmt":"2024-06-17T06:44:17","guid":{"rendered":"https:\/\/vimaterial.de\/product\/metallo-cobalto\/"},"modified":"2025-04-16T13:49:44","modified_gmt":"2025-04-16T05:49:44","slug":"metallo-cobalto","status":"publish","type":"product","link":"https:\/\/vimaterial.de\/it\/product\/metallo-cobalto\/","title":{"rendered":"Metallo cobalto"},"content":{"rendered":"<p><span style=\"color: #0000ff;\"><a style=\"color: #0000ff;\" href=\"https:\/\/vimaterial.de\/en\/product\/cobalt-metal-8\/\">La polvere di cobalto metallico<\/a><\/span> \u00e8 una polvere lucida metallica grigio argenteo, composta principalmente da cobalto elementare, con consistenza fine, alcune propriet\u00e0 magnetiche, chimicamente attiva, che svolge un ruolo chiave nella produzione di leghe, materiali magnetici, catalizzatori e molti altri campi.<\/p>\n<p>VIAMTERIAL fornisce una vasta gamma di polveri metalliche di cobalto. Le nostre polveri sono caratterizzate da elevata purezza, granulometria uniforme, buona fluidit\u00e0, propriet\u00e0 chimiche stabili, ecc. Supportiamo anche l&#8217;imballaggio e l&#8217;ordinazione di piccoli lotti. Abbiamo un team di ricerca e sviluppo tecnico professionale, accettiamo la personalizzazione e la sperimentazione del prodotto, non esitate<span style=\"color: #0000ff;\"><a style=\"color: #0000ff;\" href=\"https:\/\/vimaterial.de\/en\/contact-us\/\"> a contattarci.<\/a><\/span>   <\/p>\n<h2><span style=\"font-size: 14pt;\">Propriet\u00e0 fisiche<\/span><\/h2>\n<p>Formula molecolare: Co<\/p>\n<p>Peso molecolare: 58,93<\/p>\n<p>Aspetto: polvere metallizzata grigio argento con lucentezza metallica sulla superficie<\/p>\n<p>Densit\u00e0: circa 8,9 g\/cm\u00b3<\/p>\n<p>Punto di fusione: circa 1495\u00b0C<\/p>\n<p>Punto di ebollizione: circa 2927\u00b0C<\/p>\n<p>Struttura cristallina: struttura esagonale compatta (hcp), che conferisce al cobalto elevata resistenza e tenacit\u00e0 e altre propriet\u00e0 fisiche.<\/p>\n<h2><span style=\"font-size: 14pt;\">Applicazioni<\/span><\/h2>\n<p>Campo aerospaziale: utilizzato nella produzione di componenti in lega ad alta temperatura di motori aeronautici, con la sua eccellente resistenza alle alte temperature, resistenza all&#8217;usura, per garantire un funzionamento stabile del motore in condizioni di lavoro estreme, per migliorare le prestazioni e la sicurezza dell&#8217;aeromobile.<\/p>\n<p>Nel campo dell&#8217;elettronica e degli apparecchi elettrici, le polveri metalliche di cobalto sono utilizzate come componente chiave dei materiali magnetici nella produzione di nuclei magnetici ad alte prestazioni, induttori e altri componenti, per ottenere una conversione efficiente dell&#8217;energia elettrica e una trasmissione accurata dei segnali e per soddisfare la domanda di miniaturizzazione e alte prestazioni delle apparecchiature elettroniche.<\/p>\n<p>Dispositivi medici: le polveri metalliche di cobalto sono ampiamente utilizzate nella produzione di articolazioni artificiali e altri dispositivi impiantabili, utilizzando la loro buona biocompatibilit\u00e0 e resistenza meccanica per fornire ai pazienti soluzioni affidabili di sostituzione articolare, prolungando la durata dei dispositivi e migliorando la qualit\u00e0 della vita dei pazienti.<\/p>\n<h2><span style=\"font-size: 14pt;\">Controllo qualit\u00e0<\/span><\/h2>\n<p><span style=\"color: #0000ff;\"><a style=\"color: #0000ff;\" href=\"https:\/\/vimaterial.de\/en\/quality-control\/\">Il controllo di qualit\u00e0<\/a><\/span> di ogni lotto di prodotti viene effettuato durante l&#8217;intero processo di approvvigionamento delle materie prime, produzione e lavorazione, test e ispezione e imballaggio, seguendo rigorosamente gli standard internazionali e le norme del settore. Disponiamo di apparecchiature di collaudo avanzate, team di controllo qualit\u00e0 professionale e rigoroso sistema di controllo della qualit\u00e0 per garantire la qualit\u00e0 del prodotto. <\/p>\n<h2><span style=\"font-size: 14pt;\">Imballaggio e stoccaggio<\/span><\/h2>\n<p>La polvere di cobalto metallico \u00e8 confezionata in sacchetti a doppio vuoto o in flaconi a doppio vuoto in scatole di cartone.<\/p>\n<p>Le polveri metalliche di cobalto devono essere conservate in un ambiente asciutto, fresco, ben ventilato, sigillate, lontane dal fuoco, dagli acidi, dagli alcali e dagli agenti ossidanti forti, e protette dall&#8217;umidit\u00e0 e dall&#8217;ossidazione, e collocate in conformit\u00e0 con i requisiti per lo stoccaggio sicuro delle polveri metalliche.<\/p>\n","protected":false},"excerpt":{"rendered":"<p><span style=\"color: #0000ff;\"><a style=\"color: #0000ff;\" href=\"https:\/\/vimaterial.de\/en\/product\/cobalt-metal-8\/\">La polvere di cobalto metallico<\/a><\/span> \u00e8 una polvere lucida metallica grigio argenteo, composta principalmente da cobalto elementare, con consistenza fine, alcune propriet\u00e0 magnetiche, chimicamente attiva, che svolge un ruolo chiave nella produzione di leghe, materiali magnetici, catalizzatori e molti altri campi.<\/p>\n","protected":false},"featured_media":1002084,"comment_status":"open","ping_status":"closed","template":"","meta":{"_acf_changed":false},"product_brand":[],"product_cat":[212],"product_tag":[],"class_list":{"0":"post-1014749","1":"product","2":"type-product","3":"status-publish","4":"has-post-thumbnail","6":"product_cat-polvere-di-metallo-puro-e-leghe","8":"first","9":"instock","10":"shipping-taxable","11":"purchasable","12":"product-type-variable"},"acf":[],"_links":{"self":[{"href":"https:\/\/vimaterial.de\/it\/wp-json\/wp\/v2\/product\/1014749","targetHints":{"allow":["GET"]}}],"collection":[{"href":"https:\/\/vimaterial.de\/it\/wp-json\/wp\/v2\/product"}],"about":[{"href":"https:\/\/vimaterial.de\/it\/wp-json\/wp\/v2\/types\/product"}],"replies":[{"embeddable":true,"href":"https:\/\/vimaterial.de\/it\/wp-json\/wp\/v2\/comments?post=1014749"}],"wp:featuredmedia":[{"embeddable":true,"href":"https:\/\/vimaterial.de\/it\/wp-json\/wp\/v2\/media\/1002084"}],"wp:attachment":[{"href":"https:\/\/vimaterial.de\/it\/wp-json\/wp\/v2\/media?parent=1014749"}],"wp:term":[{"taxonomy":"product_brand","embeddable":true,"href":"https:\/\/vimaterial.de\/it\/wp-json\/wp\/v2\/product_brand?post=1014749"},{"taxonomy":"product_cat","embeddable":true,"href":"https:\/\/vimaterial.de\/it\/wp-json\/wp\/v2\/product_cat?post=1014749"},{"taxonomy":"product_tag","embeddable":true,"href":"https:\/\/vimaterial.de\/it\/wp-json\/wp\/v2\/product_tag?post=1014749"}],"curies":[{"name":"wp","href":"https:\/\/api.w.org\/{rel}","templated":true}]}}