{"id":1014723,"date":"2024-06-17T14:44:18","date_gmt":"2024-06-17T06:44:18","guid":{"rendered":"https:\/\/vimaterial.de\/product\/nitrato-di-cobaltoii-esaidrato\/"},"modified":"2025-04-16T13:46:28","modified_gmt":"2025-04-16T05:46:28","slug":"nitrato-di-cobaltoii-esaidrato","status":"publish","type":"product","link":"https:\/\/vimaterial.de\/it\/product\/nitrato-di-cobaltoii-esaidrato\/","title":{"rendered":"Cobalto(II)Nitrato esaidrato"},"content":{"rendered":"<p>La polvere di esaidrato di nitrato di cobalto (II) \u00e8 una polvere cristallina rosa contenente ioni cobalto, ioni nitrato e acqua di cristallizzazione, che \u00e8 solubile in acqua e svolge un ruolo nella sintesi chimica, nella colorazione della ceramica e nella preparazione del catalizzatore.<\/p>\n<p>VIAMTERIAL fornisce polvere di esaidrato di cobalto(II)nitrato, le nostre polveri sono caratterizzate da elevata purezza, granulometria omogenea e propriet\u00e0 chimiche stabili e supportiamo l&#8217;imballaggio e l&#8217;ordinazione di piccoli lotti. Abbiamo un team di ricerca e sviluppo tecnico professionale, accettiamo la personalizzazione e la sperimentazione del prodotto, non esitate <span style=\"color: #0000ff;\"><a style=\"color: #0000ff;\" href=\"https:\/\/vimaterial.de\/en\/contact-us\/\">a contattarci.<\/a><\/span> <\/p>\n<h2><span style=\"font-size: 14pt;\">Propriet\u00e0 fisiche<\/span><\/h2>\n<p>Formula molecolare: Co(NO3)2. 6H2O<\/p>\n<p>Peso molecolare: circa 291,03<\/p>\n<p>Aspetto: polvere cristallina rosa, colore brillante, particelle di polvere fine, lucido.<\/p>\n<p>Densit\u00e0: circa 1,87 g\/cm\u00b3.<\/p>\n<p>Punto di fusione: circa 55 &#8211; 56 \u00b0C tra<\/p>\n<p>Punto di ebollizione: si decompone se riscaldato a circa 100 &#8211; 105\u00b0C.<\/p>\n<p>Struttura cristallina: sistema cristallino monoclino, in cui gli ioni cobalto interagiscono con gli ioni nitrato e le molecole d&#8217;acqua mediante legami ionici e di coordinazione.<\/p>\n<h2><span style=\"font-size: 14pt;\">Applicazioni<\/span><\/h2>\n<p>Sintesi chimica: la polvere di esaidrato di nitrato di cobalto (II) \u00e8 ampiamente utilizzata come fonte di cobalto nella preparazione di vari composti di cobalto, come ossidi di cobalto, ecc. Fornisce materie prime di base per la ricerca e lo sviluppo di nuovi materiali e promuove lo sviluppo della tecnologia di sintesi chimica. <\/p>\n<p>Industria ceramica: Nella produzione di ceramiche, la polvere viene utilizzata per miscelare pigmenti ceramici. Il cobalto contenuto nella polvere \u00e8 in grado di far apparire le ceramiche con colori unici e brillanti, e di esaltare il valore decorativo e artistico dei prodotti ceramici. <\/p>\n<p>Campo agricolo: Pu\u00f2 essere utilizzato come additivo fertilizzante di oligoelementi per integrare il cobalto per le piante, promuovere l&#8217;attivit\u00e0 di alcuni enzimi nelle piante, aiutare la crescita e lo sviluppo delle piante e migliorare la resa e la qualit\u00e0 delle colture.<\/p>\n<h2><span style=\"font-size: 14pt;\">Controllo qualit\u00e0<\/span><\/h2>\n<p><span style=\"color: #0000ff;\"><a style=\"color: #0000ff;\" href=\"https:\/\/vimaterial.de\/en\/quality-control\/\">Il controllo di qualit\u00e0<\/a><\/span> di ogni lotto di prodotti viene effettuato durante l&#8217;intero processo di approvvigionamento delle materie prime, produzione e lavorazione, test e ispezione e imballaggio, seguendo rigorosamente gli standard internazionali e le norme del settore. Disponiamo di apparecchiature di collaudo avanzate, team di controllo qualit\u00e0 professionale e rigoroso sistema di controllo della qualit\u00e0 per garantire la qualit\u00e0 del prodotto. <\/p>\n<h2><span style=\"font-size: 14pt;\">Imballaggio e stoccaggio<\/span><\/h2>\n<p>Le polveri di cobalto(II)nitrato esaidrato sono confezionate in flaconi a doppio vuoto e confezionate in cartoni.<\/p>\n<p>Le polveri di cobalto(II)nitrato esaidrato devono essere conservate in un ambiente fresco, asciutto e ben ventilato, sigillate, lontane da fuoco, calore e materiali infiammabili e conservate separatamente da agenti riducenti, materiali organici, ecc., per evitare l&#8217;umidit\u00e0 e la luce solare diretta.<\/p>\n","protected":false},"excerpt":{"rendered":"<p>La polvere di esaidrato di nitrato di cobalto (II) \u00e8 una polvere cristallina rosa contenente ioni cobalto, ioni nitrato e acqua di cristallizzazione, che \u00e8 solubile in acqua e svolge un ruolo nella sintesi chimica, nella colorazione della ceramica e nella preparazione del catalizzatore.<\/p>\n","protected":false},"featured_media":1002105,"comment_status":"open","ping_status":"closed","template":"","meta":{"_acf_changed":false},"product_brand":[],"product_cat":[206],"product_tag":[],"class_list":{"0":"post-1014723","1":"product","2":"type-product","3":"status-publish","4":"has-post-thumbnail","6":"product_cat-altri-materiali","8":"first","9":"instock","10":"shipping-taxable","11":"purchasable","12":"product-type-variable"},"acf":[],"_links":{"self":[{"href":"https:\/\/vimaterial.de\/it\/wp-json\/wp\/v2\/product\/1014723","targetHints":{"allow":["GET"]}}],"collection":[{"href":"https:\/\/vimaterial.de\/it\/wp-json\/wp\/v2\/product"}],"about":[{"href":"https:\/\/vimaterial.de\/it\/wp-json\/wp\/v2\/types\/product"}],"replies":[{"embeddable":true,"href":"https:\/\/vimaterial.de\/it\/wp-json\/wp\/v2\/comments?post=1014723"}],"wp:featuredmedia":[{"embeddable":true,"href":"https:\/\/vimaterial.de\/it\/wp-json\/wp\/v2\/media\/1002105"}],"wp:attachment":[{"href":"https:\/\/vimaterial.de\/it\/wp-json\/wp\/v2\/media?parent=1014723"}],"wp:term":[{"taxonomy":"product_brand","embeddable":true,"href":"https:\/\/vimaterial.de\/it\/wp-json\/wp\/v2\/product_brand?post=1014723"},{"taxonomy":"product_cat","embeddable":true,"href":"https:\/\/vimaterial.de\/it\/wp-json\/wp\/v2\/product_cat?post=1014723"},{"taxonomy":"product_tag","embeddable":true,"href":"https:\/\/vimaterial.de\/it\/wp-json\/wp\/v2\/product_tag?post=1014723"}],"curies":[{"name":"wp","href":"https:\/\/api.w.org\/{rel}","templated":true}]}}