{"id":1014686,"date":"2024-06-17T14:45:39","date_gmt":"2024-06-17T06:45:39","guid":{"rendered":"https:\/\/vimaterial.de\/product\/alluminato-di-cobalto-2\/"},"modified":"2025-04-16T13:37:41","modified_gmt":"2025-04-16T05:37:41","slug":"alluminato-di-cobalto-2","status":"publish","type":"product","link":"https:\/\/vimaterial.de\/it\/product\/alluminato-di-cobalto-2\/","title":{"rendered":"Alluminato di cobalto"},"content":{"rendered":"<p>La polvere di <span style=\"color: #0000ff;\"><a style=\"color: #0000ff;\" href=\"https:\/\/vimaterial.de\/en\/product\/cobalt-aluminate-2\/\">alluminato di cobalto<\/a> <\/span>\u00e8 una polvere composta con struttura di spinello, colore brillante (spesso blu), buona stabilit\u00e0 chimica, resistenza alle alte temperature e propriet\u00e0 ottiche, che ha importanti applicazioni nei campi dei pigmenti, della ceramica e dei materiali ottici.<\/p>\n<p>VIAMTERIAL fornisce polvere di alluminato di cobalto, la nostra polvere ha le caratteristiche di elevata purezza, granulometria uniforme, buona fluidit\u00e0, buona compattazione, propriet\u00e0 chimiche stabili, ecc. Supportiamo anche l&#8217;imballaggio e l&#8217;ordinazione di piccoli lotti. Abbiamo un team di ricerca e sviluppo tecnico professionale, accettiamo la personalizzazione e la sperimentazione del prodotto, non esitate <span style=\"color: #0000ff;\"><a style=\"color: #0000ff;\" href=\"https:\/\/vimaterial.de\/en\/contact-us\/\">a contattarci.<\/a><\/span>  <\/p>\n<h2><span style=\"font-size: 14pt;\">Propriet\u00e0 fisiche<\/span><\/h2>\n<p>Formula molecolare: CoAl\u2082O\u2084<\/p>\n<p>Peso molecolare: circa 176,89<\/p>\n<p>Aspetto: generalmente polvere blu, colore brillante e uniforme<\/p>\n<p>Densit\u00e0: circa 4,37 g\/cm\u00b3.<\/p>\n<p>Punto di fusione: circa 1900 &#8211; 2000\u00b0C.<\/p>\n<p>Struttura cristallina: Appartiene alla struttura dello spinello, in cui gli ioni cobalto (Co\u00b2\u207a) e gli ioni alluminio (Al\u00b3\u207a) sono distribuiti ordinatamente nel reticolo cubico costituito da ioni ossigeno (O\u00b2-), e questa struttura gli conferisce una buona stabilit\u00e0 chimica e propriet\u00e0 fisiche come l&#8217;ottica.<\/p>\n<h2><span style=\"font-size: 14pt;\">Applicazioni<\/span><\/h2>\n<p>Campo di pigmenti: la polvere di alluminato di cobalto \u00e8 ampiamente utilizzata come pigmento per ceramica, vetro e altri materiali grazie alla sua tonalit\u00e0 blu brillante e stabile, che conferisce ai prodotti un effetto decorativo bello e duraturo e soddisfa le esigenze della creazione artistica e della produzione industriale.<\/p>\n<p>Campo ceramico: Nell&#8217;industria ceramica, la polvere di carbone viene utilizzata come additivo importante per migliorare la durezza, la resistenza all&#8217;abrasione e la resistenza alle alte temperature della ceramica e, allo stesso tempo, conferire alla ceramica un colore e una lucentezza unici, che ne ampliano l&#8217;applicazione negli articoli per la tavola di fascia alta e nelle ceramiche decorative architettoniche.<\/p>\n<p>Materiali ottici: la polvere di alluminato di cobalto viene utilizzata nella preparazione di materiali luminescenti, filtri ottici e altri dispositivi ottici grazie alle sue speciali propriet\u00e0 ottiche, come le caratteristiche di assorbimento ed emissione di specifiche lunghezze d&#8217;onda della luce, contribuendo a migliorare le prestazioni e la diversit\u00e0 funzionale degli strumenti ottici.<\/p>\n<h2><span style=\"font-size: 14pt;\">Controllo qualit\u00e0<\/span><\/h2>\n<p><span style=\"color: #0000ff;\"><a style=\"color: #0000ff;\" href=\"https:\/\/vimaterial.de\/en\/quality-control\/\">Il controllo di qualit\u00e0<\/a><\/span> di ogni lotto di prodotti viene effettuato durante l&#8217;intero processo di approvvigionamento delle materie prime, produzione e lavorazione, test e ispezione e imballaggio, seguendo rigorosamente gli standard internazionali e le norme del settore. Disponiamo di apparecchiature di collaudo avanzate, team di controllo qualit\u00e0 professionale e rigoroso sistema di controllo della qualit\u00e0 per garantire la qualit\u00e0 del prodotto. <\/p>\n<h2><span style=\"font-size: 14pt;\">Imballaggio e stoccaggio<\/span><\/h2>\n<p>Le polveri di alluminato di cobalto sono confezionate in sacchetti a doppio vuoto o in flaconi a doppio vuoto e confezionate in cartoni.<\/p>\n<p>Le polveri di alluminato di cobalto devono essere conservate in un ambiente asciutto, fresco, ben ventilato, ben sigillato, protetto da umidit\u00e0, sostanze acide o alcaline, lontano da fonti di accensione e agenti fortemente ossidanti e conservate in conformit\u00e0 con le normative che regolano lo stoccaggio delle polveri inorganiche.<\/p>\n","protected":false},"excerpt":{"rendered":"<p>La polvere di <span style=\"color: #0000ff;\"><a style=\"color: #0000ff;\" href=\"https:\/\/vimaterial.de\/en\/product\/cobalt-aluminate-2\/\">alluminato di cobalto<\/a> <\/span>\u00e8 una polvere composta con struttura di spinello, colore brillante (spesso blu), buona stabilit\u00e0 chimica, resistenza alle alte temperature e propriet\u00e0 ottiche, che ha importanti applicazioni nei campi dei pigmenti, della ceramica e dei materiali ottici.<\/p>\n","protected":false},"featured_media":1002151,"comment_status":"open","ping_status":"closed","template":"","meta":{"_acf_changed":false},"product_brand":[],"product_cat":[206],"product_tag":[],"class_list":{"0":"post-1014686","1":"product","2":"type-product","3":"status-publish","4":"has-post-thumbnail","6":"product_cat-altri-materiali","8":"first","9":"instock","10":"shipping-taxable","11":"product-type-variable"},"acf":[],"_links":{"self":[{"href":"https:\/\/vimaterial.de\/it\/wp-json\/wp\/v2\/product\/1014686","targetHints":{"allow":["GET"]}}],"collection":[{"href":"https:\/\/vimaterial.de\/it\/wp-json\/wp\/v2\/product"}],"about":[{"href":"https:\/\/vimaterial.de\/it\/wp-json\/wp\/v2\/types\/product"}],"replies":[{"embeddable":true,"href":"https:\/\/vimaterial.de\/it\/wp-json\/wp\/v2\/comments?post=1014686"}],"wp:featuredmedia":[{"embeddable":true,"href":"https:\/\/vimaterial.de\/it\/wp-json\/wp\/v2\/media\/1002151"}],"wp:attachment":[{"href":"https:\/\/vimaterial.de\/it\/wp-json\/wp\/v2\/media?parent=1014686"}],"wp:term":[{"taxonomy":"product_brand","embeddable":true,"href":"https:\/\/vimaterial.de\/it\/wp-json\/wp\/v2\/product_brand?post=1014686"},{"taxonomy":"product_cat","embeddable":true,"href":"https:\/\/vimaterial.de\/it\/wp-json\/wp\/v2\/product_cat?post=1014686"},{"taxonomy":"product_tag","embeddable":true,"href":"https:\/\/vimaterial.de\/it\/wp-json\/wp\/v2\/product_tag?post=1014686"}],"curies":[{"name":"wp","href":"https:\/\/api.w.org\/{rel}","templated":true}]}}