{"id":1014680,"date":"2024-06-17T14:45:38","date_gmt":"2024-06-17T06:45:38","guid":{"rendered":"https:\/\/vimaterial.de\/product\/tetrossido-di-tricobalto-ossido-di-cobalto\/"},"modified":"2025-04-16T13:39:22","modified_gmt":"2025-04-16T05:39:22","slug":"tetrossido-di-tricobalto-ossido-di-cobalto","status":"publish","type":"product","link":"https:\/\/vimaterial.de\/it\/product\/tetrossido-di-tricobalto-ossido-di-cobalto\/","title":{"rendered":"Tetrossido di tricobalto (ossido di cobalto)"},"content":{"rendered":"<p>Il bersaglio sputtering del <span style=\"color: #0000ff;\"><a style=\"color: #0000ff;\" href=\"https:\/\/vimaterial.de\/en\/product\/tricobalt-tetroxide-cobalt-oxide-2\/\">tetrossido di tricobalto<\/a> <\/span>\u00e8 un materiale il cui componente principale \u00e8 il tetrossido di cobalto, che viene utilizzato nel processo di deposizione fisica da vapore per depositare film sottili con buone propriet\u00e0 elettrochimiche, magnetiche e catalitiche sul substrato, ampiamente utilizzato nei settori dell&#8217;elettronica, dell&#8217;energia, della catalisi e cos\u00ec via.<\/p>\n<p>VIMATERIAL fornisce bersagli di sputtering in tetrossido di tricobalto, i nostri bersagli sputtering in tetrossido di tricobalto presentano i vantaggi di elevata purezza, buona densit\u00e0, buona struttura cristallina, eccellenti propriet\u00e0 del film sottile, elevata precisione dimensionale e alta efficienza di sputtering. Possiamo accettare personalizzazioni ed esperimenti, <span style=\"color: #000080;\"><a style=\"color: #000080;\" href=\"https:\/\/vimaterial.de\/en\/contact-us\/\"><span style=\"color: #0000ff;\">vi preghiamo di contattarci<\/span><\/a><\/span> presto. <\/p>\n<h2><span style=\"font-size: 14pt;\">Propriet\u00e0 fisiche<\/span><\/h2>\n<p>Formula molecolare: Co3O4<\/p>\n<p>Peso molecolare: circa 241 g\/mol<\/p>\n<p>Aspetto: nero o grigio scuro solido, con materiale target di lucentezza metallica.<\/p>\n<p>Densit\u00e0: circa 6,11 g\/cm\u00b3<\/p>\n<p>Punto di fusione: circa 895\u00b0C<\/p>\n<p>Punto di ebollizione: circa 900 &#8211; 950\u00b0C (decomposizione) <\/p>\n<p>Struttura cristallina: sistema cristallino cubico, struttura a spinello.<\/p>\n<h2><span style=\"font-size: 14pt;\">Applicazioni<\/span><\/h2>\n<p>Elettronica: i bersagli sputtering di tetrossido di tricobalto sono utilizzati per la preparazione di film sottili magnetici nella produzione di dispositivi elettronici, per migliorare le propriet\u00e0 magnetiche dei componenti elettronici e per soddisfare la domanda di prodotti elettronici miniaturizzati e ad alte prestazioni.<\/p>\n<p>Energia: utilizzato nella preparazione di materiali per elettrodi per batterie agli ioni di litio, il rivestimento formato dallo sputtering pu\u00f2 migliorare l&#8217;efficienza di carica e scarica e la durata del ciclo della batteria, promuovendo lo sviluppo di nuove tecnologie energetiche.<\/p>\n<p>Campo catalitico: come materiale catalizzatore, il suo film sputtering pu\u00f2 ridurre efficacemente l&#8217;energia di attivazione della reazione in determinate reazioni chimiche, accelerare il processo di reazione e migliorare l&#8217;efficienza della produzione chimica.<\/p>\n<h2><span style=\"font-size: 14pt;\">Controllo qualit\u00e0<\/span><\/h2>\n<p><span style=\"color: #0000ff;\"><a style=\"color: #0000ff;\" href=\"https:\/\/vimaterial.de\/en\/quality-control\/\">Il controllo di qualit\u00e0<\/a><\/span> dei nostri prodotti \u00e8 molto rigoroso, dalla selezione di materie prime stabili e di elevata purezza, all&#8217;uso di attrezzature di precisione avanzate e tecnologia rigorosa durante il controllo preciso del processo di produzione, all&#8217;uso di metodi di test professionali sulle propriet\u00e0 fisiche, chimiche, microstrutturali e di altro tipo del prodotto dell&#8217;intera gamma di test approfonditi,  Ogni collegamento \u00e8 rigorosamente seguire gli standard internazionali elevati, per garantire che ogni lotto di materiali consegnato con qualit\u00e0 e stabilit\u00e0 eccellenti, per fornire ai clienti una garanzia di qualit\u00e0 solida e affidabile. Ci impegniamo a garantire che ogni lotto di materiali consegnato abbia un&#8217;eccellente qualit\u00e0 e stabilit\u00e0, fornendo ai clienti una garanzia di qualit\u00e0 solida e affidabile. <\/p>\n<h2><span style=\"font-size: 14pt;\">Imballaggio e stoccaggio<\/span><\/h2>\n<p>I bersagli sputtering di tetrossido di tricobalto sono confezionati in doppi sacchetti sottovuoto e quindi inscatolati, mentre l&#8217;esterno \u00e8 imballato in scatole di cartone.<\/p>\n<p>I bersagli per sputtering con tetrossido di tricobalto devono essere conservati in un ambiente asciutto e ben ventilato a una temperatura stabile, protetto dall&#8217;umidit\u00e0 e dal contatto con sostanze riducenti e acidi forti e protetto da violenti impatti fisici.<\/p>\n","protected":false},"excerpt":{"rendered":"<p>Il bersaglio sputtering del <span style=\"color: #0000ff;\"><a style=\"color: #0000ff;\" href=\"https:\/\/vimaterial.de\/en\/product\/tricobalt-tetroxide-cobalt-oxide-2\/\">tetrossido di tricobalto<\/a> <\/span>\u00e8 un materiale il cui componente principale \u00e8 il tetrossido di cobalto, che viene utilizzato nel processo di deposizione fisica da vapore per depositare film sottili con buone propriet\u00e0 elettrochimiche, magnetiche e catalitiche sul substrato, ampiamente utilizzato nei settori dell&#8217;elettronica, dell&#8217;energia, della catalisi e cos\u00ec via.<\/p>\n","protected":false},"featured_media":1040830,"comment_status":"open","ping_status":"closed","template":"","meta":{"_acf_changed":false},"product_brand":[],"product_cat":[197],"product_tag":[],"class_list":{"0":"post-1014680","1":"product","2":"type-product","3":"status-publish","4":"has-post-thumbnail","6":"product_cat-obiettivi-di-sputtering-planari","8":"first","9":"instock","10":"shipping-taxable","11":"product-type-variable"},"acf":[],"_links":{"self":[{"href":"https:\/\/vimaterial.de\/it\/wp-json\/wp\/v2\/product\/1014680","targetHints":{"allow":["GET"]}}],"collection":[{"href":"https:\/\/vimaterial.de\/it\/wp-json\/wp\/v2\/product"}],"about":[{"href":"https:\/\/vimaterial.de\/it\/wp-json\/wp\/v2\/types\/product"}],"replies":[{"embeddable":true,"href":"https:\/\/vimaterial.de\/it\/wp-json\/wp\/v2\/comments?post=1014680"}],"wp:featuredmedia":[{"embeddable":true,"href":"https:\/\/vimaterial.de\/it\/wp-json\/wp\/v2\/media\/1040830"}],"wp:attachment":[{"href":"https:\/\/vimaterial.de\/it\/wp-json\/wp\/v2\/media?parent=1014680"}],"wp:term":[{"taxonomy":"product_brand","embeddable":true,"href":"https:\/\/vimaterial.de\/it\/wp-json\/wp\/v2\/product_brand?post=1014680"},{"taxonomy":"product_cat","embeddable":true,"href":"https:\/\/vimaterial.de\/it\/wp-json\/wp\/v2\/product_cat?post=1014680"},{"taxonomy":"product_tag","embeddable":true,"href":"https:\/\/vimaterial.de\/it\/wp-json\/wp\/v2\/product_tag?post=1014680"}],"curies":[{"name":"wp","href":"https:\/\/api.w.org\/{rel}","templated":true}]}}