{"id":1014662,"date":"2024-06-17T14:45:39","date_gmt":"2024-06-17T06:45:39","guid":{"rendered":"https:\/\/vimaterial.de\/product\/alluminato-di-cobalto\/"},"modified":"2025-04-16T13:35:36","modified_gmt":"2025-04-16T05:35:36","slug":"alluminato-di-cobalto","status":"publish","type":"product","link":"https:\/\/vimaterial.de\/it\/product\/alluminato-di-cobalto\/","title":{"rendered":"Alluminato di cobalto"},"content":{"rendered":"<p>Il bersaglio di sputtering di <a href=\"https:\/\/vimaterial.de\/en\/product\/cobalt-aluminate\/\"><span style=\"color: #0000ff;\">alluminato di cobalto <\/span><\/a>\u00e8 un materiale composto principalmente da ossidi di cobalto e alluminio, utilizzato nella deposizione fisica da vapore, nel processo di sputtering pu\u00f2 produrre cobalto, alluminio e altri ioni o atomi correlati depositati sul substrato per formare un film sottile, questo tipo di bersaglio ha una buona stabilit\u00e0 chimica, stabilit\u00e0 termica e propriet\u00e0 ottiche, ci sono molte applicazioni nel campo dell&#8217;ottica,  elettronica e altri settori.<\/p>\n<p>VIMATERIAL fornisce bersagli di sputtering di alluminato di cobalto, i nostri bersagli di sputtering di alluminato di cobalto presentano i vantaggi di elevata purezza, buona densit\u00e0, buona struttura cristallina, eccellenti propriet\u00e0 del film sottile, elevata precisione dimensionale e alta efficienza di sputtering e siamo in grado di fornire un servizio di legatura, vi preghiamo di <span style=\"color: #0000ff;\"><a style=\"color: #0000ff;\" href=\"https:\/\/vimaterial.de\/en\/contact-us\/\">contattarci<\/a><\/span> rapidamente.<\/p>\n<h2><span style=\"font-size: 14pt;\">Propriet\u00e0 fisiche<\/span><\/h2>\n<p>Formula molecolare: CoAl2O4<\/p>\n<p>Peso molecolare: circa 177 g\/mol<\/p>\n<p>Aspetto: Solitamente bersagli solidi blu o blu-verdi<\/p>\n<p>Densit\u00e0: circa 4-5 g\/cm\u00b3<\/p>\n<p>Punto di fusione: circa 1800-2000\u00b0C<\/p>\n<p>Struttura cristallina: Comunemente struttura di spinello, appartiene al sistema cristallino cubico.<\/p>\n<h2><span style=\"font-size: 14pt;\">Applicazioni<\/span><\/h2>\n<p>Campo ottico: i bersagli sputtering di alluminato di cobalto vengono utilizzati per produrre filtri ottici e rivestimenti a specchio e, con le loro propriet\u00e0 ottiche uniche, possono regolare con precisione la propagazione e la riflessione della luce e migliorare la qualit\u00e0 dell&#8217;imaging e la capacit\u00e0 di elaborazione del segnale ottico delle apparecchiature ottiche.<\/p>\n<p>Campo elettronico: nella produzione di dispositivi elettronici, pu\u00f2 essere utilizzato per preparare lo strato di archiviazione magnetica e lo strato barriera del dispositivo a semiconduttore, utilizzando la sua stabilit\u00e0 e magnetismo, per proteggere la funzione di archiviazione dei dati dei componenti elettronici e prevenire la diffusione atomica, per migliorare le prestazioni e l&#8217;affidabilit\u00e0 del dispositivo.<\/p>\n<p>Campo catalitico: come vettore catalizzatore o direttamente coinvolto nelle reazioni catalitiche, la sua ampia superficie specifica e l&#8217;attivit\u00e0 chimica adeguata, per fornire un ambiente catalitico efficiente per le reazioni chimiche, accelerare il processo di reazione, migliorare l&#8217;efficienza e la selettivit\u00e0 della reazione.<\/p>\n<h2><span style=\"font-size: 14pt;\">Controllo qualit\u00e0<\/span><\/h2>\n<p><span style=\"color: #0000ff;\"><a style=\"color: #0000ff;\" href=\"https:\/\/vimaterial.de\/en\/quality-control\/\">Il controllo di qualit\u00e0<\/a><\/span> dei nostri prodotti \u00e8 molto rigoroso, dalla selezione di materie prime stabili e di elevata purezza, all&#8217;uso di attrezzature di precisione avanzate e tecnologia rigorosa durante il controllo preciso del processo di produzione, all&#8217;uso di metodi di test professionali sulle propriet\u00e0 fisiche, chimiche, microstrutturali e di altro tipo del prodotto dell&#8217;intera gamma di test approfonditi,  Ogni collegamento \u00e8 rigorosamente seguire gli standard internazionali elevati, per garantire che ogni lotto di materiali consegnato con qualit\u00e0 e stabilit\u00e0 eccellenti, per fornire ai clienti una garanzia di qualit\u00e0 solida e affidabile. Ci impegniamo a garantire che ogni lotto di materiali consegnato abbia un&#8217;eccellente qualit\u00e0 e stabilit\u00e0, fornendo ai clienti una garanzia di qualit\u00e0 solida e affidabile. <\/p>\n<h2><span style=\"font-size: 14pt;\">Imballaggio e stoccaggio<\/span><\/h2>\n<p>I bersagli sputtering di alluminato di cobalto sono confezionati in sacchetti e scatole sottovuoto doppi, con l&#8217;esterno imballato in scatole di cartone.<\/p>\n<p>I bersagli sputtering di alluminato di cobalto devono essere conservati in un ambiente asciutto, fresco e ben ventilato, protetto da umidit\u00e0, sostanze corrosive e impatti fisici violenti e con temperatura e umidit\u00e0 ambiente relativamente stabili.<\/p>\n","protected":false},"excerpt":{"rendered":"<p>Il bersaglio di sputtering di <a href=\"https:\/\/vimaterial.de\/en\/product\/cobalt-aluminate\/\"><span style=\"color: #0000ff;\">alluminato di cobalto <\/span><\/a>\u00e8 un materiale composto principalmente da ossidi di cobalto e alluminio, utilizzato nella deposizione fisica da vapore, nel processo di sputtering pu\u00f2 produrre cobalto, alluminio e altri ioni o atomi correlati depositati sul substrato per formare un film sottile, questo tipo di bersaglio ha una buona stabilit\u00e0 chimica, stabilit\u00e0 termica e propriet\u00e0 ottiche, ci sono molte applicazioni nel campo dell&#8217;ottica,  elettronica e altri settori.<\/p>\n","protected":false},"featured_media":1002158,"comment_status":"open","ping_status":"closed","template":"","meta":{"_acf_changed":false},"product_brand":[],"product_cat":[197],"product_tag":[],"class_list":{"0":"post-1014662","1":"product","2":"type-product","3":"status-publish","4":"has-post-thumbnail","6":"product_cat-obiettivi-di-sputtering-planari","8":"first","9":"instock","10":"shipping-taxable","11":"product-type-variable"},"acf":[],"_links":{"self":[{"href":"https:\/\/vimaterial.de\/it\/wp-json\/wp\/v2\/product\/1014662","targetHints":{"allow":["GET"]}}],"collection":[{"href":"https:\/\/vimaterial.de\/it\/wp-json\/wp\/v2\/product"}],"about":[{"href":"https:\/\/vimaterial.de\/it\/wp-json\/wp\/v2\/types\/product"}],"replies":[{"embeddable":true,"href":"https:\/\/vimaterial.de\/it\/wp-json\/wp\/v2\/comments?post=1014662"}],"wp:featuredmedia":[{"embeddable":true,"href":"https:\/\/vimaterial.de\/it\/wp-json\/wp\/v2\/media\/1002158"}],"wp:attachment":[{"href":"https:\/\/vimaterial.de\/it\/wp-json\/wp\/v2\/media?parent=1014662"}],"wp:term":[{"taxonomy":"product_brand","embeddable":true,"href":"https:\/\/vimaterial.de\/it\/wp-json\/wp\/v2\/product_brand?post=1014662"},{"taxonomy":"product_cat","embeddable":true,"href":"https:\/\/vimaterial.de\/it\/wp-json\/wp\/v2\/product_cat?post=1014662"},{"taxonomy":"product_tag","embeddable":true,"href":"https:\/\/vimaterial.de\/it\/wp-json\/wp\/v2\/product_tag?post=1014662"}],"curies":[{"name":"wp","href":"https:\/\/api.w.org\/{rel}","templated":true}]}}