{"id":1014645,"date":"2024-06-17T14:45:43","date_gmt":"2024-06-17T06:45:43","guid":{"rendered":"https:\/\/vimaterial.de\/product\/lega-di-cobalto-e-cromo\/"},"modified":"2025-04-16T13:33:09","modified_gmt":"2025-04-16T05:33:09","slug":"lega-di-cobalto-e-cromo","status":"publish","type":"product","link":"https:\/\/vimaterial.de\/it\/product\/lega-di-cobalto-e-cromo\/","title":{"rendered":"Lega di cobalto e cromo"},"content":{"rendered":"<p>Il bersaglio sputtering in <span style=\"color: #0000ff;\"><a style=\"color: #0000ff;\" href=\"https:\/\/vimaterial.de\/en\/search\/?type=name&amp;keyword=Cobalt+Chromium+Oxide\">lega di cobalto e cromo<\/a><\/span> \u00e8 un tipo di materiale in lega composto principalmente da cobalto e cromo, con elevata durezza, buona resistenza alla corrosione e resistenza all&#8217;ossidazione, adatto per la deposizione fisica da vapore, pu\u00f2 essere depositato sul substrato con eccellenti prestazioni del film sottile, ampiamente utilizzato nel campo dell&#8217;elettronica, della medicina, dei macchinari e cos\u00ec via.<\/p>\n<p>VIMATERIAL fornisce bersagli per sputtering in lega di cobalto e cromo. I nostri obiettivi di sputtering in lega di cobalto-cromo presentano i vantaggi di elevata purezza, buona densit\u00e0, buona struttura cristallina, eccellenti propriet\u00e0 del film sottile, elevata precisione dimensionale e alta efficienza di sputtering e possiamo anche fornire il servizio di legatura. <span style=\"color: #0000ff;\"><a style=\"color: #0000ff;\" href=\"https:\/\/vimaterial.de\/en\/contact-us\/\">Contattaci<\/a><\/span> subito. <\/p>\n<h2><span style=\"font-size: 14pt;\">Propriet\u00e0 fisiche<\/span><\/h2>\n<p>Formula molecolare: CoCr<\/p>\n<p>Peso molecolare: circa 55,5<\/p>\n<p>Aspetto: Solitamente bersagli metallici grigio argenteo<\/p>\n<p>Densit\u00e0: circa 8 &#8211; 9 g\/cm\u00b3.<\/p>\n<p>Punto di fusione: circa 1300 &#8211; 1500\u00b0C<\/p>\n<p>Struttura cristallina: struttura cristallina cubica a facce centrate (FCC), gli atomi sono disposti in modo ravvicinato, la lega fa s\u00ec che gli atomi formino legami metallici stretti.<\/p>\n<h2><span style=\"font-size: 14pt;\">Applicazioni<\/span><\/h2>\n<p>Elettronica: i bersagli sputtering in lega di cobalto cromo vengono utilizzati per produrre elettrodi e interconnessioni in componenti elettronici, ecc. Con la sua buona conduttivit\u00e0 e stabilit\u00e0, garantisce il funzionamento efficiente delle apparecchiature elettroniche e l&#8217;affidabilit\u00e0 della trasmissione del segnale. <\/p>\n<p>Campo medico: nei dispositivi medici, come articolazioni artificiali, impianti dentali, ecc., lo sputtering viene utilizzato per formare rivestimenti biocompatibili, resistenti all&#8217;usura e alla corrosione per migliorare la durata e la sicurezza degli impianti e ridurre il rischio di rigetto.<\/p>\n<p>Campo di produzione meccanica: applicato al trattamento di rafforzamento superficiale di parti meccaniche, come i componenti chiave dei motori delle automobili, gli utensili da taglio, ecc., Dopo il rivestimento sputtering per migliorarne la durezza, la resistenza all&#8217;usura e la resistenza alla corrosione, per prolungare la durata e la stabilit\u00e0 delle prestazioni delle parti meccaniche.<\/p>\n<p>Campo aerospaziale: utilizzato nella preparazione di rivestimenti protettivi per pale di motori aeronautici, componenti strutturali di aeromobili, ecc., per migliorare l&#8217;affidabilit\u00e0 dei materiali in ambienti estremi sfruttando le loro caratteristiche di resistenza alle alte temperature, resistenza all&#8217;ossidazione e alta resistenza e per garantire la sicurezza del volo e le prestazioni delle apparecchiature.<\/p>\n<h2><span style=\"font-size: 14pt;\">Controllo qualit\u00e0<\/span><\/h2>\n<p><span style=\"color: #0000ff;\"><a style=\"color: #0000ff;\" href=\"https:\/\/vimaterial.de\/en\/quality-control\/\">Il controllo di qualit\u00e0<\/a> <\/span>dei nostri prodotti \u00e8 molto rigoroso, dalla selezione di materie prime stabili e di elevata purezza, all&#8217;uso di attrezzature di precisione avanzate e tecnologia rigorosa durante il controllo preciso del processo di produzione, all&#8217;uso di metodi di test professionali sulle propriet\u00e0 fisiche, chimiche, microstrutturali e di altro tipo del prodotto dell&#8217;intera gamma di test approfonditi,  Ogni collegamento \u00e8 rigorosamente seguire gli standard internazionali elevati, per garantire che ogni lotto di materiali consegnato con qualit\u00e0 e stabilit\u00e0 eccellenti, per fornire ai clienti una garanzia di qualit\u00e0 solida e affidabile. Ci impegniamo a garantire che ogni lotto di materiali consegnato abbia un&#8217;eccellente qualit\u00e0 e stabilit\u00e0, fornendo ai clienti una garanzia di qualit\u00e0 solida e affidabile. <\/p>\n<h2><span style=\"font-size: 14pt;\">Imballaggio e stoccaggio<\/span><\/h2>\n<p>I bersagli sputtering in lega di cobalto e cromo sono confezionati in sacchetti e scatole sottovuoto a doppio strato e l&#8217;esterno \u00e8 confezionato in cartoni.<\/p>\n<p>I bersagli sputtering in lega di cobalto cromo devono essere conservati in un ambiente asciutto e ben ventilato con temperatura e umidit\u00e0 relativamente stabili, protetti da umidit\u00e0, ossidazione e impatto fisico e tenuti lontani da sostanze corrosive e forti fonti di campi magnetici.<\/p>\n","protected":false},"excerpt":{"rendered":"<p>Il bersaglio sputtering in <span style=\"color: #0000ff;\"><a style=\"color: #0000ff;\" href=\"https:\/\/vimaterial.de\/en\/search\/?type=name&amp;keyword=Cobalt+Chromium+Oxide\">lega di cobalto e cromo<\/a><\/span> \u00e8 un tipo di materiale in lega composto principalmente da cobalto e cromo, con elevata durezza, buona resistenza alla corrosione e resistenza all&#8217;ossidazione, adatto per la deposizione fisica da vapore, pu\u00f2 essere depositato sul substrato con eccellenti prestazioni del film sottile, ampiamente utilizzato nel campo dell&#8217;elettronica, della medicina, dei macchinari e cos\u00ec via.<\/p>\n","protected":false},"featured_media":1002173,"comment_status":"open","ping_status":"closed","template":"","meta":{"_acf_changed":false},"product_brand":[],"product_cat":[197],"product_tag":[],"class_list":{"0":"post-1014645","1":"product","2":"type-product","3":"status-publish","4":"has-post-thumbnail","6":"product_cat-obiettivi-di-sputtering-planari","8":"first","9":"instock","10":"shipping-taxable","11":"product-type-variable"},"acf":[],"_links":{"self":[{"href":"https:\/\/vimaterial.de\/it\/wp-json\/wp\/v2\/product\/1014645","targetHints":{"allow":["GET"]}}],"collection":[{"href":"https:\/\/vimaterial.de\/it\/wp-json\/wp\/v2\/product"}],"about":[{"href":"https:\/\/vimaterial.de\/it\/wp-json\/wp\/v2\/types\/product"}],"replies":[{"embeddable":true,"href":"https:\/\/vimaterial.de\/it\/wp-json\/wp\/v2\/comments?post=1014645"}],"wp:featuredmedia":[{"embeddable":true,"href":"https:\/\/vimaterial.de\/it\/wp-json\/wp\/v2\/media\/1002173"}],"wp:attachment":[{"href":"https:\/\/vimaterial.de\/it\/wp-json\/wp\/v2\/media?parent=1014645"}],"wp:term":[{"taxonomy":"product_brand","embeddable":true,"href":"https:\/\/vimaterial.de\/it\/wp-json\/wp\/v2\/product_brand?post=1014645"},{"taxonomy":"product_cat","embeddable":true,"href":"https:\/\/vimaterial.de\/it\/wp-json\/wp\/v2\/product_cat?post=1014645"},{"taxonomy":"product_tag","embeddable":true,"href":"https:\/\/vimaterial.de\/it\/wp-json\/wp\/v2\/product_tag?post=1014645"}],"curies":[{"name":"wp","href":"https:\/\/api.w.org\/{rel}","templated":true}]}}