{"id":1014632,"date":"2024-06-17T14:46:26","date_gmt":"2024-06-17T06:46:26","guid":{"rendered":"https:\/\/vimaterial.de\/product\/ossido-di-cobalto-e-cromo-2\/"},"modified":"2025-04-16T13:26:37","modified_gmt":"2025-04-16T05:26:37","slug":"ossido-di-cobalto-e-cromo-2","status":"publish","type":"product","link":"https:\/\/vimaterial.de\/it\/product\/ossido-di-cobalto-e-cromo-2\/","title":{"rendered":"Ossido di cobalto e cromo"},"content":{"rendered":"<p>Il bersaglio sputtering <span style=\"color: #0000ff;\"><a style=\"color: #0000ff;\" href=\"https:\/\/vimaterial.de\/en\/product\/cobalt-chromium-oxide\/\">dell&#8217;ossido di cobalto cromo<\/a><\/span> \u00e8 un materiale utilizzato nella tecnologia di deposizione fisica da vapore (PVD), che consiste principalmente di elementi di cobalto, cromo e ossigeno, nel processo di sputtering, i suoi atomi o molecole vengono bombardati da particelle ad alta energia e quindi depositati sulla superficie del substrato, che viene utilizzato per la preparazione di film sottili con propriet\u00e0 speciali,  come l&#8217;elevata durezza, la buona resistenza all&#8217;abrasione e alla corrosione, e svolge un ruolo chiave in molti campi, come l&#8217;elettronica, l&#8217;ottica e la meccanica. Svolge un ruolo chiave in molti campi come l&#8217;elettronica, l&#8217;ottica, la meccanica, ecc. <\/p>\n<p>VIMATERIAL fornisce bersagli sputtering di ossido di cobalto cromo sputtering, i nostri target di sputtering di ossido di cobalto cromo presentano i vantaggi di elevata purezza, buona densit\u00e0, buona struttura cristallina, eccellenti propriet\u00e0 del film sottile, elevata precisione dimensionale e alta efficienza di sputtering e siamo in grado di fornire il servizio di legatura, quindi vi preghiamo di <span style=\"color: #0000ff;\"><a style=\"color: #0000ff;\" href=\"https:\/\/vimaterial.de\/en\/contact-us\/\">contattarci<\/a><\/span> presto.<\/p>\n<h2><span style=\"font-size: 14pt;\">Propriet\u00e0 fisiche<\/span><\/h2>\n<p>Formula molecolare: CoCr2O4<\/p>\n<p>Peso molecolare: 226,9214 g\/mol<\/p>\n<p>Aspetto: di solito bersagli sputtering solidi neri o grigio scuro<\/p>\n<p>Densit\u00e0: 5-6 g\/cm3<\/p>\n<p>Punto di fusione: circa 1900-2100\u00b0C<\/p>\n<p>Struttura cristallina: Struttura comunemente spinello<\/p>\n<h2><span style=\"font-size: 14pt;\">Applicazioni<\/span><\/h2>\n<p>Campo elettronico: utilizzato nella produzione di componenti elettronici, pu\u00f2 formare un film sottile con specifiche propriet\u00e0 elettriche, per aiutare a miniaturizzare i prodotti elettronici e migliorare le prestazioni.<\/p>\n<p>Campo ottico: utilizzato in lenti ottiche, rivestimento, ecc., Pu\u00f2 ridurre efficacemente la riflessione della luce, migliorare la trasmissione della luce e migliorare le prestazioni dei sistemi ottici.<\/p>\n<p>Campo dei semiconduttori: come materiale chiave utilizzato nella produzione di chip semiconduttori, per fornire propriet\u00e0 fisiche e chimiche stabili per il chip per garantire lo sviluppo della tecnologia dei semiconduttori.<\/p>\n<p>Campo delle apparecchiature mediche: applicato al rivestimento di apparecchiature mediche, non solo per garantire una buona biocompatibilit\u00e0, ma ha anche determinate propriet\u00e0 meccaniche per soddisfare le esigenze dell&#8217;uso medico.<\/p>\n<p>Campo della produzione automobilistica: pu\u00f2 essere utilizzato nel trattamento superficiale di parti di motori di automobili, ecc., Per migliorarne la resistenza alle alte temperature e all&#8217;usura e ottimizzare le prestazioni e l&#8217;affidabilit\u00e0 delle automobili.<\/p>\n<h2><span style=\"font-size: 14pt;\">Controllo qualit\u00e0<\/span><\/h2>\n<p><span style=\"color: #0000ff;\"><a style=\"color: #0000ff;\" href=\"https:\/\/vimaterial.de\/en\/quality-control\/\">Il controllo di qualit\u00e0<\/a> <\/span>dei nostri prodotti \u00e8 molto rigoroso, dalla selezione di materie prime stabili e di elevata purezza, all&#8217;uso di attrezzature di precisione avanzate e tecnologia rigorosa durante il controllo preciso del processo di produzione, all&#8217;uso di metodi di test professionali sulle propriet\u00e0 fisiche, chimiche, microstrutturali e di altro tipo del prodotto dell&#8217;intera gamma di test approfonditi,  Ogni collegamento \u00e8 rigorosamente seguire gli standard internazionali elevati, per garantire che ogni lotto di materiali consegnato con qualit\u00e0 e stabilit\u00e0 eccellenti, per fornire ai clienti una garanzia di qualit\u00e0 solida e affidabile. Ci impegniamo a garantire che ogni lotto di materiali consegnato abbia un&#8217;eccellente qualit\u00e0 e stabilit\u00e0, fornendo ai clienti una garanzia di qualit\u00e0 solida e affidabile. <\/p>\n<h2><span style=\"font-size: 14pt;\">Imballaggio e stoccaggio<\/span><\/h2>\n<p>I bersagli per polverizzazione catodica di ossido di cobalto cromo sono confezionati in sacchetti e scatole sottovuoto a doppio strato e l&#8217;esterno \u00e8 confezionato in cartoni.<\/p>\n<p>I bersagli sputtering di ossido di cobalto cromo devono essere conservati in un ambiente asciutto e ben ventilato con temperatura e umidit\u00e0 relativamente stabili, protetti da umidit\u00e0, ossidazione e impatto fisico e tenuti lontani da sostanze corrosive e forti fonti di campi magnetici.<\/p>\n","protected":false},"excerpt":{"rendered":"<p>Il bersaglio sputtering <span style=\"color: #0000ff;\"><a style=\"color: #0000ff;\" href=\"https:\/\/vimaterial.de\/en\/product\/cobalt-chromium-oxide\/\">dell&#8217;ossido di cobalto cromo<\/a><\/span> \u00e8 un materiale utilizzato nella tecnologia di deposizione fisica da vapore (PVD), che consiste principalmente di elementi di cobalto, cromo e ossigeno, nel processo di sputtering, i suoi atomi o molecole vengono bombardati da particelle ad alta energia e quindi depositati sulla superficie del substrato, che viene utilizzato per la preparazione di film sottili con propriet\u00e0 speciali,  come l&#8217;elevata durezza, la buona resistenza all&#8217;abrasione e alla corrosione, e svolge un ruolo chiave in molti campi, come l&#8217;elettronica, l&#8217;ottica e la meccanica. Svolge un ruolo chiave in molti campi come l&#8217;elettronica, l&#8217;ottica, la meccanica, ecc. <\/p>\n","protected":false},"featured_media":1002181,"comment_status":"open","ping_status":"closed","template":"","meta":{"_acf_changed":false},"product_brand":[],"product_cat":[197],"product_tag":[],"class_list":{"0":"post-1014632","1":"product","2":"type-product","3":"status-publish","4":"has-post-thumbnail","6":"product_cat-obiettivi-di-sputtering-planari","8":"first","9":"instock","10":"shipping-taxable","11":"product-type-variable"},"acf":[],"_links":{"self":[{"href":"https:\/\/vimaterial.de\/it\/wp-json\/wp\/v2\/product\/1014632","targetHints":{"allow":["GET"]}}],"collection":[{"href":"https:\/\/vimaterial.de\/it\/wp-json\/wp\/v2\/product"}],"about":[{"href":"https:\/\/vimaterial.de\/it\/wp-json\/wp\/v2\/types\/product"}],"replies":[{"embeddable":true,"href":"https:\/\/vimaterial.de\/it\/wp-json\/wp\/v2\/comments?post=1014632"}],"wp:featuredmedia":[{"embeddable":true,"href":"https:\/\/vimaterial.de\/it\/wp-json\/wp\/v2\/media\/1002181"}],"wp:attachment":[{"href":"https:\/\/vimaterial.de\/it\/wp-json\/wp\/v2\/media?parent=1014632"}],"wp:term":[{"taxonomy":"product_brand","embeddable":true,"href":"https:\/\/vimaterial.de\/it\/wp-json\/wp\/v2\/product_brand?post=1014632"},{"taxonomy":"product_cat","embeddable":true,"href":"https:\/\/vimaterial.de\/it\/wp-json\/wp\/v2\/product_cat?post=1014632"},{"taxonomy":"product_tag","embeddable":true,"href":"https:\/\/vimaterial.de\/it\/wp-json\/wp\/v2\/product_tag?post=1014632"}],"curies":[{"name":"wp","href":"https:\/\/api.w.org\/{rel}","templated":true}]}}