{"id":1014626,"date":"2024-06-17T14:45:43","date_gmt":"2024-06-17T06:45:43","guid":{"rendered":"https:\/\/vimaterial.de\/product\/ossido-di-cobalto-e-cromo\/"},"modified":"2025-04-16T13:28:05","modified_gmt":"2025-04-16T05:28:05","slug":"ossido-di-cobalto-e-cromo","status":"publish","type":"product","link":"https:\/\/vimaterial.de\/it\/product\/ossido-di-cobalto-e-cromo\/","title":{"rendered":"Ossido di cobalto e cromo"},"content":{"rendered":"<p>La polvere di <span style=\"color: #0000ff;\"><a style=\"color: #0000ff;\" href=\"https:\/\/vimaterial.de\/en\/product\/cobalt-chromium-oxide-2\/\">ossido di cobalto e cromo<\/a><\/span> \u00e8 una polvere di ossido con struttura di spinello composta da cobalto e cromo, solitamente di colore nero o verde scuro, con buona stabilit\u00e0 chimica, resistenza alle alte temperature e propriet\u00e0 magnetiche, che ha potenziali applicazioni in materiali magnetici, pigmenti ceramici, catalizzatori e altri campi.<\/p>\n<p>VIAMTERIAL fornisce polvere di ossido di cobalto e cromo, la nostra polvere ha un&#8217;elevata purezza, una granulometria uniforme, una buona fluidit\u00e0, una buona compattazione, propriet\u00e0 chimiche stabili, ecc. Supportiamo anche l&#8217;imballaggio e l&#8217;ordinazione di piccoli lotti. Abbiamo un team di ricerca e sviluppo tecnico professionale, accettiamo la personalizzazione e la sperimentazione del prodotto, non esitate <span style=\"color: #0000ff;\"><a style=\"color: #0000ff;\" href=\"https:\/\/vimaterial.de\/en\/contact-us\/\">a contattarci.<\/a><\/span>  <\/p>\n<h2><span style=\"font-size: 14pt;\">Propriet\u00e0 fisiche<\/span><\/h2>\n<p>Formula molecolare: CoCr\u2082O\u2084<\/p>\n<p>Peso molecolare: circa 229,83<\/p>\n<p>Aspetto: polvere nera o verde scuro<\/p>\n<p>Densit\u00e0: circa 5,11 g\/cm\u00b3.<\/p>\n<p>Punto di fusione: circa 1900 &#8211; 2000\u00b0C<\/p>\n<p>Struttura cristallina: struttura di spinello, in cui gli ioni cobalto e cromo occupano specifiche posizioni del reticolo e gli ioni ossigeno formano l&#8217;impacchettamento cubico pi\u00f9 denso, che ha un&#8217;influenza chiave sulle sue propriet\u00e0 fisiche e chimiche.<\/p>\n<h2><span style=\"font-size: 14pt;\">Applicazioni<\/span><\/h2>\n<p>Campo di materiali magnetici: utilizzato nella preparazione di materiali magnetici permanenti ad alte prestazioni, con la sua esclusiva anisotropia dei cristalli magnetici e la forza di magnetizzazione della saturazione, pu\u00f2 soddisfare le esigenze di miniaturizzazione e ad alte prestazioni delle apparecchiature elettroniche per componenti magnetici e migliorare le prestazioni delle apparecchiature elettroniche.<\/p>\n<p>Campo dei pigmenti ceramici: utilizzata come pigmento nell&#8217;industria ceramica, la polvere di ossido di cobalto e cromo pu\u00f2 fornire colori stabili e vividi per i prodotti ceramici e la sua resistenza alle alte temperature e la forte stabilit\u00e0 chimica assicurano che i colori non sbiadiscano durante il processo di cottura, migliorando cos\u00ec l&#8217;effetto decorativo della ceramica.<\/p>\n<p>Campo catalizzatore: utilizzato in alcune reazioni catalitiche, come la purificazione dei gas di scarico delle automobili, ecc. La specifica struttura cristallina e l&#8217;attivit\u00e0 chimica della polvere di ossido di cobalto e cromo possono catalizzare efficacemente la conversione di gas nocivi, ridurre l&#8217;emissione di inquinanti di scarico e aiutare la protezione dell&#8217;ambiente. <\/p>\n<h2><span style=\"font-size: 14pt;\">Controllo qualit\u00e0<\/span><\/h2>\n<p><span style=\"color: #0000ff;\"><a style=\"color: #0000ff;\" href=\"https:\/\/vimaterial.de\/en\/quality-control\/\">Il controllo di qualit\u00e0<\/a> <\/span>di ogni lotto di prodotti viene effettuato durante l&#8217;intero processo di approvvigionamento delle materie prime, produzione e lavorazione, test e ispezione e imballaggio, seguendo rigorosamente gli standard internazionali e le norme del settore. Disponiamo di apparecchiature di collaudo avanzate, team di controllo qualit\u00e0 professionale e rigoroso sistema di controllo della qualit\u00e0 per garantire la qualit\u00e0 del prodotto. <\/p>\n<h2><span style=\"font-size: 14pt;\">Imballaggio e stoccaggio<\/span><\/h2>\n<p>La polvere di ossido di cobalto e cromo \u00e8 confezionata in un sacchetto sottovuoto a doppio strato o in un flacone sottovuoto a doppio strato con cartone esterno.<\/p>\n<p>La polvere di ossido di cobalto e cromo deve essere conservata in un ambiente asciutto, fresco e ben ventilato, sigillata e tenuta lontana dall&#8217;umidit\u00e0, dal contatto con acidi o alcali, materiali infiammabili e forti agenti ossidanti, e anche adeguatamente posizionata in conformit\u00e0 con le specifiche di sicurezza per la conservazione delle polveri di ossido.<\/p>\n","protected":false},"excerpt":{"rendered":"<p>La polvere di <span style=\"color: #0000ff;\"><a style=\"color: #0000ff;\" href=\"https:\/\/vimaterial.de\/en\/product\/cobalt-chromium-oxide-2\/\">ossido di cobalto e cromo<\/a><\/span> \u00e8 una polvere di ossido con struttura di spinello composta da cobalto e cromo, solitamente di colore nero o verde scuro, con buona stabilit\u00e0 chimica, resistenza alle alte temperature e propriet\u00e0 magnetiche, che ha potenziali applicazioni in materiali magnetici, pigmenti ceramici, catalizzatori e altri campi.<\/p>\n","protected":false},"featured_media":1002181,"comment_status":"open","ping_status":"closed","template":"","meta":{"_acf_changed":false},"product_brand":[],"product_cat":[206],"product_tag":[],"class_list":{"0":"post-1014626","1":"product","2":"type-product","3":"status-publish","4":"has-post-thumbnail","6":"product_cat-altri-materiali","8":"first","9":"instock","10":"shipping-taxable","11":"product-type-variable"},"acf":[],"_links":{"self":[{"href":"https:\/\/vimaterial.de\/it\/wp-json\/wp\/v2\/product\/1014626","targetHints":{"allow":["GET"]}}],"collection":[{"href":"https:\/\/vimaterial.de\/it\/wp-json\/wp\/v2\/product"}],"about":[{"href":"https:\/\/vimaterial.de\/it\/wp-json\/wp\/v2\/types\/product"}],"replies":[{"embeddable":true,"href":"https:\/\/vimaterial.de\/it\/wp-json\/wp\/v2\/comments?post=1014626"}],"wp:featuredmedia":[{"embeddable":true,"href":"https:\/\/vimaterial.de\/it\/wp-json\/wp\/v2\/media\/1002181"}],"wp:attachment":[{"href":"https:\/\/vimaterial.de\/it\/wp-json\/wp\/v2\/media?parent=1014626"}],"wp:term":[{"taxonomy":"product_brand","embeddable":true,"href":"https:\/\/vimaterial.de\/it\/wp-json\/wp\/v2\/product_brand?post=1014626"},{"taxonomy":"product_cat","embeddable":true,"href":"https:\/\/vimaterial.de\/it\/wp-json\/wp\/v2\/product_cat?post=1014626"},{"taxonomy":"product_tag","embeddable":true,"href":"https:\/\/vimaterial.de\/it\/wp-json\/wp\/v2\/product_tag?post=1014626"}],"curies":[{"name":"wp","href":"https:\/\/api.w.org\/{rel}","templated":true}]}}