{"id":1014615,"date":"2024-06-17T14:46:27","date_gmt":"2024-06-17T06:46:27","guid":{"rendered":"https:\/\/vimaterial.de\/product\/cobalto-cromo-alluminio\/"},"modified":"2025-04-16T13:25:02","modified_gmt":"2025-04-16T05:25:02","slug":"cobalto-cromo-alluminio","status":"publish","type":"product","link":"https:\/\/vimaterial.de\/it\/product\/cobalto-cromo-alluminio\/","title":{"rendered":"Cobalto Cromo Alluminio"},"content":{"rendered":"<p>Il bersaglio sputtering in <span style=\"color: #0000ff;\"><a style=\"color: #0000ff;\" href=\"https:\/\/vimaterial.de\/en\/product\/cobalt-chromium-alloy\/\">cobalto cromo alluminio<\/a> <\/span>\u00e8 un tipo di materiale in lega composto da cobalto, cromo e alluminio, che di solito ha una lucentezza metallica grigio-argento e una buona resistenza all&#8217;ossidazione ad alta temperatura, resistenza alla corrosione e stabilit\u00e0 termica, ed \u00e8 utilizzato principalmente nel processo di rivestimento sputtering, che pu\u00f2 essere depositato sul substrato ed \u00e8 adatto per la protezione di parti ad alta temperatura nel settore aerospaziale,  turbine a gas, motori di automobili e dispositivi elettronici.<\/p>\n<p>VIMATERIAL fornisce bersagli sputtering in cobalto-cromo alluminio. I nostri bersagli sputtering cobalto-cromo-alluminio sono caratterizzati da un&#8217;eccellente omogeneit\u00e0 compositiva, purezza ultra elevata ed eccellente stabilit\u00e0 allo sputtering e possiamo anche fornire servizi di legatura del bersaglio. Abbiamo un team di ricerca e sviluppo professionale e possiamo accettare personalizzazioni ed esperimenti, non esitate <span style=\"color: #0000ff;\"><a style=\"color: #0000ff;\" href=\"https:\/\/vimaterial.de\/en\/contact-us\/\">a contattarci.<\/a><\/span>  <\/p>\n<h2><span style=\"font-size: 14pt;\">Propriet\u00e0 fisiche<\/span><\/h2>\n<p>Formula molecolare: CoCrAl<\/p>\n<p>Aspetto: grigio argento, lucentezza metallica, superficie liscia.<\/p>\n<p>Densit\u00e0: circa 7 &#8211; 9 g\/cm\u00b3, influenzata dalla proporzione della composizione della lega.<\/p>\n<p>Punto di fusione: circa 1300 &#8211; 1500\u00b0C, varia in base alla composizione.<\/p>\n<p>Punto di ebollizione: circa 2800 &#8211; 3000\u00b0C, influenzato dalla proporzione della composizione della lega.<\/p>\n<p>Struttura cristallina: Struttura cubica principalmente a facce centrate (fcc).<\/p>\n<h2><span style=\"font-size: 14pt;\">Applicazioni<\/span><\/h2>\n<p>Campo aerospaziale: pu\u00f2 essere depositato sulla superficie dei componenti del motore aerospaziale per migliorare la resistenza dei componenti all&#8217;ossidazione e alla corrosione ad alta temperatura e prolungare la durata.<\/p>\n<p>Campo di energia e potenza: rivestimento di pale di turbine a gas e altri componenti ad alta temperatura per migliorare la loro resistenza alle alte temperature e all&#8217;erosione e garantire il funzionamento efficiente e stabile delle apparecchiature di conversione dell&#8217;energia.<\/p>\n<p>Nel campo della produzione automobilistica: sputtering su parti chiave dei motori delle automobili per formare un film protettivo, ridurre l&#8217;usura e la corrosione ad alta temperatura e contribuire a migliorare le prestazioni e la durata dei motori delle automobili.<\/p>\n<p>Nel campo dei dispositivi elettronici: \u00e8 possibile preparare rivestimenti speciali sulla superficie dei componenti elettronici per migliorarne le propriet\u00e0 elettriche e la stabilit\u00e0 e promuovere lo sviluppo della miniaturizzazione e delle alte prestazioni dei dispositivi elettronici.<\/p>\n<h2><span style=\"font-size: 14pt;\">Controllo qualit\u00e0<\/span><\/h2>\n<p><span style=\"color: #0000ff;\"><a style=\"color: #0000ff;\" href=\"https:\/\/vimaterial.de\/en\/quality-control\/\">I nostri prodotti<\/a><\/span> sono implementati il sistema di gestione della qualit\u00e0 pi\u00f9 rigoroso, i materiali in entrata, il processo, l&#8217;ispezione finale, l&#8217;ispezione in fabbrica hanno rigorosi standard di ispezione, per l&#8217;elaborazione non qualificata utilizzer\u00e0 rigorose misure di isolamento per evitare il flusso di prodotti non conformi nel processo successivo, in base alle esigenze del cliente fornir\u00e0 ai clienti campioni per i clienti da ispezionare nuovamente.<\/p>\n<h2><span style=\"font-size: 14pt;\">Imballaggio e stoccaggio<\/span><\/h2>\n<p>I bersagli sputtering cobalto-cromo alluminio sono confezionati in sacchetti e cartoni a doppio vuoto.<\/p>\n<p>I bersagli di sputtering di cobalto cromo alluminio devono essere conservati in un ambiente asciutto e ben ventilato con temperatura stabile, evitando il contatto con aria umida e sostanze chimiche corrosive, prevenendo l&#8217;ossidazione da umidit\u00e0 ed erosione chimica, oltre a evitare collisioni fisiche, vibrazioni e forti pressioni, per garantirne l&#8217;integrit\u00e0 strutturale e le prestazioni stabili.<\/p>\n<p>&nbsp;<\/p>\n","protected":false},"excerpt":{"rendered":"<p>Il bersaglio sputtering in <span style=\"color: #0000ff;\"><a style=\"color: #0000ff;\" href=\"https:\/\/vimaterial.de\/en\/product\/cobalt-chromium-alloy\/\">cobalto cromo alluminio<\/a> <\/span>\u00e8 un tipo di materiale in lega composto da cobalto, cromo e alluminio, che di solito ha una lucentezza metallica grigio-argento e una buona resistenza all&#8217;ossidazione ad alta temperatura, resistenza alla corrosione e stabilit\u00e0 termica, ed \u00e8 utilizzato principalmente nel processo di rivestimento sputtering, che pu\u00f2 essere depositato sul substrato ed \u00e8 adatto per la protezione di parti ad alta temperatura nel settore aerospaziale,  turbine a gas, motori di automobili e dispositivi elettronici.<\/p>\n","protected":false},"featured_media":1002190,"comment_status":"open","ping_status":"closed","template":"","meta":{"_acf_changed":false},"product_brand":[],"product_cat":[197],"product_tag":[],"class_list":{"0":"post-1014615","1":"product","2":"type-product","3":"status-publish","4":"has-post-thumbnail","6":"product_cat-obiettivi-di-sputtering-planari","8":"first","9":"instock","10":"shipping-taxable","11":"product-type-variable"},"acf":[],"_links":{"self":[{"href":"https:\/\/vimaterial.de\/it\/wp-json\/wp\/v2\/product\/1014615","targetHints":{"allow":["GET"]}}],"collection":[{"href":"https:\/\/vimaterial.de\/it\/wp-json\/wp\/v2\/product"}],"about":[{"href":"https:\/\/vimaterial.de\/it\/wp-json\/wp\/v2\/types\/product"}],"replies":[{"embeddable":true,"href":"https:\/\/vimaterial.de\/it\/wp-json\/wp\/v2\/comments?post=1014615"}],"wp:featuredmedia":[{"embeddable":true,"href":"https:\/\/vimaterial.de\/it\/wp-json\/wp\/v2\/media\/1002190"}],"wp:attachment":[{"href":"https:\/\/vimaterial.de\/it\/wp-json\/wp\/v2\/media?parent=1014615"}],"wp:term":[{"taxonomy":"product_brand","embeddable":true,"href":"https:\/\/vimaterial.de\/it\/wp-json\/wp\/v2\/product_brand?post=1014615"},{"taxonomy":"product_cat","embeddable":true,"href":"https:\/\/vimaterial.de\/it\/wp-json\/wp\/v2\/product_cat?post=1014615"},{"taxonomy":"product_tag","embeddable":true,"href":"https:\/\/vimaterial.de\/it\/wp-json\/wp\/v2\/product_tag?post=1014615"}],"curies":[{"name":"wp","href":"https:\/\/api.w.org\/{rel}","templated":true}]}}