{"id":1014600,"date":"2024-06-17T14:46:27","date_gmt":"2024-06-17T06:46:27","guid":{"rendered":"https:\/\/vimaterial.de\/product\/cobalto-cromo-ferro-nichel-2\/"},"modified":"2025-04-16T13:21:05","modified_gmt":"2025-04-16T05:21:05","slug":"cobalto-cromo-ferro-nichel-2","status":"publish","type":"product","link":"https:\/\/vimaterial.de\/it\/product\/cobalto-cromo-ferro-nichel-2\/","title":{"rendered":"Cobalto Cromo Ferro Nichel"},"content":{"rendered":"<p>L&#8217;obiettivo di sputtering del ferro e del <span style=\"color: #0000ff;\"><a style=\"color: #0000ff;\" href=\"https:\/\/vimaterial.de\/en\/product\/cobalt-chromium-iron-nickel\/\">cobalto<\/a> <\/span>cromo \u00e8 un tipo di materiale multilegato composto da cobalto, cromo, ferro e nichel, con l&#8217;aspetto di lucentezza metallica grigio argento, buona resistenza alla corrosione, alta resistenza, elevata tenacit\u00e0 ed eccellenti propriet\u00e0 magnetiche ed elettriche, utilizzato principalmente nel processo di rivestimento per sputtering, pu\u00f2 essere utilizzato nell&#8217;aerospaziale, nell&#8217;elettronica, nelle apparecchiature mediche, nell&#8217;industria chimica e in altri campi,  come il deposito di rivestimenti ad alte prestazioni sul substrato.<\/p>\n<p>VIMATERIAL offre bersagli sputtering Cobalto, Cromo, Ferro, Nichel. I nostri bersagli per sputtering di cobalto, cromo, ferro nichel sono caratterizzati da un&#8217;eccellente omogeneit\u00e0 compositiva, un&#8217;elevatissima purezza e un&#8217;eccellente stabilit\u00e0 allo sputtering, e siamo anche in grado di fornire servizi di legatura del bersaglio. Abbiamo un team di ricerca e sviluppo professionale e possiamo accettare personalizzazioni ed esperimenti, non esitate<span style=\"color: #0000ff;\"><a style=\"color: #0000ff;\" href=\"https:\/\/vimaterial.de\/en\/contact-us\/\"> a contattarci.<\/a><\/span>  <\/p>\n<h2><span style=\"font-size: 14pt;\">Propriet\u00e0 fisiche<\/span><\/h2>\n<p>Formula molecolare: CoCrFeNi<\/p>\n<p>Peso molecolare: circa 56,5 g\/mol<\/p>\n<p>Aspetto: Solitamente materiale bersaglio lucido metallico grigio argento.<\/p>\n<p>Densit\u00e0: circa 7,9 &#8211; 8,1 g\/cm\u00b3. <\/p>\n<p>Punto di fusione: all&#8217;incirca nell&#8217;intervallo 1300\u00b0C &#8211; 1400\u00b0C<\/p>\n<p>Punto di ebollizione: circa 2700\u00b0C-2900\u00b0C<\/p>\n<p>Struttura cristallina: Ha principalmente una struttura cristallina cubica a facce centrate (FCC), che gli conferisce una buona duttilit\u00e0, tenacit\u00e0 e resistenza alla corrosione.<\/p>\n<h2><span style=\"font-size: 14pt;\">Applicazioni<\/span><\/h2>\n<p>Campo aerospaziale: pu\u00f2 essere utilizzato per depositare rivestimenti ad alte prestazioni sulla superficie di parti aerospaziali per migliorarne la resistenza alle alte temperature, alla corrosione e alla fatica e per garantire il funzionamento affidabile degli aeromobili in ambienti estremi.<\/p>\n<p>Nel campo dell&#8217;elettronica e degli apparecchi elettrici: utilizzato nel rivestimento di componenti elettronici, in virt\u00f9 delle sue buone propriet\u00e0 elettriche e stabilit\u00e0, pu\u00f2 migliorare la conduttivit\u00e0 dei componenti, le interferenze antielettromagnetiche e altre caratteristiche e promuovere lo sviluppo della miniaturizzazione e dell&#8217;alta efficienza delle apparecchiature elettroniche.<\/p>\n<p>Campo dei dispositivi medici: preparare rivestimenti protettivi sulla superficie dei dispositivi medici, con l&#8217;aiuto della sua resistenza alla corrosione e biocompatibilit\u00e0, per prevenire efficacemente la corrosione del dispositivo e ridurre gli effetti negativi sul corpo umano, per prolungare la durata.<\/p>\n<p>Industria automobilistica: i rivestimenti speciali possono essere formati mediante sputtering in aree chiave come i motori automobilistici e i componenti dei freni per migliorare la resistenza all&#8217;usura, al calore e alla corrosione dei componenti e ottimizzare le prestazioni complessive e la durata dell&#8217;auto.<\/p>\n<h2><span style=\"font-size: 14pt;\">Controllo qualit\u00e0<\/span><\/h2>\n<p><span style=\"color: #0000ff;\"><a style=\"color: #0000ff;\" href=\"https:\/\/vimaterial.de\/en\/quality-control\/\">I nostri prodotti<\/a><\/span> sono implementati il sistema di gestione della qualit\u00e0 pi\u00f9 rigoroso, i materiali in entrata, il processo, l&#8217;ispezione finale, l&#8217;ispezione in fabbrica hanno rigorosi standard di ispezione, per l&#8217;elaborazione non qualificata utilizzer\u00e0 rigorose misure di isolamento per evitare il flusso di prodotti non conformi nel processo successivo, in base alle esigenze del cliente fornir\u00e0 ai clienti campioni per i clienti da ispezionare nuovamente.<\/p>\n<h2><span style=\"font-size: 14pt;\">Imballaggio e stoccaggio<\/span><\/h2>\n<p>I bersagli sputtering Cobalto, Cromo, Ferro, Nichel sono confezionati in sacchetti e cartoni a doppio vuoto.<\/p>\n<p>I bersagli sputtering di cobalto cromo ferro nichel devono essere conservati in un ambiente asciutto, fresco e ben ventilato, evitando il contatto con sostanze chimiche corrosive come acidi e alcali, prevenendo l&#8217;umidit\u00e0, l&#8217;ossidazione e la contaminazione da impurit\u00e0 ed evitando collisioni fisiche, attrito e forte pressione, in modo da garantire che le sue buone propriet\u00e0 fisiche e chimiche non vengano danneggiate.<\/p>\n<p>&nbsp;<\/p>\n","protected":false},"excerpt":{"rendered":"<p>L&#8217;obiettivo di sputtering del ferro e del <span style=\"color: #0000ff;\"><a style=\"color: #0000ff;\" href=\"https:\/\/vimaterial.de\/en\/product\/cobalt-chromium-iron-nickel\/\">cobalto<\/a> <\/span>cromo \u00e8 un tipo di materiale multilegato composto da cobalto, cromo, ferro e nichel, con l&#8217;aspetto di lucentezza metallica grigio argento, buona resistenza alla corrosione, alta resistenza, elevata tenacit\u00e0 ed eccellenti propriet\u00e0 magnetiche ed elettriche, utilizzato principalmente nel processo di rivestimento per sputtering, pu\u00f2 essere utilizzato nell&#8217;aerospaziale, nell&#8217;elettronica, nelle apparecchiature mediche, nell&#8217;industria chimica e in altri campi,  come il deposito di rivestimenti ad alte prestazioni sul substrato.<\/p>\n","protected":false},"featured_media":1002204,"comment_status":"open","ping_status":"closed","template":"","meta":{"_acf_changed":false},"product_brand":[],"product_cat":[197],"product_tag":[],"class_list":{"0":"post-1014600","1":"product","2":"type-product","3":"status-publish","4":"has-post-thumbnail","6":"product_cat-obiettivi-di-sputtering-planari","8":"first","9":"instock","10":"shipping-taxable","11":"product-type-variable"},"acf":[],"_links":{"self":[{"href":"https:\/\/vimaterial.de\/it\/wp-json\/wp\/v2\/product\/1014600","targetHints":{"allow":["GET"]}}],"collection":[{"href":"https:\/\/vimaterial.de\/it\/wp-json\/wp\/v2\/product"}],"about":[{"href":"https:\/\/vimaterial.de\/it\/wp-json\/wp\/v2\/types\/product"}],"replies":[{"embeddable":true,"href":"https:\/\/vimaterial.de\/it\/wp-json\/wp\/v2\/comments?post=1014600"}],"wp:featuredmedia":[{"embeddable":true,"href":"https:\/\/vimaterial.de\/it\/wp-json\/wp\/v2\/media\/1002204"}],"wp:attachment":[{"href":"https:\/\/vimaterial.de\/it\/wp-json\/wp\/v2\/media?parent=1014600"}],"wp:term":[{"taxonomy":"product_brand","embeddable":true,"href":"https:\/\/vimaterial.de\/it\/wp-json\/wp\/v2\/product_brand?post=1014600"},{"taxonomy":"product_cat","embeddable":true,"href":"https:\/\/vimaterial.de\/it\/wp-json\/wp\/v2\/product_cat?post=1014600"},{"taxonomy":"product_tag","embeddable":true,"href":"https:\/\/vimaterial.de\/it\/wp-json\/wp\/v2\/product_tag?post=1014600"}],"curies":[{"name":"wp","href":"https:\/\/api.w.org\/{rel}","templated":true}]}}