{"id":1014588,"date":"2024-06-17T14:46:28","date_gmt":"2024-06-17T06:46:28","guid":{"rendered":"https:\/\/vimaterial.de\/product\/fluoruro-di-cobaltoii\/"},"modified":"2025-04-16T13:17:13","modified_gmt":"2025-04-16T05:17:13","slug":"fluoruro-di-cobaltoii","status":"publish","type":"product","link":"https:\/\/vimaterial.de\/it\/product\/fluoruro-di-cobaltoii\/","title":{"rendered":"Fluoruro di cobalto (II)"},"content":{"rendered":"<p>La polvere di fluoruro di cobalto (II) \u00e8 una polvere composta da elementi di cobalto e fluoro, il colore \u00e8 solitamente rosso chiaro, con una certa igroscopicit\u00e0, stabilit\u00e0 chimica e conduttivit\u00e0 ionica, che ha potenziali applicazioni nel campo dei materiali per batterie, materiali ottici, catalizzatori e cos\u00ec via.<\/p>\n<p>VIAMTERIAL fornisce polvere di fluoruro di cobalto (II), la nostra polvere ha le caratteristiche di elevata purezza, granulometria uniforme, buona scorrevolezza, buona compattazione, propriet\u00e0 chimiche stabili, ecc. Supportiamo anche l&#8217;imballaggio e l&#8217;ordinazione di piccoli lotti. Abbiamo un team di ricerca e sviluppo tecnico professionale, accettiamo la personalizzazione e la sperimentazione del prodotto, non esitate <span style=\"color: #0000ff;\"><a style=\"color: #0000ff;\" href=\"https:\/\/vimaterial.de\/en\/contact-us\/\">a contattarci.<\/a><\/span>  <\/p>\n<h2><span style=\"font-size: 14pt;\">Propriet\u00e0 fisiche<\/span><\/h2>\n<p>Formula molecolare: CoF\u2082<\/p>\n<p>Peso molecolare: circa 96,93<\/p>\n<p>Aspetto: polvere rosso chiaro<\/p>\n<p>Densit\u00e0: circa 4,43 g\/cm\u00b3.<\/p>\n<p>Punto di fusione: circa 1200 &#8211; 1250\u00b0C<\/p>\n<p>Punto di ebollizione: circa 2200 &#8211; 2300\u00b0C<\/p>\n<p>Struttura cristallina: Struttura cristallina tetragonale rutila, in cui gli ioni cobalto e gli ioni fluoruro sono distribuiti in modo ordinato secondo una specifica disposizione spaziale, che ha un effetto sulle sue propriet\u00e0 fisiche e chimiche.<\/p>\n<h2><span style=\"font-size: 14pt;\">Applicazioni<\/span><\/h2>\n<p>Materiali della batteria: pu\u00f2 essere utilizzato come additivo per i materiali catodici delle batterie e, con le speciali propriet\u00e0 chimiche degli ioni fluoruro, pu\u00f2 migliorare la densit\u00e0 di energia e la stabilit\u00e0 del ciclo delle batterie e viene utilizzato nelle batterie al litio ad alte prestazioni e in altri campi.<\/p>\n<p>Materiali ottici: nella produzione di materiali ottici, pu\u00f2 essere utilizzato per regolare l&#8217;indice di rifrazione del materiale e le sue propriet\u00e0 ottiche possono essere utilizzate per produrre lenti ottiche, fibre ottiche, ecc., per migliorare le prestazioni ottiche dei componenti ottici.<\/p>\n<p>Campo del catalizzatore: Come catalizzatore, la polvere di fluoruro di cobalto (II) svolge un ruolo in alcune reazioni di sintesi organica, modificando l&#8217;energia di attivazione della reazione, migliora efficacemente la velocit\u00e0 di reazione e la selettivit\u00e0 e aiuta la produzione chimica.<\/p>\n<h2><span style=\"font-size: 14pt;\">Controllo qualit\u00e0<\/span><\/h2>\n<p><span style=\"color: #0000ff;\"><a style=\"color: #0000ff;\" href=\"https:\/\/vimaterial.de\/en\/quality-control\/\">Il controllo di qualit\u00e0<\/a> <\/span>di ogni lotto di prodotti viene effettuato durante l&#8217;intero processo di approvvigionamento delle materie prime, produzione e lavorazione, test e ispezione e imballaggio, seguendo rigorosamente gli standard internazionali e le norme del settore. Disponiamo di apparecchiature di collaudo avanzate, team di controllo qualit\u00e0 professionale e rigoroso sistema di controllo della qualit\u00e0 per garantire la qualit\u00e0 del prodotto. <\/p>\n<h2><span style=\"font-size: 14pt;\">Imballaggio e stoccaggio<\/span><\/h2>\n<p>La polvere di fluoruro di cobalto (II) \u00e8 confezionata in sacchetti sottovuoto a doppio strato o in flaconi sottovuoto a doppio strato con cartoni esterni.<\/p>\n<p>La polvere di fluoruro di cobalto (II) deve essere conservata in un ambiente asciutto, fresco, ben ventilato, sigillato, lontano da acqua, acidi e alcali ed evitare il contatto con sostanze infiammabili ed esplosive e posizionato correttamente in conformit\u00e0 con le disposizioni della conservazione dei reagenti chimici.<\/p>\n<p>&nbsp;<\/p>\n","protected":false},"excerpt":{"rendered":"<p>La polvere di fluoruro di cobalto (II) \u00e8 una polvere composta da elementi di cobalto e fluoro, il colore \u00e8 solitamente rosso chiaro, con una certa igroscopicit\u00e0, stabilit\u00e0 chimica e conduttivit\u00e0 ionica, che ha potenziali applicazioni nel campo dei materiali per batterie, materiali ottici, catalizzatori e cos\u00ec via.<\/p>\n","protected":false},"featured_media":1002219,"comment_status":"open","ping_status":"closed","template":"","meta":{"_acf_changed":false},"product_brand":[],"product_cat":[201],"product_tag":[],"class_list":{"0":"post-1014588","1":"product","2":"type-product","3":"status-publish","4":"has-post-thumbnail","6":"product_cat-materiali-a-base-di-alogenuri","8":"first","9":"instock","10":"shipping-taxable","11":"purchasable","12":"product-type-variable"},"acf":[],"_links":{"self":[{"href":"https:\/\/vimaterial.de\/it\/wp-json\/wp\/v2\/product\/1014588","targetHints":{"allow":["GET"]}}],"collection":[{"href":"https:\/\/vimaterial.de\/it\/wp-json\/wp\/v2\/product"}],"about":[{"href":"https:\/\/vimaterial.de\/it\/wp-json\/wp\/v2\/types\/product"}],"replies":[{"embeddable":true,"href":"https:\/\/vimaterial.de\/it\/wp-json\/wp\/v2\/comments?post=1014588"}],"wp:featuredmedia":[{"embeddable":true,"href":"https:\/\/vimaterial.de\/it\/wp-json\/wp\/v2\/media\/1002219"}],"wp:attachment":[{"href":"https:\/\/vimaterial.de\/it\/wp-json\/wp\/v2\/media?parent=1014588"}],"wp:term":[{"taxonomy":"product_brand","embeddable":true,"href":"https:\/\/vimaterial.de\/it\/wp-json\/wp\/v2\/product_brand?post=1014588"},{"taxonomy":"product_cat","embeddable":true,"href":"https:\/\/vimaterial.de\/it\/wp-json\/wp\/v2\/product_cat?post=1014588"},{"taxonomy":"product_tag","embeddable":true,"href":"https:\/\/vimaterial.de\/it\/wp-json\/wp\/v2\/product_tag?post=1014588"}],"curies":[{"name":"wp","href":"https:\/\/api.w.org\/{rel}","templated":true}]}}