{"id":1014582,"date":"2024-06-17T14:46:27","date_gmt":"2024-06-17T06:46:27","guid":{"rendered":"https:\/\/vimaterial.de\/product\/cobalto-cromo-ferro-nichel-manganese\/"},"modified":"2025-04-16T13:19:27","modified_gmt":"2025-04-16T05:19:27","slug":"cobalto-cromo-ferro-nichel-manganese","status":"publish","type":"product","link":"https:\/\/vimaterial.de\/it\/product\/cobalto-cromo-ferro-nichel-manganese\/","title":{"rendered":"Cobalto Cromo Ferro Nichel Manganese"},"content":{"rendered":"<p><span style=\"color: #0000ff;\"><a style=\"color: #0000ff;\" href=\"https:\/\/vimaterial.de\/en\/product\/cobalt-chromium-iron-nickel\/\">Cobalto Cromo Ferro Nichel Manganese<\/a><\/span> La polvere \u00e8 una polvere multilega di colore grigio argento, che combina le propriet\u00e0 di cobalto, cromo, ferro, nichel e manganese, con buona resistenza, tenacit\u00e0, resistenza alla corrosione, resistenza all&#8217;ossidazione e adattabilit\u00e0 ad ambienti complessi, che ha un potenziale per l&#8217;applicazione in molti campi come la produzione di fascia alta e lo sviluppo di nuovi materiali.<\/p>\n<p>VIAMTERIAL fornisce polvere di cobalto, cromo, ferro, nichel, manganese, la nostra polvere ha le caratteristiche di elevata purezza, granulometria uniforme, buona fluidit\u00e0, buona compattazione, propriet\u00e0 chimiche stabili, ecc. Supportiamo anche l&#8217;imballaggio e l&#8217;ordinazione di piccoli lotti. Abbiamo un team di ricerca e sviluppo tecnico professionale, accettiamo la personalizzazione e la sperimentazione del prodotto, non esitate<span style=\"color: #0000ff;\"><a style=\"color: #0000ff;\" href=\"https:\/\/vimaterial.de\/en\/contact-us\/\"> a contattarci.<\/a><\/span>  <\/p>\n<h2><span style=\"font-size: 14pt;\">Propriet\u00e0 fisiche<\/span><\/h2>\n<p>Formula molecolare: CoCrFeNiMn<\/p>\n<p>Aspetto: polvere grigio argento<\/p>\n<p>Densit\u00e0: circa 7,8 &#8211; 8,5 g\/cm\u00b3.<\/p>\n<p>Punto di fusione: approssimativamente tra 1200 &#8211; 1350\u00b0C<\/p>\n<p>Struttura cristallina: struttura cubica principalmente a facce centrate (FCC), questa struttura favorisce il conferimento alla lega di buone propriet\u00e0 meccaniche complessive.<\/p>\n<h2><span style=\"font-size: 14pt;\">Applicazioni<\/span><\/h2>\n<p>Aerospaziale: utilizzato nella produzione di componenti ad alta temperatura di motori aeronautici e parti strutturali di aeromobili, con le sue eccellenti propriet\u00e0 di resistenza alle alte temperature e antifatica, per soddisfare i requisiti delle rigorose condizioni di lavoro dell&#8217;industria aerospaziale, per garantire la sicurezza del volo e il miglioramento delle prestazioni.<\/p>\n<p>Campo dell&#8217;ingegneria navale: nell&#8217;ingegneria navale, i materiali realizzati con questa polvere sono ampiamente utilizzati nelle apparecchiature di desalinizzazione, nelle condutture sottomarine, ecc., sfruttando la sua eccellente resistenza alla corrosione dell&#8217;acqua di mare e le propriet\u00e0 meccaniche per garantire che le strutture funzionino stabilmente per un lungo periodo di tempo nel duro ambiente marino.<\/p>\n<p>Campo biomedico: utilizzato nella produzione di articolazioni artificiali, impianti dentali e altri dispositivi medici, la buona biocompatibilit\u00e0 e le propriet\u00e0 di resistenza all&#8217;usura della lega in polvere di cobalto-cromo ferro nichel-manganese, in modo che possa essere sicura ed efficace nel corpo per svolgere una funzione per migliorare la qualit\u00e0 della vita dei pazienti.<\/p>\n<p>Energia: nella produzione di componenti chiave per apparecchiature per la generazione di energia nucleare e turbine eoliche, le polveri di cobalto, cromo, ferro, nichel, manganese si basano sulla loro resistenza alle radiazioni, resistenza alla corrosione e alta resistenza per garantire il funzionamento affidabile ed efficiente delle apparecchiature energetiche in ambienti complessi e difficili e per promuovere lo sviluppo stabile dell&#8217;industria energetica.<\/p>\n<h2><span style=\"font-size: 14pt;\">Controllo qualit\u00e0<\/span><\/h2>\n<p><span style=\"color: #0000ff;\"><a style=\"color: #0000ff;\" href=\"https:\/\/vimaterial.de\/en\/quality-control\/\">Il controllo di qualit\u00e0<\/a> <\/span>di ogni lotto di prodotti viene effettuato durante l&#8217;intero processo di approvvigionamento delle materie prime, produzione e lavorazione, test e ispezione e imballaggio, seguendo rigorosamente gli standard internazionali e le norme del settore. Disponiamo di apparecchiature di collaudo avanzate, team di controllo qualit\u00e0 professionale e rigoroso sistema di controllo della qualit\u00e0 per garantire la qualit\u00e0 del prodotto. <\/p>\n<h2><span style=\"font-size: 14pt;\">Imballaggio e stoccaggio<\/span><\/h2>\n<p>La polvere di cobalto, cromo, ferro, nichel, manganese \u00e8 confezionata in doppi sacchetti sottovuoto o doppi flaconi sottovuoto con cartoni esterni.<\/p>\n<p>La polvere di cobalto cromo ferro nichel manganese deve essere conservata in un ambiente asciutto, fresco e ben ventilato, sigillata per prevenire l&#8217;umidit\u00e0, l&#8217;ossidazione e la contaminazione da impurit\u00e0 e deve essere tenuta lontana da fuoco, sostanze acide e alcaline e agenti ossidanti forti e posizionata correttamente in conformit\u00e0 con le specifiche per lo stoccaggio delle polveri di lega.<\/p>\n","protected":false},"excerpt":{"rendered":"<p><span style=\"color: #0000ff;\"><a style=\"color: #0000ff;\" href=\"https:\/\/vimaterial.de\/en\/product\/cobalt-chromium-iron-nickel\/\">Cobalto Cromo Ferro Nichel Manganese<\/a><\/span> La polvere \u00e8 una polvere multilega di colore grigio argento, che combina le propriet\u00e0 di cobalto, cromo, ferro, nichel e manganese, con buona resistenza, tenacit\u00e0, resistenza alla corrosione, resistenza all&#8217;ossidazione e adattabilit\u00e0 ad ambienti complessi, che ha un potenziale per l&#8217;applicazione in molti campi come la produzione di fascia alta e lo sviluppo di nuovi materiali.<\/p>\n","protected":false},"featured_media":1002212,"comment_status":"open","ping_status":"closed","template":"","meta":{"_acf_changed":false},"product_brand":[],"product_cat":[212],"product_tag":[],"class_list":{"0":"post-1014582","1":"product","2":"type-product","3":"status-publish","4":"has-post-thumbnail","6":"product_cat-polvere-di-metallo-puro-e-leghe","8":"first","9":"instock","10":"shipping-taxable","11":"product-type-variable"},"acf":[],"_links":{"self":[{"href":"https:\/\/vimaterial.de\/it\/wp-json\/wp\/v2\/product\/1014582","targetHints":{"allow":["GET"]}}],"collection":[{"href":"https:\/\/vimaterial.de\/it\/wp-json\/wp\/v2\/product"}],"about":[{"href":"https:\/\/vimaterial.de\/it\/wp-json\/wp\/v2\/types\/product"}],"replies":[{"embeddable":true,"href":"https:\/\/vimaterial.de\/it\/wp-json\/wp\/v2\/comments?post=1014582"}],"wp:featuredmedia":[{"embeddable":true,"href":"https:\/\/vimaterial.de\/it\/wp-json\/wp\/v2\/media\/1002212"}],"wp:attachment":[{"href":"https:\/\/vimaterial.de\/it\/wp-json\/wp\/v2\/media?parent=1014582"}],"wp:term":[{"taxonomy":"product_brand","embeddable":true,"href":"https:\/\/vimaterial.de\/it\/wp-json\/wp\/v2\/product_brand?post=1014582"},{"taxonomy":"product_cat","embeddable":true,"href":"https:\/\/vimaterial.de\/it\/wp-json\/wp\/v2\/product_cat?post=1014582"},{"taxonomy":"product_tag","embeddable":true,"href":"https:\/\/vimaterial.de\/it\/wp-json\/wp\/v2\/product_tag?post=1014582"}],"curies":[{"name":"wp","href":"https:\/\/api.w.org\/{rel}","templated":true}]}}