{"id":1014572,"date":"2024-06-17T14:46:28","date_gmt":"2024-06-17T06:46:28","guid":{"rendered":"https:\/\/vimaterial.de\/product\/fluoruro-di-cobaltoiii\/"},"modified":"2025-04-16T13:12:45","modified_gmt":"2025-04-16T05:12:45","slug":"fluoruro-di-cobaltoiii","status":"publish","type":"product","link":"https:\/\/vimaterial.de\/it\/product\/fluoruro-di-cobaltoiii\/","title":{"rendered":"Fluoruro di cobalto (III)"},"content":{"rendered":"<p>La polvere di <span style=\"color: #0000ff;\"><a style=\"color: #0000ff;\" href=\"https:\/\/vimaterial.de\/en\/product\/cobaltii-fluoride\/\">fluoruro di cobalto (III)<\/a><\/span> \u00e8 una polvere composta contenente cobalto e fluoro, solitamente di colore verde o marrone, con forti propriet\u00e0 ossidanti, elevata attivit\u00e0 chimica e potenziali applicazioni nelle reazioni di fluorurazione, nello sviluppo di materiali per batterie e in alcune sintesi organiche.<\/p>\n<p>VIAMTERIAL fornisce polvere di fluoruro di cobalto (III). Le nostre polveri sono caratterizzate da elevata purezza, granulometria uniforme, buona scorrevolezza, buona compattazione, propriet\u00e0 chimiche stabili, ecc. Supportiamo anche l&#8217;imballaggio e l&#8217;ordinazione di piccoli lotti. Abbiamo un team di ricerca e sviluppo tecnico professionale, accettiamo la personalizzazione e la sperimentazione del prodotto, non esitate <span style=\"color: #0000ff;\"><a style=\"color: #0000ff;\" href=\"https:\/\/vimaterial.de\/en\/contact-us\/\">a contattarci.<\/a><\/span>   <\/p>\n<h2><span style=\"font-size: 14pt;\">Propriet\u00e0 fisiche<\/span><\/h2>\n<p>Formula molecolare: CoF\u2083<\/p>\n<p>Peso molecolare: circa 115,93<\/p>\n<p>Aspetto: polvere verde o marrone.<\/p>\n<p>Densit\u00e0: circa 3,88 g\/cm\u00b3.<\/p>\n<p>Punto di fusione: circa 1100 &#8211; 1200\u00b0C<\/p>\n<p>Punto di ebollizione: circa 1200 &#8211; 1300\u00b0C.<\/p>\n<p>Struttura cristallina: Appartiene al sistema cristallino esagonale, in cui gli ioni cobalto e gli ioni fluoro formano cristalli in una specifica disposizione spaziale, e questa struttura ha un&#8217;influenza importante sulle sue propriet\u00e0 fisiche e chimiche.<\/p>\n<h2><span style=\"font-size: 14pt;\">Applicazioni<\/span><\/h2>\n<p>Campo dell&#8217;agente fluorurante: La polvere di fluoruro di cobalto (III) viene utilizzata come un forte agente fluorurante, che pu\u00f2 introdurre in modo efficiente gli atomi di fluoro nella reazione di fluorurazione dei composti organici e promuovere la sintesi di prodotti chimici fini contenenti fluoro per le industrie farmaceutiche e dei pesticidi.<\/p>\n<p>Materiali per batterie: nello sviluppo della tecnologia delle batterie, le polveri di fluoruro di cobalto (III) sono state esplorate per l&#8217;uso come materiali per elettrodi in nuove batterie ad alta densit\u00e0 di energia per migliorare le prestazioni della batteria grazie alle loro propriet\u00e0 redox uniche.<\/p>\n<p>Campo catalitico: pu\u00f2 essere utilizzato come catalizzatore in alcune reazioni chimiche specifiche, accelerando il processo di reazione e migliorando l&#8217;efficienza della produzione chimica attraverso il suo effetto catalitico ad alta attivit\u00e0.<\/p>\n<h2><span style=\"font-size: 14pt;\">Controllo qualit\u00e0<\/span><\/h2>\n<p><span style=\"color: #0000ff;\"><a style=\"color: #0000ff;\" href=\"https:\/\/vimaterial.de\/en\/quality-control\/\">Il controllo di qualit\u00e0<\/a><\/span> di ogni lotto di prodotti viene effettuato durante l&#8217;intero processo di approvvigionamento delle materie prime, produzione e lavorazione, test e ispezione e imballaggio, seguendo rigorosamente gli standard internazionali e le norme del settore. Disponiamo di apparecchiature di collaudo avanzate, team di controllo qualit\u00e0 professionale e rigoroso sistema di controllo della qualit\u00e0 per garantire la qualit\u00e0 del prodotto. <\/p>\n<h2><span style=\"font-size: 14pt;\">Imballaggio e stoccaggio<\/span><\/h2>\n<p>Le polveri di fluoruro di cobalto (III) sono confezionate in sacchetti a doppio vuoto o in flaconi a doppio vuoto con cartoni esterni.<\/p>\n<p>Le polveri di fluoruro di cobalto(III) devono essere conservate in un ambiente asciutto, fresco e ben ventilato, al riparo dalla luce, sigillato e lontano da materiali infiammabili, agenti riducenti, acqua e umidit\u00e0 e in conformit\u00e0 con i requisiti di stoccaggio per le sostanze chimiche pericolose.<\/p>\n","protected":false},"excerpt":{"rendered":"<p>La polvere di <span style=\"color: #0000ff;\"><a style=\"color: #0000ff;\" href=\"https:\/\/vimaterial.de\/en\/product\/cobaltii-fluoride\/\">fluoruro di cobalto (III)<\/a><\/span> \u00e8 una polvere composta contenente cobalto e fluoro, solitamente di colore verde o marrone, con forti propriet\u00e0 ossidanti, elevata attivit\u00e0 chimica e potenziali applicazioni nelle reazioni di fluorurazione, nello sviluppo di materiali per batterie e in alcune sintesi organiche.<\/p>\n","protected":false},"featured_media":1002226,"comment_status":"open","ping_status":"closed","template":"","meta":{"_acf_changed":false},"product_brand":[],"product_cat":[201],"product_tag":[],"class_list":{"0":"post-1014572","1":"product","2":"type-product","3":"status-publish","4":"has-post-thumbnail","6":"product_cat-materiali-a-base-di-alogenuri","8":"first","9":"instock","10":"shipping-taxable","11":"purchasable","12":"product-type-variable"},"acf":[],"_links":{"self":[{"href":"https:\/\/vimaterial.de\/it\/wp-json\/wp\/v2\/product\/1014572","targetHints":{"allow":["GET"]}}],"collection":[{"href":"https:\/\/vimaterial.de\/it\/wp-json\/wp\/v2\/product"}],"about":[{"href":"https:\/\/vimaterial.de\/it\/wp-json\/wp\/v2\/types\/product"}],"replies":[{"embeddable":true,"href":"https:\/\/vimaterial.de\/it\/wp-json\/wp\/v2\/comments?post=1014572"}],"wp:featuredmedia":[{"embeddable":true,"href":"https:\/\/vimaterial.de\/it\/wp-json\/wp\/v2\/media\/1002226"}],"wp:attachment":[{"href":"https:\/\/vimaterial.de\/it\/wp-json\/wp\/v2\/media?parent=1014572"}],"wp:term":[{"taxonomy":"product_brand","embeddable":true,"href":"https:\/\/vimaterial.de\/it\/wp-json\/wp\/v2\/product_brand?post=1014572"},{"taxonomy":"product_cat","embeddable":true,"href":"https:\/\/vimaterial.de\/it\/wp-json\/wp\/v2\/product_cat?post=1014572"},{"taxonomy":"product_tag","embeddable":true,"href":"https:\/\/vimaterial.de\/it\/wp-json\/wp\/v2\/product_tag?post=1014572"}],"curies":[{"name":"wp","href":"https:\/\/api.w.org\/{rel}","templated":true}]}}