{"id":1014538,"date":"2024-06-17T14:46:30","date_gmt":"2024-06-17T06:46:30","guid":{"rendered":"https:\/\/vimaterial.de\/product\/ossido-di-ferro-e-cobalto\/"},"modified":"2025-04-16T11:23:46","modified_gmt":"2025-04-16T03:23:46","slug":"ossido-di-ferro-e-cobalto","status":"publish","type":"product","link":"https:\/\/vimaterial.de\/it\/product\/ossido-di-ferro-e-cobalto\/","title":{"rendered":"Ossido di ferro cobalto"},"content":{"rendered":"<p>Il bersaglio sputtering <span style=\"color: #0000ff;\"><a style=\"color: #0000ff;\" href=\"https:\/\/vimaterial.de\/en\/product\/cobalt-iron-boron\/\">dell&#8217;ossido di ferro cobalto<\/a> <\/span>\u00e8 un tipo di materiale ceramico magnetico della struttura dello spinello composto da cobalto, ferro e ossigeno, solitamente di aspetto nero o nero-marrone, con elevata forza di magnetizzazione di saturazione, alta coercitivit\u00e0 e buona stabilit\u00e0 chimica. Viene utilizzato principalmente nel processo di rivestimento sputtering, che \u00e8 in grado di depositare film sottili magnetici ad alte prestazioni sul substrato adatto per i campi della registrazione magnetica, dei sensori magnetici e dei dispositivi a microonde. <\/p>\n<p>VIMATERIAL fornisce bersagli sputtering in ossido di ferro cobalto. I nostri bersagli sputtering di ossido di ferro cobalto sono caratterizzati da un&#8217;eccellente omogeneit\u00e0 compositiva, purezza ultra elevata ed eccellente stabilit\u00e0 allo sputtering, e possiamo anche fornire servizi di legatura del bersaglio. Abbiamo un team di ricerca e sviluppo professionale e possiamo accettare personalizzazioni ed esperimenti, non esitate <span style=\"color: #0000ff;\"><a style=\"color: #0000ff;\" href=\"https:\/\/vimaterial.de\/en\/contact-us\/\">a contattarci.<\/a><\/span>  <\/p>\n<h2><span style=\"font-size: 14pt;\">Propriet\u00e0 fisiche<\/span><\/h2>\n<p>Formula molecolare: CoFe\u2082O\u2084<\/p>\n<p>Peso molecolare: circa 234,63 g\/mol<\/p>\n<p>Aspetto: Solitamente materiale bersaglio lucido nero o nero-marrone.<\/p>\n<p>Densit\u00e0: circa 5,3 g\/cm\u00b3 circa.<\/p>\n<p>Struttura cristallina: Appartiene alla struttura dello spinello del sistema cristallino cubico. Nel cristallo, gli ioni ossigeno sono cubici a facce centrate e strettamente impacchettati, gli ioni Co\u00b2\u207a e Fe\u00b3\u207a occupano rispettivamente le posizioni interstiziali tetraedriche e ottaedriche, e questa struttura gli conferisce buone propriet\u00e0 magnetiche e stabilit\u00e0 chimica. <\/p>\n<h2><span style=\"font-size: 14pt;\">Applicazioni<\/span><\/h2>\n<p>Campo di registrazione magnetico: le pellicole magnetiche ad alta coercitivit\u00e0 possono essere depositate nella produzione di supporti di registrazione magnetici, migliorando efficacemente la densit\u00e0 e la stabilit\u00e0 dell&#8217;archiviazione dei dati.<\/p>\n<p>Sensori magnetici: utilizzato nella preparazione di sensori magnetici, il film sottile depositato pu\u00f2 rilevare acutamente i cambiamenti nel campo magnetico e ottenere un rilevamento ad alta precisione di grandezze fisiche e conversione del segnale.<\/p>\n<p>Dispositivi a microonde: nei dispositivi a microonde, le pellicole realizzate a partire da questo bersaglio possono regolare le caratteristiche elettromagnetiche e ottimizzare la trasmissione, la riflessione e l&#8217;assorbimento delle microonde.<\/p>\n<p>Nel campo dei dispositivi elettronici, i film sottili possono fornire speciali propriet\u00e0 magnetiche per i dispositivi elettronici, che possono aiutare a migliorare le prestazioni e la miniaturizzazione di componenti come induttori e trasformatori.<\/p>\n<h2><span style=\"font-size: 14pt;\">Controllo qualit\u00e0<\/span><\/h2>\n<p><span style=\"color: #0000ff;\"><a style=\"color: #0000ff;\" href=\"https:\/\/vimaterial.de\/en\/quality-control\/\">I nostri prodotti<\/a><\/span> sono implementati il sistema di gestione della qualit\u00e0 pi\u00f9 rigoroso, i materiali in entrata, il processo, l&#8217;ispezione finale, l&#8217;ispezione in fabbrica hanno rigorosi standard di ispezione, per l&#8217;elaborazione non qualificata utilizzer\u00e0 rigorose misure di isolamento per evitare il flusso di prodotti non conformi nel processo successivo, in base alle esigenze del cliente fornir\u00e0 ai clienti campioni per i clienti da ispezionare nuovamente.<\/p>\n<h2><span style=\"font-size: 14pt;\">Imballaggio e stoccaggio<\/span><\/h2>\n<p>I bersagli sputtering di ossido di ferro cobalto sono confezionati in sacchetti e cartoni a doppio vuoto.<\/p>\n<p>I bersagli sputtering di ossido di ferro cobalto devono essere conservati in un ambiente asciutto, fresco e ben ventilato, evitando il contatto con sostanze chimiche corrosive come acidi e alcali, prevenendo l&#8217;umidit\u00e0, l&#8217;ossidazione e la contaminazione da impurit\u00e0 ed evitando collisioni fisiche, attrito e forte pressione per mantenere la stabilit\u00e0 chimica e le propriet\u00e0 fisiche.<\/p>\n","protected":false},"excerpt":{"rendered":"<p>Il bersaglio sputtering <span style=\"color: #0000ff;\"><a style=\"color: #0000ff;\" href=\"https:\/\/vimaterial.de\/en\/product\/cobalt-iron-boron\/\">dell&#8217;ossido di ferro cobalto<\/a> <\/span>\u00e8 un tipo di materiale ceramico magnetico della struttura dello spinello composto da cobalto, ferro e ossigeno, solitamente di aspetto nero o nero-marrone, con elevata forza di magnetizzazione di saturazione, alta coercitivit\u00e0 e buona stabilit\u00e0 chimica. Viene utilizzato principalmente nel processo di rivestimento sputtering, che \u00e8 in grado di depositare film sottili magnetici ad alte prestazioni sul substrato adatto per i campi della registrazione magnetica, dei sensori magnetici e dei dispositivi a microonde. <\/p>\n","protected":false},"featured_media":1002253,"comment_status":"open","ping_status":"closed","template":"","meta":{"_acf_changed":false},"product_brand":[],"product_cat":[197],"product_tag":[],"class_list":{"0":"post-1014538","1":"product","2":"type-product","3":"status-publish","4":"has-post-thumbnail","6":"product_cat-obiettivi-di-sputtering-planari","8":"first","9":"instock","10":"shipping-taxable","11":"product-type-variable"},"acf":[],"_links":{"self":[{"href":"https:\/\/vimaterial.de\/it\/wp-json\/wp\/v2\/product\/1014538","targetHints":{"allow":["GET"]}}],"collection":[{"href":"https:\/\/vimaterial.de\/it\/wp-json\/wp\/v2\/product"}],"about":[{"href":"https:\/\/vimaterial.de\/it\/wp-json\/wp\/v2\/types\/product"}],"replies":[{"embeddable":true,"href":"https:\/\/vimaterial.de\/it\/wp-json\/wp\/v2\/comments?post=1014538"}],"wp:featuredmedia":[{"embeddable":true,"href":"https:\/\/vimaterial.de\/it\/wp-json\/wp\/v2\/media\/1002253"}],"wp:attachment":[{"href":"https:\/\/vimaterial.de\/it\/wp-json\/wp\/v2\/media?parent=1014538"}],"wp:term":[{"taxonomy":"product_brand","embeddable":true,"href":"https:\/\/vimaterial.de\/it\/wp-json\/wp\/v2\/product_brand?post=1014538"},{"taxonomy":"product_cat","embeddable":true,"href":"https:\/\/vimaterial.de\/it\/wp-json\/wp\/v2\/product_cat?post=1014538"},{"taxonomy":"product_tag","embeddable":true,"href":"https:\/\/vimaterial.de\/it\/wp-json\/wp\/v2\/product_tag?post=1014538"}],"curies":[{"name":"wp","href":"https:\/\/api.w.org\/{rel}","templated":true}]}}