{"id":1014510,"date":"2024-06-17T14:46:33","date_gmt":"2024-06-17T06:46:33","guid":{"rendered":"https:\/\/vimaterial.de\/product\/cobalto-ferro-boro\/"},"modified":"2025-04-16T11:22:22","modified_gmt":"2025-04-16T03:22:22","slug":"cobalto-ferro-boro","status":"publish","type":"product","link":"https:\/\/vimaterial.de\/it\/product\/cobalto-ferro-boro\/","title":{"rendered":"Cobalto Ferro Boro"},"content":{"rendered":"<p>Il bersaglio sputtering <span style=\"color: #0000ff;\"><a style=\"color: #0000ff;\" href=\"https:\/\/vimaterial.de\/it\/product\/lega-di-cobalto-e-ferro\/\">Cobalto Ferro Boro<\/a><\/span> \u00e8 una lega di Cobalto, Ferro e Boro con aspetto metallico e colore grigio-argento. Ha buone propriet\u00e0 magnetiche morbide, elevata permeabilit\u00e0 e forza di magnetizzazione della saturazione e viene utilizzato principalmente nel processo di rivestimento sputtering, che \u00e8 in grado di depositare film sottili magnetici ad alte prestazioni sul substrato adatto per l&#8217;elettronica, l&#8217;archiviazione magnetica e altri campi. <\/p>\n<p>VIMATERIAL offre bersagli sputtering Cobalto Ferro Boro. I nostri bersagli sputtering cobalto-ferro boro sono caratterizzati da un&#8217;eccellente omogeneit\u00e0 compositiva, purezza ultra-elevata ed eccellente stabilit\u00e0 allo sputtering, e siamo anche in grado di fornire servizi di legatura del bersaglio. Abbiamo un team di ricerca e sviluppo professionale e possiamo accettare personalizzazioni ed esperimenti, non esitate <span style=\"color: #0000ff;\"><a style=\"color: #0000ff;\" href=\"https:\/\/vimaterial.de\/it\/contatto\/\">a contattarci.<\/a><\/span>  <\/p>\n<h2><span style=\"font-size: 14pt;\">Propriet\u00e0 fisiche<\/span><\/h2>\n<p>Formula molecolare: CoFeB<\/p>\n<p>Peso molecolare: circa 135.943<\/p>\n<p>Aspetto: bersaglio a lucentezza metallizzata grigio argento<\/p>\n<p>Densit\u00e0: circa 0,986 g\/cm\u00b3.<\/p>\n<h2><span style=\"font-size: 14pt;\">Applicazioni<\/span><\/h2>\n<p>Campo dei semiconduttori: utilizzato nella produzione di chip semiconduttori, strato conduttivo di wafer, strato barriera e produzione di gate metallici.<\/p>\n<p>Campo di registrazione magnetico: come bersaglio di registrazione magnetica, pu\u00f2 essere utilizzato nella produzione di dischi ottici, dischi rigidi meccanici e altri supporti di memorizzazione, al fine di ottenere un&#8217;elevata densit\u00e0 di archiviazione, un&#8217;elevata velocit\u00e0 di trasmissione e un&#8217;elevata durata dell&#8217;archiviazione dei dati.<\/p>\n<p>Dispositivi elettronici: pu\u00f2 essere utilizzato per preparare pellicole magnetiche per vari dispositivi elettronici, come sensori magnetici, teste magnetiche, nuclei di trasformatori e anelli magnetici, ecc. E le sue propriet\u00e0 magnetiche morbide possono essere utilizzate per ottenere funzioni di conversione, trasmissione e memorizzazione del segnale.<\/p>\n<p>Campo di visualizzazione: nel settore dei display a schermo piatto, pu\u00f2 essere utilizzato per produrre film con propriet\u00e0 specifiche, come film conduttivo trasparente, pellicola per elettrodi, ecc., che aiuta a migliorare le prestazioni e la qualit\u00e0 del dispositivo di visualizzazione.<\/p>\n<p>Campo fotovoltaico: applicato alla batteria fotovoltaica a film sottile, pu\u00f2 formare uno strato barriera, uno strato conduttivo e uno strato conduttivo trasparente, ecc., Per migliorare le prestazioni e l&#8217;efficienza della batteria.<\/p>\n<h2><span style=\"font-size: 14pt;\">Controllo qualit\u00e0<\/span><\/h2>\n<p><span style=\"color: #0000ff;\"><a style=\"color: #0000ff;\" href=\"https:\/\/vimaterial.de\/it\/controllo-qualita\/\">I nostri prodotti<\/a><\/span> sono implementati il sistema di gestione della qualit\u00e0 pi\u00f9 rigoroso, i materiali in entrata, il processo, l&#8217;ispezione finale, l&#8217;ispezione in fabbrica hanno rigorosi standard di ispezione, per l&#8217;elaborazione non qualificata utilizzer\u00e0 rigorose misure di isolamento per evitare il flusso di prodotti non conformi nel processo successivo, in base alle esigenze del cliente fornir\u00e0 ai clienti campioni per i clienti da ispezionare nuovamente.<\/p>\n<h2><span style=\"font-size: 14pt;\">Imballaggio e stoccaggio<\/span><\/h2>\n<p>I bersagli sputtering cobalto-ferro boro sono confezionati in sacchetti e cartoni a doppio vuoto.<\/p>\n<p>I bersagli sputtering cobalto ferro boro devono essere conservati in un ambiente asciutto e ben ventilato con temperatura stabile e nessuna forte interferenza del campo magnetico, evitando il contatto con sostanze corrosive, prevenendo l&#8217;umidit\u00e0, l&#8217;ossidazione e la contaminazione con impurit\u00e0 e, allo stesso tempo, prevenendo collisioni violente e forti pressioni al fine di mantenere le sue propriet\u00e0 fisiche e chimiche da danneggiare.<\/p>\n","protected":false},"excerpt":{"rendered":"<p>Il bersaglio sputtering <span style=\"color: #0000ff;\"><a style=\"color: #0000ff;\" href=\"https:\/\/vimaterial.de\/it\/product\/lega-di-cobalto-e-ferro\/\">Cobalto Ferro Boro<\/a><\/span> \u00e8 una lega di Cobalto, Ferro e Boro con aspetto metallico e colore grigio-argento. Ha buone propriet\u00e0 magnetiche morbide, elevata permeabilit\u00e0 e forza di magnetizzazione della saturazione e viene utilizzato principalmente nel processo di rivestimento sputtering, che \u00e8 in grado di depositare film sottili magnetici ad alte prestazioni sul substrato adatto per l&#8217;elettronica, l&#8217;archiviazione magnetica e altri campi. <\/p>\n","protected":false},"featured_media":1002261,"comment_status":"open","ping_status":"closed","template":"","meta":{"_acf_changed":false},"product_brand":[],"product_cat":[197],"product_tag":[],"class_list":{"0":"post-1014510","1":"product","2":"type-product","3":"status-publish","4":"has-post-thumbnail","6":"product_cat-obiettivi-di-sputtering-planari","8":"first","9":"instock","10":"shipping-taxable","11":"product-type-variable"},"acf":[],"_links":{"self":[{"href":"https:\/\/vimaterial.de\/it\/wp-json\/wp\/v2\/product\/1014510","targetHints":{"allow":["GET"]}}],"collection":[{"href":"https:\/\/vimaterial.de\/it\/wp-json\/wp\/v2\/product"}],"about":[{"href":"https:\/\/vimaterial.de\/it\/wp-json\/wp\/v2\/types\/product"}],"replies":[{"embeddable":true,"href":"https:\/\/vimaterial.de\/it\/wp-json\/wp\/v2\/comments?post=1014510"}],"wp:featuredmedia":[{"embeddable":true,"href":"https:\/\/vimaterial.de\/it\/wp-json\/wp\/v2\/media\/1002261"}],"wp:attachment":[{"href":"https:\/\/vimaterial.de\/it\/wp-json\/wp\/v2\/media?parent=1014510"}],"wp:term":[{"taxonomy":"product_brand","embeddable":true,"href":"https:\/\/vimaterial.de\/it\/wp-json\/wp\/v2\/product_brand?post=1014510"},{"taxonomy":"product_cat","embeddable":true,"href":"https:\/\/vimaterial.de\/it\/wp-json\/wp\/v2\/product_cat?post=1014510"},{"taxonomy":"product_tag","embeddable":true,"href":"https:\/\/vimaterial.de\/it\/wp-json\/wp\/v2\/product_tag?post=1014510"}],"curies":[{"name":"wp","href":"https:\/\/api.w.org\/{rel}","templated":true}]}}