{"id":1014490,"date":"2024-06-17T14:47:39","date_gmt":"2024-06-17T06:47:39","guid":{"rendered":"https:\/\/vimaterial.de\/product\/monossido-di-cobalto-ossido-di-cobalto-3\/"},"modified":"2025-04-16T11:20:42","modified_gmt":"2025-04-16T03:20:42","slug":"monossido-di-cobalto-ossido-di-cobalto-3","status":"publish","type":"product","link":"https:\/\/vimaterial.de\/it\/product\/monossido-di-cobalto-ossido-di-cobalto-3\/","title":{"rendered":"Monossido di cobalto (ossido di cobalto)"},"content":{"rendered":"<p>I pellet di monossido di cobalto sono particelle di ossido metallico nero o grigio-nero con struttura del sistema cristallino cubico, che hanno importanti applicazioni nella catalisi, nei materiali magnetici, negli elettrodi delle batterie e in altri campi.<\/p>\n<p>VIMATERIAL fornisce particelle di monossido di cobalto, le nostre particelle sono uniformi e stabili nella composizione, elevata purezza, forte durezza, dimensione delle particelle controllabile, ecc. E possiamo accettare prodotti ed esperimenti personalizzati, abbiamo un team di ricerca e sviluppo tecnico professionale, <span style=\"color: #0000ff;\"><a style=\"color: #0000ff;\" href=\"https:\/\/vimaterial.de\/en\/contact-us\/\">contattaci.<\/a><\/span> <\/p>\n<h2><span style=\"font-size: 14pt;\">Propriet\u00e0 fisiche<\/span><\/h2>\n<p>Formula molecolare: CoO<\/p>\n<p>Peso molecolare: 74,93<\/p>\n<p>Aspetto: solitamente granuli polverosi grigio-verdi<\/p>\n<p>Densit\u00e0: circa 6,45 g\/cm\u00b3.<\/p>\n<p>Punto di fusione: circa 1935\u00b0C<\/p>\n<p>Struttura cristallina: appartiene al sistema cristallino cubico, gli ioni cobalto e gli ioni ossigeno nel cristallo sono disposti strettamente in un modo specifico per formare una struttura reticolare cristallina stabile.<\/p>\n<h2><span style=\"font-size: 14pt;\"><strong>Applicazioni<\/strong><\/span><\/h2>\n<p>Materiali magnetici: le particelle di CoO possono essere utilizzate per la preparazione di materiali magnetici permanenti ad alte prestazioni e supporti di registrazione magnetici grazie alle loro propriet\u00e0 magnetiche uniche.<\/p>\n<p>Catalisi: le particelle di CoO sono spesso utilizzate come catalizzatori o vettori di catalizzatori in una variet\u00e0 di reazioni chimiche, come la purificazione dei gas di scarico delle automobili, che possono migliorare efficacemente l&#8217;efficienza della reazione.<\/p>\n<p>Campo ceramico: pu\u00f2 essere utilizzato come additivo nella produzione di ceramiche per migliorare le propriet\u00e0 elettriche e magnetiche della ceramica e migliorare la qualit\u00e0 della ceramica.<\/p>\n<p>Campo della batteria: utilizzato come materiale per elettrodi o additivi nelle batterie agli ioni di litio, ecc., che aiuta a migliorare le prestazioni di carica e scarica e la stabilit\u00e0 del ciclo della batteria.<\/p>\n<p>Campo sensore: utilizzando la sua reazione speciale a determinati gas o sostanze, pu\u00f2 essere utilizzato per preparare sensori di gas, ecc. per ottenere il rilevamento di sostanze specifiche.<\/p>\n<h2><span style=\"font-size: 14pt;\">Controllo qualit\u00e0<\/span><\/h2>\n<p><span style=\"color: #0000ff;\"><a style=\"color: #0000ff;\" href=\"https:\/\/vimaterial.de\/en\/quality-control\/\">Ogni lotto<\/a><\/span> di prodotti protegge rigorosamente la qualit\u00e0, dalla selezione dei fornitori di materie prime, all&#8217;uso di apparecchiature di collaudo avanzate per monitorare accuratamente l&#8217;intero processo di produzione, al prodotto finito attraverso molti cicli di campionamento severo e certificazione autorevole di terze parti, al sistema di controllo della qualit\u00e0 a tutto tondo e a tolleranza zero per garantire che ogni lotto di prodotti soddisfi e superi gli elevati standard del settore,  per fornire ai nostri clienti la migliore qualit\u00e0 e i prodotti pi\u00f9 stabili.<\/p>\n<h2><span style=\"font-size: 14pt;\">Imballaggio e stoccaggio<\/span><\/h2>\n<p>I pellet di monossido di cobalto sono confezionati in sacchetti sottovuoto o bottiglie sottovuoto in cartoni esterni.<\/p>\n<p>I pellet di monossido di cobalto devono essere conservati in un ambiente asciutto, fresco e ben ventilato, lontano dal fuoco e da materiali infiammabili, evitando umidit\u00e0, ossidazione e contatto con acidi, alcali e altre sostanze corrosive.<\/p>\n","protected":false},"excerpt":{"rendered":"<p>I pellet di monossido di cobalto sono particelle di ossido metallico nero o grigio-nero con struttura del sistema cristallino cubico, che hanno importanti applicazioni nella catalisi, nei materiali magnetici, negli elettrodi delle batterie e in altri campi.<\/p>\n","protected":false},"featured_media":1002273,"comment_status":"open","ping_status":"closed","template":"","meta":{"_acf_changed":false},"product_brand":[],"product_cat":[198],"product_tag":[],"class_list":{"0":"post-1014490","1":"product","2":"type-product","3":"status-publish","4":"has-post-thumbnail","6":"product_cat-materiali-per-levaporazione","8":"first","9":"instock","10":"shipping-taxable","11":"product-type-variable"},"acf":[],"_links":{"self":[{"href":"https:\/\/vimaterial.de\/it\/wp-json\/wp\/v2\/product\/1014490","targetHints":{"allow":["GET"]}}],"collection":[{"href":"https:\/\/vimaterial.de\/it\/wp-json\/wp\/v2\/product"}],"about":[{"href":"https:\/\/vimaterial.de\/it\/wp-json\/wp\/v2\/types\/product"}],"replies":[{"embeddable":true,"href":"https:\/\/vimaterial.de\/it\/wp-json\/wp\/v2\/comments?post=1014490"}],"wp:featuredmedia":[{"embeddable":true,"href":"https:\/\/vimaterial.de\/it\/wp-json\/wp\/v2\/media\/1002273"}],"wp:attachment":[{"href":"https:\/\/vimaterial.de\/it\/wp-json\/wp\/v2\/media?parent=1014490"}],"wp:term":[{"taxonomy":"product_brand","embeddable":true,"href":"https:\/\/vimaterial.de\/it\/wp-json\/wp\/v2\/product_brand?post=1014490"},{"taxonomy":"product_cat","embeddable":true,"href":"https:\/\/vimaterial.de\/it\/wp-json\/wp\/v2\/product_cat?post=1014490"},{"taxonomy":"product_tag","embeddable":true,"href":"https:\/\/vimaterial.de\/it\/wp-json\/wp\/v2\/product_tag?post=1014490"}],"curies":[{"name":"wp","href":"https:\/\/api.w.org\/{rel}","templated":true}]}}