{"id":1014482,"date":"2024-06-17T14:45:37","date_gmt":"2024-06-17T06:45:37","guid":{"rendered":"https:\/\/vimaterial.de\/product\/nitruro-di-cobalto\/"},"modified":"2025-04-16T13:41:36","modified_gmt":"2025-04-16T05:41:36","slug":"nitruro-di-cobalto","status":"publish","type":"product","link":"https:\/\/vimaterial.de\/it\/product\/nitruro-di-cobalto\/","title":{"rendered":"Tetrossido di tricobalto (ossido di cobalto)"},"content":{"rendered":"<p><span style=\"color: #0000ff;\"><a style=\"color: #0000ff;\" href=\"https:\/\/vimaterial.de\/en\/product\/tricobalt-tetroxide-cobalt-oxide-3\/\">Tetrossido di tricobalto<\/a> <\/span>La polvere \u00e8 una polvere di ossido nero costituita da cobalto elementare, che ha buone propriet\u00e0 catalitiche, elettrochimiche e magnetiche e svolge un ruolo importante nella catalisi, nelle batterie, nei materiali magnetici e in molti altri campi.<\/p>\n<p>VIAMTERIAL fornisce tetrossido di tricobalto in molte purezze, le nostre polveri hanno le caratteristiche di elevata purezza, granulometria uniforme, buona scorrevolezza, buona compattazione, propriet\u00e0 chimiche stabili, ecc. Supportiamo anche l&#8217;imballaggio e l&#8217;ordinazione di piccoli lotti. Abbiamo un team di ricerca e sviluppo tecnico professionale, accettiamo la personalizzazione e la sperimentazione del prodotto, non esitate <span style=\"color: #0000ff;\"><a style=\"color: #0000ff;\" href=\"https:\/\/vimaterial.de\/en\/contact-us\/\">a contattarci.<\/a><\/span>  <\/p>\n<h2><span style=\"font-size: 14pt;\">Propriet\u00e0 fisiche<\/span><\/h2>\n<p>Formula molecolare: Co\u2083O\u2084<\/p>\n<p>Peso molecolare: circa 240,798<\/p>\n<p>Aspetto: polvere nera<\/p>\n<p>Densit\u00e0: circa 6,11 g\/cm\u00b3.<\/p>\n<p>Punto di fusione: circa 895\u00b0C<\/p>\n<p>Punto di ebollizione: circa 3800\u00b0C<\/p>\n<p>Struttura cristallina: Appartiene alla struttura dello spinello, in cui gli ioni cobalto esistono in due diversi stati di valenza (+2 e +3), e questa struttura speciale gli conferisce molte propriet\u00e0 fisiche e chimiche speciali, come una buona attivit\u00e0 catalitica e propriet\u00e0 magnetiche.<\/p>\n<h2><span style=\"font-size: 14pt;\">Applicazioni<\/span><\/h2>\n<p>Campo catalitico: A causa della sua elevata attivit\u00e0 catalitica e selettivit\u00e0, la polvere di tetrossido di tricobalto \u00e8 ampiamente utilizzata nella reazione catalitica della purificazione dei gas di scarico delle automobili, che pu\u00f2 convertire efficacemente i gas nocivi, ridurre le emissioni inquinanti e aiutare la causa della protezione ambientale.<\/p>\n<p>Campo della batteria: nei materiali degli elettrodi delle batterie agli ioni di litio, la polvere di tetrossido di tricobalto pu\u00f2 migliorare la capacit\u00e0 di carica e scarica e la stabilit\u00e0 ciclica della batteria in virt\u00f9 delle sue propriet\u00e0 elettrochimiche uniche, fornendo un supporto di alimentazione pi\u00f9 duraturo per vari dispositivi elettronici.<\/p>\n<p>Campo di rilevamento dei gas: come materiale sensibile, la polvere di Co\u2083O\u2084 ha buone propriet\u00e0 di adsorbimento e reazione per determinati gas, applicata nei sensori di gas, pu\u00f2 rilevare rapidamente e con precisione la concentrazione di gas specifici e garantire il monitoraggio della sicurezza della produzione industriale e dell&#8217;ambiente di vita.<\/p>\n<h2><span style=\"font-size: 14pt;\">Controllo qualit\u00e0<\/span><\/h2>\n<p><span style=\"color: #0000ff;\"><a style=\"color: #0000ff;\" href=\"https:\/\/vimaterial.de\/en\/quality-control\/\">Il controllo di qualit\u00e0<\/a><\/span> di ogni lotto di prodotti viene effettuato durante l&#8217;intero processo di approvvigionamento delle materie prime, produzione e lavorazione, test e ispezione e imballaggio, seguendo rigorosamente gli standard internazionali e le norme del settore. Disponiamo di apparecchiature di collaudo avanzate, team di controllo qualit\u00e0 professionale e rigoroso sistema di controllo della qualit\u00e0 per garantire la qualit\u00e0 del prodotto. <\/p>\n<h2><span style=\"font-size: 14pt;\">Imballaggio e stoccaggio<\/span><\/h2>\n<p>La polvere di tetrossido di tricobalto \u00e8 confezionata in un sacchetto sottovuoto a doppio strato o in una bottiglia sottovuoto a doppio strato e la confezione esterna \u00e8 confezionata in una scatola di cartone.<\/p>\n<p>La polvere di tetrossido di tricobalto deve essere conservata in un ambiente asciutto, fresco, ben ventilato, sigillata e tenuta lontana dall&#8217;umidit\u00e0, dal contatto con sostanze acide o alcaline, lontano da fonti di accensione e agenti fortemente ossidanti e allo stesso tempo deve essere adeguatamente posizionata in conformit\u00e0 con i requisiti per lo stoccaggio delle polveri di ossidi.<\/p>\n","protected":false},"excerpt":{"rendered":"<p><span style=\"color: #0000ff;\"><a style=\"color: #0000ff;\" href=\"https:\/\/vimaterial.de\/en\/product\/tricobalt-tetroxide-cobalt-oxide-3\/\">Tetrossido di tricobalto<\/a> <\/span>La polvere \u00e8 una polvere di ossido nero costituita da cobalto elementare, che ha buone propriet\u00e0 catalitiche, elettrochimiche e magnetiche e svolge un ruolo importante nella catalisi, nelle batterie, nei materiali magnetici e in molti altri campi.<\/p>\n","protected":false},"featured_media":1040686,"comment_status":"open","ping_status":"closed","template":"","meta":{"_acf_changed":false},"product_brand":[],"product_cat":[205],"product_tag":[],"class_list":{"0":"post-1014482","1":"product","2":"type-product","3":"status-publish","4":"has-post-thumbnail","6":"product_cat-materiali-ossidi-idrossidi","8":"first","9":"instock","10":"shipping-taxable","11":"purchasable","12":"product-type-variable"},"acf":[],"_links":{"self":[{"href":"https:\/\/vimaterial.de\/it\/wp-json\/wp\/v2\/product\/1014482","targetHints":{"allow":["GET"]}}],"collection":[{"href":"https:\/\/vimaterial.de\/it\/wp-json\/wp\/v2\/product"}],"about":[{"href":"https:\/\/vimaterial.de\/it\/wp-json\/wp\/v2\/types\/product"}],"replies":[{"embeddable":true,"href":"https:\/\/vimaterial.de\/it\/wp-json\/wp\/v2\/comments?post=1014482"}],"wp:featuredmedia":[{"embeddable":true,"href":"https:\/\/vimaterial.de\/it\/wp-json\/wp\/v2\/media\/1040686"}],"wp:attachment":[{"href":"https:\/\/vimaterial.de\/it\/wp-json\/wp\/v2\/media?parent=1014482"}],"wp:term":[{"taxonomy":"product_brand","embeddable":true,"href":"https:\/\/vimaterial.de\/it\/wp-json\/wp\/v2\/product_brand?post=1014482"},{"taxonomy":"product_cat","embeddable":true,"href":"https:\/\/vimaterial.de\/it\/wp-json\/wp\/v2\/product_cat?post=1014482"},{"taxonomy":"product_tag","embeddable":true,"href":"https:\/\/vimaterial.de\/it\/wp-json\/wp\/v2\/product_tag?post=1014482"}],"curies":[{"name":"wp","href":"https:\/\/api.w.org\/{rel}","templated":true}]}}