{"id":1014430,"date":"2024-06-17T14:47:40","date_gmt":"2024-06-17T06:47:40","guid":{"rendered":"https:\/\/vimaterial.de\/product\/solfuro-di-cobalto\/"},"modified":"2024-10-12T11:37:15","modified_gmt":"2024-10-12T03:37:15","slug":"solfuro-di-cobalto","status":"publish","type":"product","link":"https:\/\/vimaterial.de\/it\/product\/solfuro-di-cobalto\/","title":{"rendered":"Solfuro di cobalto"},"content":{"rendered":"<p>La polvere di disolfuro di cobalto \u00e8 un importante composto inorganico.<\/p>\n<p>&nbsp;<\/p>\n<p>Informazioni di base:<\/p>\n<p>&nbsp;<\/p>\n<p>Formula chimica: CoS\u2082.<\/p>\n<p>Peso molecolare: 123,06.<\/p>\n<p>Numero CAS: 12013-10-4.<\/p>\n<p>Aspetto: Solitamente polvere cristallina nera.<\/p>\n<p>Densit\u00e0: La densit\u00e0 relativa \u00e8 di circa 4,3 g\/cm\u00b3.<\/p>\n<p>Punto di fusione: Alto punto di fusione, circa 1182\u00b0C.<\/p>\n<p>Conducibilit\u00e0 elettrica: avere la conduttivit\u00e0 elettrica di un metallo.<\/p>\n<p>Magnetico: \u00e8 ferromagnetico al di sotto di 120K e paramagnetico al di sopra di questa temperatura.<\/p>\n<p>&nbsp;<\/p>\n<p>Metodo di preparazione:<\/p>\n<p>&nbsp;<\/p>\n<p>Metodo in fase solida ad alta temperatura: la sorgente di cobalto (come polvere di cobalto, ossido di cobalto, ecc.) e la fonte di zolfo (come polvere di zolfo, idrogeno solforato, ecc.) vengono miscelate in una certa proporzione e la reazione in fase solida viene eseguita ad alta temperatura per preparare la polvere di disolfuro di cobalto.<\/p>\n<p>&nbsp;<\/p>\n<p>Metodo di deposizione da vapore: l&#8217;uso di composti organici di cobalto e gas contenenti zolfo nella fase gassosa in condizioni di reazione biochimica, depositati sul substrato film o polvere di disolfuro di cobalto.<\/p>\n<p>&nbsp;<\/p>\n<p>Applicazioni:<\/p>\n<p>&nbsp;<\/p>\n<p>Materiale della batteria: il solfuro di cobalto pu\u00f2 essere utilizzato come materiale per elettrodi per batterie secondarie come le batterie agli ioni di litio e la sua struttura unica e le propriet\u00e0 chimiche aiutano a migliorare le prestazioni elettrochimiche delle batterie.<\/p>\n<p>&nbsp;<\/p>\n<p>Materiali semiconduttori: il solfuro di cobalto ha determinate applicazioni nel campo dei semiconduttori e pu\u00f2 essere utilizzato per preparare dispositivi a semiconduttore o come drogante per materiali semiconduttori.<\/p>\n<p>&nbsp;<\/p>\n<p>Catalizzatore: il solfuro di cobalto pu\u00f2 essere utilizzato come catalizzatore in alcune reazioni chimiche, come l&#8217;idrogenazione, la desolforazione e altre reazioni che possono avere un effetto catalitico.<\/p>\n","protected":false},"excerpt":{"rendered":"<p>La polvere di disolfuro di cobalto \u00e8 un importante composto inorganico.<\/p>\n<p>Materiale della batteria: il solfuro di cobalto pu\u00f2 essere utilizzato come materiale per elettrodi per batterie secondarie come le batterie agli ioni di litio e la sua struttura unica e le propriet\u00e0 chimiche aiutano a migliorare le prestazioni elettrochimiche delle batterie.<\/p>\n<p>Materiali semiconduttori: Hanno determinate applicazioni nel campo dei semiconduttori e possono essere utilizzati per preparare dispositivi a semiconduttore o come droganti per materiali semiconduttori.<\/p>\n<p>&nbsp;<\/p>\n","protected":false},"featured_media":1002300,"comment_status":"open","ping_status":"closed","template":"","meta":{"_acf_changed":false},"product_brand":[],"product_cat":[200],"product_tag":[],"class_list":{"0":"post-1014430","1":"product","2":"type-product","3":"status-publish","4":"has-post-thumbnail","6":"product_cat-materiali-calcogenidici","8":"first","9":"instock","10":"shipping-taxable","11":"product-type-variable"},"acf":[],"_links":{"self":[{"href":"https:\/\/vimaterial.de\/it\/wp-json\/wp\/v2\/product\/1014430","targetHints":{"allow":["GET"]}}],"collection":[{"href":"https:\/\/vimaterial.de\/it\/wp-json\/wp\/v2\/product"}],"about":[{"href":"https:\/\/vimaterial.de\/it\/wp-json\/wp\/v2\/types\/product"}],"replies":[{"embeddable":true,"href":"https:\/\/vimaterial.de\/it\/wp-json\/wp\/v2\/comments?post=1014430"}],"wp:featuredmedia":[{"embeddable":true,"href":"https:\/\/vimaterial.de\/it\/wp-json\/wp\/v2\/media\/1002300"}],"wp:attachment":[{"href":"https:\/\/vimaterial.de\/it\/wp-json\/wp\/v2\/media?parent=1014430"}],"wp:term":[{"taxonomy":"product_brand","embeddable":true,"href":"https:\/\/vimaterial.de\/it\/wp-json\/wp\/v2\/product_brand?post=1014430"},{"taxonomy":"product_cat","embeddable":true,"href":"https:\/\/vimaterial.de\/it\/wp-json\/wp\/v2\/product_cat?post=1014430"},{"taxonomy":"product_tag","embeddable":true,"href":"https:\/\/vimaterial.de\/it\/wp-json\/wp\/v2\/product_tag?post=1014430"}],"curies":[{"name":"wp","href":"https:\/\/api.w.org\/{rel}","templated":true}]}}