{"id":1014419,"date":"2024-06-17T14:48:21","date_gmt":"2024-06-17T06:48:21","guid":{"rendered":"https:\/\/vimaterial.de\/product\/siliciuro-di-cobalto-2\/"},"modified":"2025-04-16T11:13:13","modified_gmt":"2025-04-16T03:13:13","slug":"siliciuro-di-cobalto-2","status":"publish","type":"product","link":"https:\/\/vimaterial.de\/it\/product\/siliciuro-di-cobalto-2\/","title":{"rendered":"Siliciuro di cobalto"},"content":{"rendered":"<p>La polvere di <span style=\"color: #0000ff;\"><a style=\"color: #0000ff;\" href=\"https:\/\/vimaterial.de\/en\/product\/cobalt-silicide-2\/\">siliciuro di cobalto<\/a> <\/span>\u00e8 una polvere composta di cobalto e silicio, di colore grigio o nero, con alto punto di fusione, buona stabilit\u00e0 termica, una certa conduttivit\u00e0 elettrica e stabilit\u00e0 chimica, che ha importanti applicazioni nei semiconduttori, nei dispositivi elettronici, nei materiali ad alta temperatura e in altri campi.<\/p>\n<p>VIAMTERIAL fornisce polvere di siliciuro di cobalto, la nostra polvere ha un&#8217;elevata purezza, una granulometria uniforme, una buona fluidit\u00e0, una buona compattazione, propriet\u00e0 chimiche stabili, ecc. Supportiamo anche l&#8217;imballaggio e l&#8217;ordinazione di piccoli lotti. Abbiamo un team di ricerca e sviluppo tecnico professionale, accettiamo la personalizzazione e la sperimentazione del prodotto, non esitate <span style=\"color: #0000ff;\"><a style=\"color: #0000ff;\" href=\"https:\/\/vimaterial.de\/en\/contact-us\/\">a contattarci.<\/a><\/span>  <\/p>\n<h2><span style=\"font-size: 14pt;\">Propriet\u00e0 fisiche<\/span><\/h2>\n<p>Formula molecolare: CoSi2<\/p>\n<p>Peso molecolare: circa 115,11<\/p>\n<p>Aspetto: Di solito una polvere grigia o nera<\/p>\n<p>Densit\u00e0: circa 5,3 &#8211; 5,4 g\/cm\u00b3.<\/p>\n<p>Punto di fusione: circa 1277 &#8211; 1326\u00b0C<\/p>\n<p>Struttura cristallina: Generalmente sistema cristallino cubico, in questa struttura cristallina, gli atomi di cobalto e gli atomi di silicio sono distribuiti in modo ordinato secondo una specifica disposizione spaziale, e questa struttura contribuisce alla formazione delle sue propriet\u00e0 fisiche e chimiche.<\/p>\n<h2><span style=\"font-size: 14pt;\">Applicazioni<\/span><\/h2>\n<p>Campo dei semiconduttori: la polvere di siliciuro di cobalto viene utilizzata come materiale di contatto per dispositivi semiconduttori a base di silicio. Con le sue buone propriet\u00e0 elettriche, riduce efficacemente la resistenza di contatto, migliora le prestazioni e l&#8217;integrazione del chip e promuove lo sviluppo della tecnologia dei semiconduttori. <\/p>\n<p>Campo dei dispositivi elettronici: Nella produzione di componenti elettronici, pu\u00f2 essere utilizzato per la preparazione di elettrodi e materiali di interconnessione, che sono ampiamente utilizzati in tutti i tipi di prodotti elettronici grazie alla sua elevata conduttivit\u00e0 e stabilit\u00e0, garantendo il funzionamento efficiente e l&#8217;affidabilit\u00e0 dei dispositivi elettronici.<\/p>\n<p>Materiali ad alta temperatura: come componente di materiali strutturali ad alta temperatura, la polvere di siliciuro di cobalto pu\u00f2 resistere ad ambienti ad alta temperatura, fornendo un&#8217;eccellente resistenza alle alte temperature e all&#8217;ossidazione per componenti di motori aerospaziali, rivestimenti di forni industriali, ecc. e prolungando la durata dei componenti.<\/p>\n<h2><span style=\"font-size: 14pt;\">Controllo qualit\u00e0<\/span><\/h2>\n<p><span style=\"color: #0000ff;\"><a style=\"color: #0000ff;\" href=\"https:\/\/vimaterial.de\/en\/quality-control\/\">Il controllo di qualit\u00e0<\/a><\/span> di ogni lotto di prodotti viene effettuato durante l&#8217;intero processo di approvvigionamento delle materie prime, produzione e lavorazione, test e ispezione e imballaggio, seguendo rigorosamente gli standard internazionali e le norme del settore. Disponiamo di apparecchiature di collaudo avanzate, team di controllo qualit\u00e0 professionale e rigoroso sistema di controllo della qualit\u00e0 per garantire la qualit\u00e0 del prodotto. <\/p>\n<h2><span style=\"font-size: 14pt;\">Imballaggio e stoccaggio<\/span><\/h2>\n<p>La polvere di siliciuro di cobalto \u00e8 confezionata in sacchetti a doppio vuoto o in flaconi a doppio vuoto con cartoni esterni.<\/p>\n<p>La polvere di siliciuro di cobalto deve essere conservata in un ambiente asciutto, fresco e ben ventilato, sigillata per prevenire l&#8217;umidit\u00e0 e l&#8217;ossidazione e deve essere tenuta lontana da sostanze corrosive come acidi, alcali, fonti di fuoco e agenti ossidanti forti e posizionata correttamente in conformit\u00e0 con le normative sullo stoccaggio chimico.<\/p>\n","protected":false},"excerpt":{"rendered":"<p>La polvere di <span style=\"color: #0000ff;\"><a style=\"color: #0000ff;\" href=\"https:\/\/vimaterial.de\/en\/product\/cobalt-silicide-2\/\">siliciuro di cobalto<\/a> <\/span>\u00e8 una polvere composta di cobalto e silicio, di colore grigio o nero, con alto punto di fusione, buona stabilit\u00e0 termica, una certa conduttivit\u00e0 elettrica e stabilit\u00e0 chimica, che ha importanti applicazioni nei semiconduttori, nei dispositivi elettronici, nei materiali ad alta temperatura e in altri campi.<\/p>\n","protected":false},"featured_media":1002314,"comment_status":"open","ping_status":"closed","template":"","meta":{"_acf_changed":false},"product_brand":[],"product_cat":[202],"product_tag":[],"class_list":{"0":"post-1014419","1":"product","2":"type-product","3":"status-publish","4":"has-post-thumbnail","6":"product_cat-materiali-c-n-b-si","8":"first","9":"instock","10":"shipping-taxable","11":"product-type-variable"},"acf":[],"_links":{"self":[{"href":"https:\/\/vimaterial.de\/it\/wp-json\/wp\/v2\/product\/1014419","targetHints":{"allow":["GET"]}}],"collection":[{"href":"https:\/\/vimaterial.de\/it\/wp-json\/wp\/v2\/product"}],"about":[{"href":"https:\/\/vimaterial.de\/it\/wp-json\/wp\/v2\/types\/product"}],"replies":[{"embeddable":true,"href":"https:\/\/vimaterial.de\/it\/wp-json\/wp\/v2\/comments?post=1014419"}],"wp:featuredmedia":[{"embeddable":true,"href":"https:\/\/vimaterial.de\/it\/wp-json\/wp\/v2\/media\/1002314"}],"wp:attachment":[{"href":"https:\/\/vimaterial.de\/it\/wp-json\/wp\/v2\/media?parent=1014419"}],"wp:term":[{"taxonomy":"product_brand","embeddable":true,"href":"https:\/\/vimaterial.de\/it\/wp-json\/wp\/v2\/product_brand?post=1014419"},{"taxonomy":"product_cat","embeddable":true,"href":"https:\/\/vimaterial.de\/it\/wp-json\/wp\/v2\/product_cat?post=1014419"},{"taxonomy":"product_tag","embeddable":true,"href":"https:\/\/vimaterial.de\/it\/wp-json\/wp\/v2\/product_tag?post=1014419"}],"curies":[{"name":"wp","href":"https:\/\/api.w.org\/{rel}","templated":true}]}}