{"id":1014407,"date":"2024-06-17T14:48:25","date_gmt":"2024-06-17T06:48:25","guid":{"rendered":"https:\/\/vimaterial.de\/product\/cobalto-silicio-boro\/"},"modified":"2025-04-16T11:05:53","modified_gmt":"2025-04-16T03:05:53","slug":"cobalto-silicio-boro","status":"publish","type":"product","link":"https:\/\/vimaterial.de\/it\/product\/cobalto-silicio-boro\/","title":{"rendered":"Cobalto Silicio Boro"},"content":{"rendered":"<p>I bersagli sputtering del cobalto silicio boro sono leghe metalliche di cobalto, silicio e boro con buona stabilit\u00e0 termica, durezza e propriet\u00e0 elettriche. Sono utilizzati principalmente nel processo di rivestimento sputtering per depositare film sottili ad alte prestazioni su substrati per l&#8217;elettronica e i semiconduttori. <\/p>\n<p>VIMATERIAL offre bersagli sputtering Cobalto-Silicio Boro. I nostri bersagli sputtering cobalto-silicio boro sono caratterizzati da un&#8217;eccellente omogeneit\u00e0 composizionale, purezza elevatissima ed eccellente stabilit\u00e0 allo sputtering, e siamo anche in grado di fornire servizi di legatura del bersaglio. Abbiamo un team di ricerca e sviluppo professionale e possiamo accettare personalizzazioni ed esperimenti, non esitate <span style=\"color: #0000ff;\"><a style=\"color: #0000ff;\" href=\"https:\/\/vimaterial.de\/en\/contact-us\/\">a contattarci.<\/a><\/span>  <\/p>\n<h2><span style=\"font-size: 14pt;\">Propriet\u00e0 fisiche<\/span><\/h2>\n<p>Formula molecolare: CoSiB<\/p>\n<p>Peso molecolare: circa 97,83<\/p>\n<p>Aspetto: grigio argento o bianco sporco, lucido metallico.<\/p>\n<p>Densit\u00e0: circa 6 &#8211; 7 g\/cm\u00b3<\/p>\n<p>Punto di fusione: circa 1200 &#8211; 1400\u00b0C<\/p>\n<h2><span style=\"font-size: 14pt;\">Applicazioni<\/span><\/h2>\n<p>Campo elettronico: utilizzato nella produzione di componenti elettronici, pu\u00f2 formare una buona conduttivit\u00e0 e stabilit\u00e0 del film, migliorare le prestazioni e l&#8217;affidabilit\u00e0 dei componenti.<\/p>\n<p>Campo dei semiconduttori: nella produzione di chip semiconduttori, il bersaglio pu\u00f2 depositare speciali film sottili per ottimizzare le caratteristiche elettriche e la stabilit\u00e0 termica del chip e contribuire a migliorare la funzione del chip.<\/p>\n<p>Campo di materiale magnetico: pu\u00f2 essere utilizzato per preparare pellicole magnetiche e le sue propriet\u00e0 magnetiche uniche possono fornire un forte supporto per lo sviluppo di dispositivi di memoria magnetica.<\/p>\n<p>Sensori: Utilizzata nella produzione di sensori, la deposizione di film sottili conferisce ai sensori eccellenti caratteristiche di sensibilit\u00e0 e adattabilit\u00e0 ambientale, migliorando l&#8217;accuratezza e la stabilit\u00e0 dei sensori.<\/p>\n<h2><span style=\"font-size: 14pt;\">Controllo qualit\u00e0<\/span><\/h2>\n<p><span style=\"color: #0000ff;\"><a style=\"color: #0000ff;\" href=\"https:\/\/vimaterial.de\/en\/quality-control\/\">I nostri prodotti<\/a><\/span> sono implementati il sistema di gestione della qualit\u00e0 pi\u00f9 rigoroso, i materiali in entrata, il processo, l&#8217;ispezione finale, l&#8217;ispezione in fabbrica hanno rigorosi standard di ispezione, per l&#8217;elaborazione non qualificata utilizzer\u00e0 rigorose misure di isolamento per evitare il flusso di prodotti non conformi nel processo successivo, in base alle esigenze del cliente fornir\u00e0 ai clienti campioni per i clienti da ispezionare nuovamente.<\/p>\n<h2><span style=\"font-size: 14pt;\">Imballaggio e stoccaggio<\/span><\/h2>\n<p>I bersagli sputtering cobalto-silicio boro sono confezionati in sacchetti e cartoni a doppio vuoto.<\/p>\n<p>I bersagli sputtering cobalto silicio boro devono essere conservati in un ambiente asciutto e ben ventilato con temperatura e umidit\u00e0 relativamente stabili, evitando il contatto con acidi, alcali e altre sostanze corrosive, prevenendo l&#8217;umidit\u00e0 e l&#8217;ossidazione e allo stesso tempo essendo ben protetti da danni fisici come collisione ed estrusione.<\/p>\n","protected":false},"excerpt":{"rendered":"<p>I bersagli sputtering del cobalto silicio boro sono leghe metalliche di cobalto, silicio e boro con buona stabilit\u00e0 termica, durezza e propriet\u00e0 elettriche. Sono utilizzati principalmente nel processo di rivestimento sputtering per depositare film sottili ad alte prestazioni su substrati per l&#8217;elettronica e i semiconduttori. <\/p>\n","protected":false},"featured_media":1002323,"comment_status":"open","ping_status":"closed","template":"","meta":{"_acf_changed":false},"product_brand":[],"product_cat":[197],"product_tag":[],"class_list":{"0":"post-1014407","1":"product","2":"type-product","3":"status-publish","4":"has-post-thumbnail","6":"product_cat-obiettivi-di-sputtering-planari","8":"first","9":"instock","10":"shipping-taxable","11":"product-type-variable"},"acf":[],"_links":{"self":[{"href":"https:\/\/vimaterial.de\/it\/wp-json\/wp\/v2\/product\/1014407","targetHints":{"allow":["GET"]}}],"collection":[{"href":"https:\/\/vimaterial.de\/it\/wp-json\/wp\/v2\/product"}],"about":[{"href":"https:\/\/vimaterial.de\/it\/wp-json\/wp\/v2\/types\/product"}],"replies":[{"embeddable":true,"href":"https:\/\/vimaterial.de\/it\/wp-json\/wp\/v2\/comments?post=1014407"}],"wp:featuredmedia":[{"embeddable":true,"href":"https:\/\/vimaterial.de\/it\/wp-json\/wp\/v2\/media\/1002323"}],"wp:attachment":[{"href":"https:\/\/vimaterial.de\/it\/wp-json\/wp\/v2\/media?parent=1014407"}],"wp:term":[{"taxonomy":"product_brand","embeddable":true,"href":"https:\/\/vimaterial.de\/it\/wp-json\/wp\/v2\/product_brand?post=1014407"},{"taxonomy":"product_cat","embeddable":true,"href":"https:\/\/vimaterial.de\/it\/wp-json\/wp\/v2\/product_cat?post=1014407"},{"taxonomy":"product_tag","embeddable":true,"href":"https:\/\/vimaterial.de\/it\/wp-json\/wp\/v2\/product_tag?post=1014407"}],"curies":[{"name":"wp","href":"https:\/\/api.w.org\/{rel}","templated":true}]}}