{"id":1014400,"date":"2024-06-17T14:48:25","date_gmt":"2024-06-17T06:48:25","guid":{"rendered":"https:\/\/vimaterial.de\/product\/siliciuro-di-cobalto\/"},"modified":"2025-04-16T11:10:02","modified_gmt":"2025-04-16T03:10:02","slug":"siliciuro-di-cobalto","status":"publish","type":"product","link":"https:\/\/vimaterial.de\/it\/product\/siliciuro-di-cobalto\/","title":{"rendered":"Siliciuro di cobalto"},"content":{"rendered":"<p>Il bersaglio sputtering del <span style=\"color: #0000ff;\"><a style=\"color: #0000ff;\" href=\"https:\/\/vimaterial.de\/en\/product\/cobalt-silicide\/\">siliciuro di cobalto<\/a><\/span> \u00e8 un materiale della lega composto principalmente da cobalto e silicio, solitamente grigio nell&#8217;aspetto con lucentezza metallica, con buona stabilit\u00e0 termica e propriet\u00e0 elettriche, utilizzato nel processo di rivestimento dello sputtering, pu\u00f2 essere utilizzato nei semiconduttori, nei dispositivi elettronici e in altri campi della deposizione di film sottili sul substrato, pu\u00f2 migliorare efficacemente le prestazioni e la stabilit\u00e0 del dispositivo.<\/p>\n<p>VIMATERIAL offre bersagli sputtering in siliciuro di cobalto. I nostri bersagli per polverizzazione catodica al siliciuro di cobalto sono caratterizzati da un&#8217;eccellente omogeneit\u00e0 compositiva, un&#8217;elevatissima purezza e un&#8217;eccellente stabilit\u00e0 per polverizzazione catodica e siamo anche in grado di fornire servizi di legatura del bersaglio. Abbiamo un team di ricerca e sviluppo professionale e possiamo accettare personalizzazioni ed esperimenti, non esitate<span style=\"color: #0000ff;\"><a style=\"color: #0000ff;\" href=\"https:\/\/vimaterial.de\/en\/contact-us\/\"> a contattarci.<\/a><\/span>  <\/p>\n<h2><span style=\"font-size: 14pt;\">Propriet\u00e0 fisiche<\/span><\/h2>\n<p>Formula molecolare: CoSi\u2082<\/p>\n<p>Peso molecolare: 115,104 g\/mol<\/p>\n<p>Aspetto: solitamente grigio o grigio-nero solido<\/p>\n<p>Densit\u00e0: circa 5,3 g\/cm\u00b3.<\/p>\n<p>Punto di fusione: 1277\u00b0C<\/p>\n<p>Struttura cristallina: sistema cristallino cubico<\/p>\n<h2><span style=\"font-size: 14pt;\">Applicazioni<\/span><\/h2>\n<p>Campo dei semiconduttori: i target di sputtering CoSi\u2082 sono utilizzati in circuiti integrati su larga scala come materiali di contatto per formare film sottili con una buona conduttivit\u00e0 elettrica e stabilit\u00e0 termica.<\/p>\n<p>Elettronica: i bersagli sputtering CoSi\u2082 possono essere utilizzati nella produzione di dispositivi elettronici per depositare film sottili con bassa resistivit\u00e0 ed elevata stabilit\u00e0 termica, migliorando cos\u00ec le prestazioni e l&#8217;affidabilit\u00e0 dei dispositivi.<\/p>\n<p>Fotovoltaico: i target di sputtering CoSi\u2082 possono essere utilizzati nella produzione di celle fotovoltaiche per aiutare a formare film sottili con propriet\u00e0 specifiche, migliorando cos\u00ec l&#8217;efficienza di conversione e la stabilit\u00e0 delle celle.<\/p>\n<p>Ottica: i bersagli sputtering CoSi\u2082 possono produrre film sottili con eccellenti propriet\u00e0 ottiche, che possono essere utilizzati nella produzione di dispositivi ottici come lenti e filtri per migliorarne le propriet\u00e0 ottiche.<\/p>\n<h2><span style=\"font-size: 14pt;\">Controllo qualit\u00e0<\/span><\/h2>\n<p><span style=\"color: #0000ff;\"><a style=\"color: #0000ff;\" href=\"https:\/\/vimaterial.de\/en\/quality-control\/\">I nostri prodotti<\/a><\/span> sono implementati il sistema di gestione della qualit\u00e0 pi\u00f9 rigoroso, i materiali in entrata, il processo, l&#8217;ispezione finale, l&#8217;ispezione in fabbrica hanno rigorosi standard di ispezione, per l&#8217;elaborazione non qualificata utilizzer\u00e0 rigorose misure di isolamento per evitare il flusso di prodotti non conformi nel processo successivo, in base alle esigenze del cliente fornir\u00e0 ai clienti campioni per i clienti da ispezionare nuovamente.<\/p>\n<h2><span style=\"font-size: 14pt;\">Imballaggio e stoccaggio<\/span><\/h2>\n<p>I bersagli sputtering di cobalto siliciuro sono confezionati in sacchetti e cartoni a doppio vuoto.<\/p>\n<p>I bersagli sputtering di cobalto siliciuro devono essere conservati in un ambiente asciutto e ben ventilato con temperatura stabile, evitando il contatto con acidi, alcali e altre sostanze corrosive, prevenendo l&#8217;umidit\u00e0 e l&#8217;ossidazione e allo stesso tempo evitando la collisione fisica e l&#8217;estrusione per garantire che le sue propriet\u00e0 fisiche e chimiche non vengano danneggiate.<\/p>\n","protected":false},"excerpt":{"rendered":"<p>Il bersaglio sputtering del <span style=\"color: #0000ff;\"><a style=\"color: #0000ff;\" href=\"https:\/\/vimaterial.de\/en\/product\/cobalt-silicide\/\">siliciuro di cobalto<\/a><\/span> \u00e8 un materiale della lega composto principalmente da cobalto e silicio, solitamente grigio nell&#8217;aspetto con lucentezza metallica, con buona stabilit\u00e0 termica e propriet\u00e0 elettriche, utilizzato nel processo di rivestimento dello sputtering, pu\u00f2 essere utilizzato nei semiconduttori, nei dispositivi elettronici e in altri campi della deposizione di film sottili sul substrato, pu\u00f2 migliorare efficacemente le prestazioni e la stabilit\u00e0 del dispositivo.<\/p>\n","protected":false},"featured_media":1002314,"comment_status":"open","ping_status":"closed","template":"","meta":{"_acf_changed":false},"product_brand":[],"product_cat":[197],"product_tag":[],"class_list":{"0":"post-1014400","1":"product","2":"type-product","3":"status-publish","4":"has-post-thumbnail","6":"product_cat-obiettivi-di-sputtering-planari","8":"first","9":"instock","10":"shipping-taxable","11":"product-type-variable"},"acf":[],"_links":{"self":[{"href":"https:\/\/vimaterial.de\/it\/wp-json\/wp\/v2\/product\/1014400","targetHints":{"allow":["GET"]}}],"collection":[{"href":"https:\/\/vimaterial.de\/it\/wp-json\/wp\/v2\/product"}],"about":[{"href":"https:\/\/vimaterial.de\/it\/wp-json\/wp\/v2\/types\/product"}],"replies":[{"embeddable":true,"href":"https:\/\/vimaterial.de\/it\/wp-json\/wp\/v2\/comments?post=1014400"}],"wp:featuredmedia":[{"embeddable":true,"href":"https:\/\/vimaterial.de\/it\/wp-json\/wp\/v2\/media\/1002314"}],"wp:attachment":[{"href":"https:\/\/vimaterial.de\/it\/wp-json\/wp\/v2\/media?parent=1014400"}],"wp:term":[{"taxonomy":"product_brand","embeddable":true,"href":"https:\/\/vimaterial.de\/it\/wp-json\/wp\/v2\/product_brand?post=1014400"},{"taxonomy":"product_cat","embeddable":true,"href":"https:\/\/vimaterial.de\/it\/wp-json\/wp\/v2\/product_cat?post=1014400"},{"taxonomy":"product_tag","embeddable":true,"href":"https:\/\/vimaterial.de\/it\/wp-json\/wp\/v2\/product_tag?post=1014400"}],"curies":[{"name":"wp","href":"https:\/\/api.w.org\/{rel}","templated":true}]}}