{"id":1014382,"date":"2024-06-17T14:33:49","date_gmt":"2024-06-17T06:33:49","guid":{"rendered":"https:\/\/vimaterial.de\/product\/carburo-di-cromo-3\/"},"modified":"2025-04-17T15:15:42","modified_gmt":"2025-04-17T07:15:42","slug":"carburo-di-cromo-3","status":"publish","type":"product","link":"https:\/\/vimaterial.de\/it\/product\/carburo-di-cromo-3\/","title":{"rendered":"Carburo di cromo"},"content":{"rendered":"<p>La polvere di carburo di cromo \u00e8 un tipo di polvere composta da cromo e carbonio, con elevata durezza, buona resistenza all&#8217;usura, resistenza alla corrosione e stabilit\u00e0 alle alte temperature, ecc. Svolge un ruolo importante nella metalloceramica, nei rivestimenti resistenti all&#8217;usura e in molti altri settori industriali. <\/p>\n<p>VIMATERIAL fornisce polvere di carburo di cromo, la nostra polvere di carburo di cromo presenta i vantaggi di elevata durezza, elevata resistenza all&#8217;abrasione, buona resistenza alla corrosione, eccellente stabilit\u00e0 alle alte temperature e granulometria uniforme. Ci dedichiamo da molti anni alla ricerca di materie prime chimiche inorganiche, abbiamo un team di professionisti con una ricca esperienza, accettiamo personalizzazioni ed esperimenti, vi preghiamo di <span style=\"color: #0000ff;\"><a style=\"color: #0000ff;\" href=\"https:\/\/vimaterial.de\/en\/contact-us\/\">contattarci<\/a><\/span> se necessario. <\/p>\n<h2><span style=\"font-size: 14pt;\">Propriet\u00e0 fisiche<\/span><\/h2>\n<p>Formula molecolare: Cr\u2082\u2083C\u2086<\/p>\n<p>Peso molecolare: 1267,97<\/p>\n<p>Aspetto: polvere grigia<\/p>\n<p>Punto di fusione: circa 1550 \u00b0C<\/p>\n<p>Struttura cristallina: sistema cristallino cubico, gruppo spaziale Fm3m, a\u2080=10.650, 4Cr in (a)(000), 8Cr in (c)(1\/41\/4:}), 48Cr in (h)(oxx), x=0.1699, 32Cr in (f)(xxx), x=0.3809, 24C in (e)(x00), x=0- 2765. <\/p>\n<h2><span style=\"font-size: 14pt;\">Applicazione<\/span><\/h2>\n<p>Metalloceramica: le polveri di carburo di cromo sono utilizzate nella produzione di metalloceramiche. Mescolando e sinterizzando con polveri metalliche, la durezza e la resistenza all&#8217;abrasione del materiale possono essere notevolmente migliorate per produrre utensili da taglio di alta qualit\u00e0 e parti resistenti all&#8217;usura. <\/p>\n<p>Rivestimenti: Nell&#8217;industria dei rivestimenti, la polvere pu\u00f2 essere utilizzata per preparare rivestimenti resistenti all&#8217;usura che possono essere applicati sulla superficie di componenti meccanici, come le parti del motore, per ridurre il coefficiente di attrito e prolungare la durata dei componenti.<\/p>\n<p>Aerospaziale: le polveri di carburo di cromo sono utilizzate nella produzione e nel trattamento superficiale di componenti aerospaziali, dove la loro resistenza alle alte temperature e all&#8217;abrasione aiuta i componenti critici come le pale dei motori aeronautici a resistere alle complessit\u00e0 delle alte temperature, delle correnti d&#8217;aria ad alta velocit\u00e0 e della polvere.<\/p>\n<p>Industria automobilistica: nella produzione automobilistica, viene utilizzato nelle valvole del motore, nelle fasce elastiche e in altre parti, utilizzando le sue propriet\u00e0 di resistenza all&#8217;usura e alla corrosione per ridurre l&#8217;usura e la corrosione delle parti e migliorare le prestazioni e l&#8217;affidabilit\u00e0 dei motori automobilistici.<\/p>\n<h2><span style=\"font-size: 14pt;\">Controllo qualit\u00e0<\/span><\/h2>\n<p><span style=\"color: #0000ff;\"><a style=\"color: #0000ff;\" href=\"https:\/\/vimaterial.de\/en\/quality-control\/\">Ogni lotto<\/a><\/span> di prodotti segue rigorosi principi di controllo della qualit\u00e0, a tutto tondo per garantire che ogni lotto di materiali dall&#8217;approvvigionamento delle materie prime, alla lavorazione, ai prodotti finiti fuori dal magazzino abbia strumenti avanzati, rigorosi standard di ispezione, registri di ispezione perfetti per garantire il controllo della qualit\u00e0 del prodotto e la tracciabilit\u00e0 del prodotto, ogni lotto di prodotti \u00e8 accompagnato da MSDS, COA,  Rapporti TDS, PSD, XRD, ecc., ogni lotto di prodotti verr\u00e0 consegnato al cliente per fornire campioni, supportando anche il cliente per richiedere organizzazioni di ispezione di terze parti. Forniremo campioni ai clienti per ogni lotto di prodotti e supporteremo anche i clienti per richiedere alle organizzazioni di ispezione di terze parti di ispezionare i prodotti. <\/p>\n<h2><span style=\"font-size: 14pt;\">Imballaggio e stoccaggio<\/span><\/h2>\n<p>La polvere di carburo di cromo viene confezionata in flaconi a doppio vuoto o sacchetti a doppio vuoto e quindi confezionata in cartoni.<\/p>\n<p>La polvere di carburo di cromo deve essere conservata in un ambiente asciutto e ben ventilato, evitando l&#8217;umidit\u00e0 e il contatto con sostanze corrosive, e lontano da fuoco e fonti di calore, e l&#8217;area di stoccaggio deve essere ben sigillata per evitare che la polvere si disperda.<\/p>\n","protected":false},"excerpt":{"rendered":"<p>La polvere di carburo di cromo \u00e8 un tipo di polvere composta da cromo e carbonio, con elevata durezza, buona resistenza all&#8217;usura, resistenza alla corrosione e stabilit\u00e0 alle alte temperature, ecc. Svolge un ruolo importante nella metalloceramica, nei rivestimenti resistenti all&#8217;usura e in molti altri settori industriali. <\/p>\n","protected":false},"featured_media":1001267,"comment_status":"open","ping_status":"closed","template":"","meta":{"_acf_changed":false},"product_brand":[],"product_cat":[202],"product_tag":[],"class_list":{"0":"post-1014382","1":"product","2":"type-product","3":"status-publish","4":"has-post-thumbnail","6":"product_cat-materiali-c-n-b-si","8":"first","9":"instock","10":"shipping-taxable","11":"purchasable","12":"product-type-variable"},"acf":[],"_links":{"self":[{"href":"https:\/\/vimaterial.de\/it\/wp-json\/wp\/v2\/product\/1014382","targetHints":{"allow":["GET"]}}],"collection":[{"href":"https:\/\/vimaterial.de\/it\/wp-json\/wp\/v2\/product"}],"about":[{"href":"https:\/\/vimaterial.de\/it\/wp-json\/wp\/v2\/types\/product"}],"replies":[{"embeddable":true,"href":"https:\/\/vimaterial.de\/it\/wp-json\/wp\/v2\/comments?post=1014382"}],"wp:featuredmedia":[{"embeddable":true,"href":"https:\/\/vimaterial.de\/it\/wp-json\/wp\/v2\/media\/1001267"}],"wp:attachment":[{"href":"https:\/\/vimaterial.de\/it\/wp-json\/wp\/v2\/media?parent=1014382"}],"wp:term":[{"taxonomy":"product_brand","embeddable":true,"href":"https:\/\/vimaterial.de\/it\/wp-json\/wp\/v2\/product_brand?post=1014382"},{"taxonomy":"product_cat","embeddable":true,"href":"https:\/\/vimaterial.de\/it\/wp-json\/wp\/v2\/product_cat?post=1014382"},{"taxonomy":"product_tag","embeddable":true,"href":"https:\/\/vimaterial.de\/it\/wp-json\/wp\/v2\/product_tag?post=1014382"}],"curies":[{"name":"wp","href":"https:\/\/api.w.org\/{rel}","templated":true}]}}