{"id":1014366,"date":"2024-06-17T14:33:50","date_gmt":"2024-06-17T06:33:50","guid":{"rendered":"https:\/\/vimaterial.de\/product\/nitruro-di-cromo-2\/"},"modified":"2025-04-17T15:13:52","modified_gmt":"2025-04-17T07:13:52","slug":"nitruro-di-cromo-2","status":"publish","type":"product","link":"https:\/\/vimaterial.de\/it\/product\/nitruro-di-cromo-2\/","title":{"rendered":"Nitruro di cromo"},"content":{"rendered":"<p><span style=\"color: #0000ff;\"><a style=\"color: #0000ff;\" href=\"https:\/\/vimaterial.de\/en\/product\/chromium-nitride-2\/\">La polvere di nitruro di cromo<\/a> <\/span>\u00e8 una polvere composta inorganica con elevata durezza, buona resistenza all&#8217;abrasione, resistenza alla corrosione e stabilit\u00e0 alle alte temperature, solitamente di colore grigio o nero, che svolge un ruolo importante in molti campi industriali, come il rivestimento superficiale del metallo e la produzione di utensili da taglio.<\/p>\n<p>VIMATERIAL fornisce polvere di nitruro di cromo, la nostra polvere di nitruro di cromo ha le caratteristiche di elevata durezza, buona resistenza all&#8217;abrasione e alla corrosione, alto punto di fusione e stabilit\u00e0 alle alte temperature. Ci dedichiamo da molti anni alla ricerca di materie prime chimiche inorganiche, abbiamo un team di professionisti con una ricca esperienza, accettiamo personalizzazioni ed esperimenti, vi preghiamo di <span style=\"color: #0000ff;\"><a style=\"color: #0000ff;\" href=\"https:\/\/vimaterial.de\/en\/contact-us\/\">contattarci<\/a><\/span> se necessario. <\/p>\n<h2><span style=\"font-size: 14pt;\">Propriet\u00e0 fisiche<\/span><\/h2>\n<p>Formula molecolare: Cr\u2082N<\/p>\n<p>Peso molecolare: 118,0056<\/p>\n<p>Aspetto: polvere nera o grigio scuro<\/p>\n<p>Densit\u00e0: circa 6,5 &#8211; 7,0 g\/cm\u00b3.<\/p>\n<p>Struttura cristallina: sistema cristallino esagonale, la sua struttura cristallina mostra le tipiche caratteristiche esagonali ravvicinate, questa struttura fa s\u00ec che il Cr\u2082N abbia una migliore stabilit\u00e0 e alcune propriet\u00e0 fisico-chimiche speciali.<\/p>\n<h2><span style=\"font-size: 14pt;\">Applicazione<\/span><\/h2>\n<p>Campo degli utensili da taglio: la polvere di nitruro di cromo viene utilizzata nella produzione di utensili da taglio rivestiti, rivestiti sulla superficie dell&#8217;utensile, in virt\u00f9 della sua elevata durezza e resistenza all&#8217;usura, migliora significativamente le prestazioni di taglio dell&#8217;utensile, prolunga la durata dell&#8217;utensile e lavora in modo efficiente vari tipi di materiali metallici.<\/p>\n<p>Campo della produzione di stampi: l&#8217;applicazione della verniciatura a polvere su stampi ad iniezione, stampi per pressofusione e altri stampi pu\u00f2 rendere la superficie dello stampo con una buona resistenza all&#8217;usura e alla corrosione, ridurre la frequenza di frequenti riparazioni o sostituzioni di stampi e garantire la produzione di alta precisione di prodotti in plastica e parti pressofuse.<\/p>\n<p>Campo delle parti automobilistiche: la polvere di nitruro di cromo viene aggiunta alle fasce elastiche, alle valvole e ad altre parti del motore automobilistico per rafforzare la superficie, che pu\u00f2 resistere alle alte temperature, all&#8217;attrito e alla corrosione del carburante, garantire il funzionamento stabile ed efficiente del motore e migliorare le prestazioni complessive dell&#8217;auto.<\/p>\n<p>Aerospaziale: le vernici in polvere al nitruro di cromo sono utilizzate in parti chiave come pale e camere di combustione dei motori aerospaziali per aiutare i componenti a far fronte a temperature estremamente elevate e impatti del flusso d&#8217;aria ad alta velocit\u00e0 con le sue eccellenti propriet\u00e0 di resistenza alle alte temperature e allo sfregamento, garantendo cos\u00ec la sicurezza del volo.<\/p>\n<p>Apparecchiature elettroniche: le vernici in polvere al nitruro di cromo vengono utilizzate sulla superficie dei dissipatori di calore dei chip elettronici per migliorare l&#8217;affidabilit\u00e0 delle apparecchiature elettroniche sfruttando la sua eccellente conduttivit\u00e0 termica e stabilit\u00e0 chimica, che non solo accelera la dissipazione del calore, ma previene anche l&#8217;erosione ambientale del dispositivo.<\/p>\n<h2><span style=\"font-size: 14pt;\">Controllo qualit\u00e0<\/span><\/h2>\n<p><span style=\"color: #0000ff;\"><a style=\"color: #0000ff;\" href=\"https:\/\/vimaterial.de\/en\/quality-control\/\">Ogni lotto<\/a><\/span> di prodotti segue rigorosi principi di controllo della qualit\u00e0, a tutto tondo per garantire che ogni lotto di materiali dall&#8217;approvvigionamento delle materie prime, alla lavorazione, ai prodotti finiti fuori dal magazzino abbia strumenti avanzati, rigorosi standard di ispezione, registri di ispezione perfetti per garantire il controllo della qualit\u00e0 del prodotto e la tracciabilit\u00e0 del prodotto, ogni lotto di prodotti \u00e8 accompagnato da MSDS, COA,  Rapporti TDS, PSD, XRD, ecc., ogni lotto di prodotti verr\u00e0 consegnato al cliente per fornire campioni, supportando anche il cliente per richiedere organizzazioni di ispezione di terze parti. Forniremo campioni ai clienti per ogni lotto di prodotti e supporteremo anche i clienti per richiedere alle organizzazioni di ispezione di terze parti di ispezionare i prodotti. <\/p>\n<h2><span style=\"font-size: 14pt;\">Imballaggio e stoccaggio<\/span><\/h2>\n<p>La polvere di nitruro di cromo viene confezionata in flaconi a doppio vuoto o sacchetti a doppio vuoto e quindi confezionata in cartoni.<\/p>\n<p>La polvere di nitruro di cromo deve essere conservata in un ambiente asciutto, fresco e ben ventilato e deve essere sigillata per evitare umidit\u00e0, ossidazione e contatto con sostanze corrosive.<\/p>\n","protected":false},"excerpt":{"rendered":"<p><span style=\"color: #0000ff;\"><a style=\"color: #0000ff;\" href=\"https:\/\/vimaterial.de\/en\/product\/chromium-nitride-2\/\">La polvere di nitruro di cromo<\/a> <\/span>\u00e8 una polvere composta inorganica con elevata durezza, buona resistenza all&#8217;abrasione, resistenza alla corrosione e stabilit\u00e0 alle alte temperature, solitamente di colore grigio o nero, che svolge un ruolo importante in molti campi industriali, come il rivestimento superficiale del metallo e la produzione di utensili da taglio.<\/p>\n","protected":false},"featured_media":1001274,"comment_status":"open","ping_status":"closed","template":"","meta":{"_acf_changed":false},"product_brand":[],"product_cat":[202],"product_tag":[],"class_list":{"0":"post-1014366","1":"product","2":"type-product","3":"status-publish","4":"has-post-thumbnail","6":"product_cat-materiali-c-n-b-si","8":"first","9":"instock","10":"shipping-taxable","11":"purchasable","12":"product-type-variable"},"acf":[],"_links":{"self":[{"href":"https:\/\/vimaterial.de\/it\/wp-json\/wp\/v2\/product\/1014366","targetHints":{"allow":["GET"]}}],"collection":[{"href":"https:\/\/vimaterial.de\/it\/wp-json\/wp\/v2\/product"}],"about":[{"href":"https:\/\/vimaterial.de\/it\/wp-json\/wp\/v2\/types\/product"}],"replies":[{"embeddable":true,"href":"https:\/\/vimaterial.de\/it\/wp-json\/wp\/v2\/comments?post=1014366"}],"wp:featuredmedia":[{"embeddable":true,"href":"https:\/\/vimaterial.de\/it\/wp-json\/wp\/v2\/media\/1001274"}],"wp:attachment":[{"href":"https:\/\/vimaterial.de\/it\/wp-json\/wp\/v2\/media?parent=1014366"}],"wp:term":[{"taxonomy":"product_brand","embeddable":true,"href":"https:\/\/vimaterial.de\/it\/wp-json\/wp\/v2\/product_brand?post=1014366"},{"taxonomy":"product_cat","embeddable":true,"href":"https:\/\/vimaterial.de\/it\/wp-json\/wp\/v2\/product_cat?post=1014366"},{"taxonomy":"product_tag","embeddable":true,"href":"https:\/\/vimaterial.de\/it\/wp-json\/wp\/v2\/product_tag?post=1014366"}],"curies":[{"name":"wp","href":"https:\/\/api.w.org\/{rel}","templated":true}]}}