{"id":1014341,"date":"2024-06-17T14:33:50","date_gmt":"2024-06-17T06:33:50","guid":{"rendered":"https:\/\/vimaterial.de\/product\/ossido-di-cromo-3\/"},"modified":"2025-04-17T15:09:45","modified_gmt":"2025-04-17T07:09:45","slug":"ossido-di-cromo-3","status":"publish","type":"product","link":"https:\/\/vimaterial.de\/it\/product\/ossido-di-cromo-3\/","title":{"rendered":"Ossido di cromo"},"content":{"rendered":"<p><span style=\"color: #0000ff;\"><a style=\"color: #0000ff;\" href=\"https:\/\/vimaterial.de\/en\/product\/chromium-oxide-2\/\">I<\/a><\/span> granuli di ossido di cromo sono composti inorganici solitamente sotto forma di granuli verdi con elevata durezza, alto punto di fusione e buona stabilit\u00e0 chimica, ampiamente utilizzati in metallurgia, ceramica, pigmenti, vernici e altri campi.<\/p>\n<p>VIMATERIAL fornisce granuli di ossido di cromo, i nostri granuli hanno elevata purezza, basse impurit\u00e0, particelle uniformi, dimensione delle particelle controllabile e buona stabilit\u00e0 chimica. Ci dedichiamo da molti anni alla ricerca di materie prime chimiche inorganiche, abbiamo un team di professionisti con una ricca esperienza, accettiamo personalizzazioni ed esperimenti, vi preghiamo di <span style=\"color: #0000ff;\"><a style=\"color: #0000ff;\" href=\"https:\/\/vimaterial.de\/en\/contact-us\/\">contattarci<\/a><\/span> se necessario. <\/p>\n<h2><span style=\"font-size: 14pt;\">Propriet\u00e0 fisiche<\/span><\/h2>\n<p>Formula molecolare: Cr\u2082O\u2083<\/p>\n<p>Peso molecolare: 151,99<\/p>\n<p>Aspetto: granulare verde, con lucentezza metallica<\/p>\n<p>Densit\u00e0: 5,22 g\/cm\u00b3<\/p>\n<p>Punto di fusione: 2435\u00b0C<\/p>\n<p>Punto di ebollizione: 4000\u00b0C<\/p>\n<p>Struttura cristallina: struttura di tipo corindone, appartiene al sistema cristallino tripartito, gruppo spaziale R3c, \u00e8 costituito da array di ioni di ossigeno esagonali densamente impilati e ioni cromo che occupano i due terzi dei vuoti ottaedrici.<\/p>\n<h2><span style=\"font-size: 14pt;\">Applicazione<\/span><\/h2>\n<p>Metallurgia: le particelle di ossido di cromo vengono utilizzate come additivo legante nel processo di produzione dell&#8217;acciaio per migliorare la durezza, la resistenza all&#8217;usura e la resistenza all&#8217;ossidazione dell&#8217;acciaio, contribuendo a creare parti meccaniche ad alta resistenza e acciaio da costruzione durevole.<\/p>\n<p>Ceramica: Nella ceramica, \u00e8 incorporato nella formulazione dei grezzi e, grazie alla sua resistenza alle alte temperature e stabilit\u00e0 chimica, non solo consente alla ceramica di resistere alle alte temperature di cottura, ma conferisce anche al prodotto finito un colore brillante e duraturo, che viene utilizzato nella produzione di ceramiche artistiche e articoli per la tavola di alta gamma.<\/p>\n<p>Pigmenti: Come componente chiave dei pigmenti verdi, i granuli di ossido di cromo sono utilizzati nei pigmenti per la pittura, nella colorazione plastica e nei rivestimenti architettonici per la loro eccezionale saturazione del colore, resistenza alla luce e inerzia chimica, garantendo colori brillanti e duraturi.<\/p>\n<p>Abrasivi: con la loro elevata durezza, i granuli di ossido di cromo vengono utilizzati per realizzare abrasivi fini per la lucidatura di lenti ottiche di precisione e gioielli con pietre preziose, ottenendo una finitura a specchio altamente efficiente senza danneggiare il materiale.<\/p>\n<h2><span style=\"font-size: 14pt;\">Controllo qualit\u00e0<\/span><\/h2>\n<p><span style=\"color: #0000ff;\"><a style=\"color: #0000ff;\" href=\"https:\/\/vimaterial.de\/en\/quality-control\/\">Ogni lotto<\/a><\/span> di prodotti segue rigorosi principi di controllo della qualit\u00e0, a tutto tondo per garantire che ogni lotto di materiali dall&#8217;approvvigionamento delle materie prime, alla lavorazione, ai prodotti finiti fuori dal magazzino abbia strumenti avanzati, rigorosi standard di ispezione, registri di ispezione perfetti per garantire il controllo della qualit\u00e0 del prodotto e la tracciabilit\u00e0 del prodotto, ogni lotto di prodotti \u00e8 accompagnato da MSDS, COA,  Rapporti TDS, PSD, XRD, ecc., ogni lotto di prodotti verr\u00e0 consegnato al cliente per fornire campioni, supportando anche il cliente per richiedere organizzazioni di ispezione di terze parti. Forniremo campioni ai clienti per ogni lotto di prodotti e supporteremo anche i clienti per richiedere alle organizzazioni di ispezione di terze parti di ispezionare i prodotti. <\/p>\n<h2><span style=\"font-size: 14pt;\">Imballaggio e stoccaggio<\/span><\/h2>\n<p>I granuli di ossido di cromo sono confezionati in un sacchetto sottovuoto a doppio strato o in una bottiglia sottovuoto a doppio strato e quindi confezionati in una scatola di cartone.<\/p>\n<p>I granuli di ossido di cromo devono essere conservati in un ambiente asciutto e ben ventilato, lontano dal fuoco e da forti agenti ossidanti, per evitare l&#8217;umidit\u00e0, e devono essere conservati in contenitori sigillati per evitare che le impurit\u00e0 si mescolino, per garantire che la sua stabilit\u00e0 chimica e le propriet\u00e0 fisiche non siano compromesse.<\/p>\n","protected":false},"excerpt":{"rendered":"<p><span style=\"color: #0000ff;\"><a style=\"color: #0000ff;\" href=\"https:\/\/vimaterial.de\/en\/product\/chromium-oxide-2\/\">I<\/a><\/span> granuli di ossido di cromo sono composti inorganici solitamente sotto forma di granuli verdi con elevata durezza, alto punto di fusione e buona stabilit\u00e0 chimica, ampiamente utilizzati in metallurgia, ceramica, pigmenti, vernici e altri campi.<\/p>\n","protected":false},"featured_media":1038892,"comment_status":"open","ping_status":"closed","template":"","meta":{"_acf_changed":false},"product_brand":[],"product_cat":[198],"product_tag":[],"class_list":{"0":"post-1014341","1":"product","2":"type-product","3":"status-publish","4":"has-post-thumbnail","6":"product_cat-materiali-per-levaporazione","8":"first","9":"instock","10":"shipping-taxable","11":"product-type-variable"},"acf":[],"_links":{"self":[{"href":"https:\/\/vimaterial.de\/it\/wp-json\/wp\/v2\/product\/1014341","targetHints":{"allow":["GET"]}}],"collection":[{"href":"https:\/\/vimaterial.de\/it\/wp-json\/wp\/v2\/product"}],"about":[{"href":"https:\/\/vimaterial.de\/it\/wp-json\/wp\/v2\/types\/product"}],"replies":[{"embeddable":true,"href":"https:\/\/vimaterial.de\/it\/wp-json\/wp\/v2\/comments?post=1014341"}],"wp:featuredmedia":[{"embeddable":true,"href":"https:\/\/vimaterial.de\/it\/wp-json\/wp\/v2\/media\/1038892"}],"wp:attachment":[{"href":"https:\/\/vimaterial.de\/it\/wp-json\/wp\/v2\/media?parent=1014341"}],"wp:term":[{"taxonomy":"product_brand","embeddable":true,"href":"https:\/\/vimaterial.de\/it\/wp-json\/wp\/v2\/product_brand?post=1014341"},{"taxonomy":"product_cat","embeddable":true,"href":"https:\/\/vimaterial.de\/it\/wp-json\/wp\/v2\/product_cat?post=1014341"},{"taxonomy":"product_tag","embeddable":true,"href":"https:\/\/vimaterial.de\/it\/wp-json\/wp\/v2\/product_tag?post=1014341"}],"curies":[{"name":"wp","href":"https:\/\/api.w.org\/{rel}","templated":true}]}}