{"id":1014334,"date":"2024-06-17T14:33:50","date_gmt":"2024-06-17T06:33:50","guid":{"rendered":"https:\/\/vimaterial.de\/product\/nitruro-di-cromo\/"},"modified":"2025-04-17T15:12:15","modified_gmt":"2025-04-17T07:12:15","slug":"nitruro-di-cromo","status":"publish","type":"product","link":"https:\/\/vimaterial.de\/it\/product\/nitruro-di-cromo\/","title":{"rendered":"Nitruro di cromo"},"content":{"rendered":"<p>Il bersaglio sputtering al <span style=\"color: #0000ff;\"><a style=\"color: #0000ff;\" href=\"https:\/\/vimaterial.de\/en\/product\/chromium-nitride-powder\/\">nitruro di cromo<\/a><\/span> \u00e8 un tipo di bersaglio composto ceramico utilizzato nella tecnologia di rivestimento sputtering magnetron, che pu\u00f2 depositare film sottile di nitruro di cromo con elevata durezza, buona resistenza all&#8217;abrasione e stabilit\u00e0 alle alte temperature su una variet\u00e0 di superfici del substrato, ampiamente utilizzato nell&#8217;elettronica, nei macchinari e in altri campi.<\/p>\n<p>VIMATERIAL fornisce bersagli sputtering in nitruro di cromo. I nostri bersagli sputtering al nitruro di cromo sono caratterizzati da elevata purezza, alta densit\u00e0, elevata durezza, buona resistenza all&#8217;abrasione e stabilit\u00e0 chimica. Ci dedichiamo da molti anni alla ricerca di materiali chimici inorganici e forniamo anche il servizio di legatura di bersagli sputtering. Abbiamo un team esperto e professionale per accettare personalizzazioni ed esperimenti, vi preghiamo di <span style=\"color: #0000ff;\"><a style=\"color: #0000ff;\" href=\"https:\/\/vimaterial.de\/en\/contact-us\/\">contattarci<\/a><\/span> se necessario.   <\/p>\n<h2><span style=\"font-size: 14pt;\">Propriet\u00e0 fisiche<\/span><\/h2>\n<p>Formula molecolare: Cr\u2082N<\/p>\n<p>Peso molecolare: circa 118.<\/p>\n<p>Aspetto: bersaglio grigio-marrone o grigio chiaro<\/p>\n<p>Densit\u00e0: Densit\u00e0 circa 6,14 g\/cm\u00b3.<\/p>\n<p>Punto di fusione: il punto di fusione \u00e8 superiore a 1650 \u00b0C, in condizione di vuoto, si decomporr\u00e0 a 700-1200 \u00b0C.<\/p>\n<p>Struttura cristallina: sistema cristallino esagonale, costante reticolare a = 0,4150 nm, stabile a temperatura e pressione ambiente, a = 0,274 nm, c = 0,445 nm.<\/p>\n<h2><span style=\"font-size: 14pt;\">Applicazioni<\/span><\/h2>\n<p>Campo elettronico: il bersaglio sputtering Cr2N viene utilizzato nella produzione di chip semiconduttori, che possono essere rivestiti con uno strato di film di nitruro di cromo resistente all&#8217;abrasione, resistente alla corrosione e conduttivo sulla superficie del chip per migliorare l&#8217;affidabilit\u00e0 e la stabilit\u00e0 del chip e aiutare le alte prestazioni delle apparecchiature elettroniche.<\/p>\n<p>Campo degli strumenti ottici: nel processo di rivestimento della lente ottica di precisione, il bersaglio sputtering Cr2N pu\u00f2 depositare un film con elevata durezza e basso coefficiente di attrito, che protegge efficacemente la superficie della lente, riduce i graffi e l&#8217;abrasione, prolunga la durata dello strumento ottico e garantisce immagini chiare.<\/p>\n<p>Campo di produzione automobilistica: dopo che i pistoni, le valvole e altre parti dei motori delle automobili sono stati rivestiti con bersagli sputtering Cr2N, il film di nitruro di cromo formato sulla superficie migliora notevolmente la resistenza all&#8217;usura e la resistenza all&#8217;ossidazione ad alta temperatura delle parti, in modo che le prestazioni del motore siano pi\u00f9 eccellenti alle alte temperature e alle alte velocit\u00e0 e la frequenza della manutenzione sia ridotta.<\/p>\n<p>Industria aerospaziale: utilizzati nel trattamento superficiale delle pale dei motori e delle parti strutturali della fusoliera degli aeromobili, i bersagli sputtering Cr2N conferiscono a queste parti chiave un&#8217;eccellente resistenza alla fatica e alla corrosione, consentendo loro di resistere ad ambienti estremi e garantendo la sicurezza del volo.<\/p>\n<h2><span style=\"font-size: 14pt;\">Controllo qualit\u00e0<\/span><\/h2>\n<p><span style=\"color: #0000ff;\"><a style=\"color: #0000ff;\" href=\"https:\/\/vimaterial.de\/en\/quality-control\/\">Ogni lotto<\/a><\/span> di prodotti segue rigorosi principi di controllo della qualit\u00e0, a tutto tondo per garantire che ogni lotto di materiali dall&#8217;approvvigionamento delle materie prime, alla lavorazione, ai prodotti finiti fuori dal magazzino abbia strumenti avanzati, rigorosi standard di ispezione, registri di ispezione perfetti, per garantire che la qualit\u00e0 del prodotto possa essere controllata e la tracciabilit\u00e0 del prodotto, ogni lotto di prodotti \u00e8 accompagnato da MSDS,  Rapporti COA, TDS, PSD, XRD, ecc., E ogni lotto di prodotti sar\u00e0 fornito con campioni al cliente, inoltre supportiamo i clienti a richiedere organizzazioni di ispezione di terze parti per ispezionare i prodotti. Forniremo ai clienti campioni di ogni lotto di prodotti e supporteremo anche i clienti nella richiesta di organizzazioni di ispezione di terze parti per ispezionare i prodotti. <\/p>\n<h2><span style=\"font-size: 14pt;\">Imballaggio e stoccaggio<\/span><\/h2>\n<p>I bersagli per sputtering al nitruro di cromo sono confezionati in doppi sacchetti sottovuoto e quindi inscatolati in cartoni.<\/p>\n<p>I bersagli per polverizzazione catodica al nitruro di cromo devono essere conservati in un ambiente asciutto, fresco e ben ventilato per evitare umidit\u00e0 e ossidazione, per evitare che il bersaglio venga urtato e schiacciato e lontano da sostanze corrosive.<\/p>\n","protected":false},"excerpt":{"rendered":"<p>Il bersaglio sputtering al <span style=\"color: #0000ff;\"><a style=\"color: #0000ff;\" href=\"https:\/\/vimaterial.de\/en\/product\/chromium-nitride-powder\/\">nitruro di cromo<\/a><\/span> \u00e8 un tipo di bersaglio composto ceramico utilizzato nella tecnologia di rivestimento sputtering magnetron, che pu\u00f2 depositare film sottile di nitruro di cromo con elevata durezza, buona resistenza all&#8217;abrasione e stabilit\u00e0 alle alte temperature su una variet\u00e0 di superfici del substrato, ampiamente utilizzato nell&#8217;elettronica, nei macchinari e in altri campi.<\/p>\n","protected":false},"featured_media":1030074,"comment_status":"open","ping_status":"closed","template":"","meta":{"_acf_changed":false},"product_brand":[],"product_cat":[197],"product_tag":[],"class_list":{"0":"post-1014334","1":"product","2":"type-product","3":"status-publish","4":"has-post-thumbnail","6":"product_cat-obiettivi-di-sputtering-planari","8":"first","9":"instock","10":"shipping-taxable","11":"product-type-variable"},"acf":[],"_links":{"self":[{"href":"https:\/\/vimaterial.de\/it\/wp-json\/wp\/v2\/product\/1014334","targetHints":{"allow":["GET"]}}],"collection":[{"href":"https:\/\/vimaterial.de\/it\/wp-json\/wp\/v2\/product"}],"about":[{"href":"https:\/\/vimaterial.de\/it\/wp-json\/wp\/v2\/types\/product"}],"replies":[{"embeddable":true,"href":"https:\/\/vimaterial.de\/it\/wp-json\/wp\/v2\/comments?post=1014334"}],"wp:featuredmedia":[{"embeddable":true,"href":"https:\/\/vimaterial.de\/it\/wp-json\/wp\/v2\/media\/1030074"}],"wp:attachment":[{"href":"https:\/\/vimaterial.de\/it\/wp-json\/wp\/v2\/media?parent=1014334"}],"wp:term":[{"taxonomy":"product_brand","embeddable":true,"href":"https:\/\/vimaterial.de\/it\/wp-json\/wp\/v2\/product_brand?post=1014334"},{"taxonomy":"product_cat","embeddable":true,"href":"https:\/\/vimaterial.de\/it\/wp-json\/wp\/v2\/product_cat?post=1014334"},{"taxonomy":"product_tag","embeddable":true,"href":"https:\/\/vimaterial.de\/it\/wp-json\/wp\/v2\/product_tag?post=1014334"}],"curies":[{"name":"wp","href":"https:\/\/api.w.org\/{rel}","templated":true}]}}