{"id":1014305,"date":"2024-06-17T14:33:51","date_gmt":"2024-06-17T06:33:51","guid":{"rendered":"https:\/\/vimaterial.de\/product\/ossido-di-cromo-2\/"},"modified":"2025-04-17T15:04:37","modified_gmt":"2025-04-17T07:04:37","slug":"ossido-di-cromo-2","status":"publish","type":"product","link":"https:\/\/vimaterial.de\/it\/product\/ossido-di-cromo-2\/","title":{"rendered":"Ossido di cromo"},"content":{"rendered":"<p><span style=\"color: #0000ff;\"><a style=\"color: #0000ff;\" href=\"https:\/\/vimaterial.de\/en\/product\/chromium-oxide-2\/\">Il<\/a><\/span> bersaglio sputtering dell&#8217;ossido di cromo \u00e8 un tipo di bersaglio sputtering del composto ceramico con alto punto di fusione, alta durezza e buona stabilit\u00e0 chimica, che pu\u00f2 essere ampiamente utilizzato nei semiconduttori, nell&#8217;ottica, nel display e in altri campi e pu\u00f2 depositare un film di ossido di cromo di alta qualit\u00e0.<\/p>\n<p>VIMATERIAL offre bersagli sputtering all&#8217;ossido di cromo. I nostri bersagli per sputtering con ossido di cromo sono caratterizzati da elevata purezza, buona stabilit\u00e0 chimica, elevata durezza ed elevata riflettivit\u00e0 nella gamma della luce rossa visibile. Siamo in grado di fornire un servizio di rilegatura target e abbiamo un team di ricerca e sviluppo tecnologico professionale, accettiamo qualsiasi personalizzazione del prodotto e sperimentiamo, se necessario, vi preghiamo di <span style=\"color: #0000ff;\"><a style=\"color: #0000ff;\" href=\"https:\/\/vimaterial.de\/en\/contact-us\/\">contattarci<\/a><\/span>.  <\/p>\n<h2><span style=\"font-size: 14pt;\">Propriet\u00e0 fisiche<\/span><\/h2>\n<p>Formula molecolare: Cr\u2082O\u2083<\/p>\n<p>Peso molecolare: 151,99<\/p>\n<p>Aspetto: bersaglio verde<\/p>\n<p>Densit\u00e0: 5,22 g\/cm\u00b3<\/p>\n<p>Punto di fusione: circa 2266\u00b0C<\/p>\n<p>Punto di ebollizione: circa 4000\u00b0C<\/p>\n<p>Struttura cristallina: solitamente esagonale<\/p>\n<h2><span style=\"font-size: 14pt;\">Applicazioni<\/span><\/h2>\n<p>Semiconduttori: i bersagli sputtering di ossido di cromo vengono utilizzati nella produzione di chip per depositare uno strato isolante per salvaguardare le propriet\u00e0 elettriche e migliorare l&#8217;affidabilit\u00e0 del chip.<\/p>\n<p>Ottica: nel rivestimento ottico, pu\u00f2 produrre un film di ossido di cromo ad alta durezza e alto indice di rifrazione, che aiuta a creare lenti ottiche e specchi laser di alta qualit\u00e0.<\/p>\n<p>Display: Nella produzione di display a schermo piatto, la pellicola depositata funge da matrice nera o strato di ombreggiatura, consentendo al display di aumentare il contrasto e la saturazione del colore.<\/p>\n<p>Energia: Nella produzione di celle solari, viene utilizzato per rivestire gli elettrodi, rafforzare la conduttivit\u00e0 e la stabilit\u00e0 e aiutare l&#8217;efficienza di conversione fotoelettrica a salire in alto.<\/p>\n<h2><span style=\"font-size: 14pt;\">Controllo qualit\u00e0<\/span><\/h2>\n<p><span style=\"color: #0000ff;\"><a style=\"color: #0000ff;\" href=\"https:\/\/vimaterial.de\/en\/quality-control\/\">VI HALBLEITERMATERIAL GmbH<\/a><\/span> si impegna a garantire un elevato controllo della qualit\u00e0 e la coerenza dei lotti a sostegno degli obiettivi generali del REACH attraverso l&#8217;adozione di un rigoroso sistema di garanzia della qualit\u00e0, un rigoroso controllo di qualit\u00e0 in tutte le fasi della catena di produzione, l&#8217;adesione al principio della rilavorazione e del rifacimento dei prodotti difettosi, il collaudo e il rilascio dei lotti in conformit\u00e0 con specifiche dettagliate,  rispetto degli standard pi\u00f9 elevati in tutti i settori, gestione dei problemi in conformit\u00e0 con la direttiva 8D conformit\u00e0 al regolamento REACH e alle relative norme.<\/p>\n<p>Ci impegniamo a raggiungere un elevato controllo di qualit\u00e0 e coerenza dei lotti a sostegno degli obiettivi generali del REACH, nonch\u00e9 a mantenere la documentazione e la tracciabilit\u00e0 dei lotti per creare una catena di approvvigionamento socialmente responsabile che garantisca la consegna di prodotti e servizi di alta qualit\u00e0.<\/p>\n<h2><span style=\"font-size: 14pt;\">Imballaggio e stoccaggio<\/span><\/h2>\n<p>I bersagli sputtering di ossido di cromo sono confezionati in sacchetti a doppio vuoto e poi inscatolati in cartoni.<\/p>\n<p>I bersagli sputtering di ossido di cromo devono essere conservati in un ambiente asciutto, fresco e ben ventilato, evitando umidit\u00e0, alte temperature, luce intensa e contatto con sostanze corrosive e allo stesso tempo prevenendo collisioni e vibrazioni violente per garantire che l&#8217;integrit\u00e0 e le prestazioni del bersaglio non vengano danneggiate.<\/p>\n","protected":false},"excerpt":{"rendered":"<p><span style=\"color: #0000ff;\"><a style=\"color: #0000ff;\" href=\"https:\/\/vimaterial.de\/en\/product\/chromium-oxide-2\/\">Il<\/a><\/span> bersaglio sputtering dell&#8217;ossido di cromo \u00e8 un tipo di bersaglio sputtering del composto ceramico con alto punto di fusione, alta durezza e buona stabilit\u00e0 chimica, che pu\u00f2 essere ampiamente utilizzato nei semiconduttori, nell&#8217;ottica, nel display e in altri campi e pu\u00f2 depositare un film di ossido di cromo di alta qualit\u00e0.<\/p>\n","protected":false},"featured_media":1041038,"comment_status":"open","ping_status":"closed","template":"","meta":{"_acf_changed":false},"product_brand":[],"product_cat":[197],"product_tag":[],"class_list":{"0":"post-1014305","1":"product","2":"type-product","3":"status-publish","4":"has-post-thumbnail","6":"product_cat-obiettivi-di-sputtering-planari","8":"first","9":"instock","10":"shipping-taxable","11":"product-type-variable"},"acf":[],"_links":{"self":[{"href":"https:\/\/vimaterial.de\/it\/wp-json\/wp\/v2\/product\/1014305","targetHints":{"allow":["GET"]}}],"collection":[{"href":"https:\/\/vimaterial.de\/it\/wp-json\/wp\/v2\/product"}],"about":[{"href":"https:\/\/vimaterial.de\/it\/wp-json\/wp\/v2\/types\/product"}],"replies":[{"embeddable":true,"href":"https:\/\/vimaterial.de\/it\/wp-json\/wp\/v2\/comments?post=1014305"}],"wp:featuredmedia":[{"embeddable":true,"href":"https:\/\/vimaterial.de\/it\/wp-json\/wp\/v2\/media\/1041038"}],"wp:attachment":[{"href":"https:\/\/vimaterial.de\/it\/wp-json\/wp\/v2\/media?parent=1014305"}],"wp:term":[{"taxonomy":"product_brand","embeddable":true,"href":"https:\/\/vimaterial.de\/it\/wp-json\/wp\/v2\/product_brand?post=1014305"},{"taxonomy":"product_cat","embeddable":true,"href":"https:\/\/vimaterial.de\/it\/wp-json\/wp\/v2\/product_cat?post=1014305"},{"taxonomy":"product_tag","embeddable":true,"href":"https:\/\/vimaterial.de\/it\/wp-json\/wp\/v2\/product_tag?post=1014305"}],"curies":[{"name":"wp","href":"https:\/\/api.w.org\/{rel}","templated":true}]}}