{"id":1014301,"date":"2024-06-17T14:33:51","date_gmt":"2024-06-17T06:33:51","guid":{"rendered":"https:\/\/vimaterial.de\/product\/ossido-di-cromo\/"},"modified":"2025-04-17T15:07:39","modified_gmt":"2025-04-17T07:07:39","slug":"ossido-di-cromo","status":"publish","type":"product","link":"https:\/\/vimaterial.de\/it\/product\/ossido-di-cromo\/","title":{"rendered":"Ossido di cromo"},"content":{"rendered":"<p><span style=\"color: #0000ff;\"><a style=\"color: #0000ff;\" href=\"https:\/\/vimaterial.de\/en\/product\/chromium-oxide-sputtering-target\/\">Ossido di cromo<\/a><\/span> La polvere \u00e8 una polvere verde, insolubile in acqua, solventi acidi e organici, con propriet\u00e0 magnetiche, forte potere coprente, resistenza alle alte temperature, resistenza alla luce solare, buona stabilit\u00e0 chimica, ecc. Ha una vasta gamma di applicazioni nei settori dei pigmenti, della ceramica, del vetro, dei rivestimenti, delle batterie, dei catalizzatori e cos\u00ec via. <\/p>\n<p>VIMATERIAL fornisce polvere di ossido di cromo, la nostra polvere di nitruro di cromo ha un&#8217;elevata purezza, basse impurit\u00e0, granulometria uniforme, buone propriet\u00e0 magnetiche e buona stabilit\u00e0 chimica. Ci dedichiamo da molti anni alla ricerca di materie prime chimiche inorganiche, abbiamo un team di professionisti con una ricca esperienza, accettiamo personalizzazioni ed esperimenti, vi preghiamo di <span style=\"color: #0000ff;\"><a style=\"color: #0000ff;\" href=\"https:\/\/vimaterial.de\/en\/contact-us\/\">contattarci<\/a><\/span> se necessario. <\/p>\n<h2><span style=\"font-size: 14pt;\">Propriet\u00e0 fisiche<\/span><\/h2>\n<p>Formula molecolare: Cr\u2082O\u2083<\/p>\n<p>Peso molecolare: 151,99<\/p>\n<p>Aspetto: polvere verde<\/p>\n<p>Densit\u00e0: circa 5,21 g\/cm\u00b3.<\/p>\n<p>Punto di fusione: circa 2266\u00b0C<\/p>\n<p>Punto di ebollizione: circa 4000\u00b0C<\/p>\n<p>Struttura cristallina: appartiene al sistema cristallino esagonale<\/p>\n<h2><span style=\"font-size: 14pt;\">Applicazione<\/span><\/h2>\n<p>Produzione del vetro: pu\u00f2 essere utilizzato come colorante per il vetro per far apparire il vetro di colore verde e allo stesso tempo pu\u00f2 migliorare la resistenza agli agenti atmosferici del vetro e utilizzato nella produzione di prodotti in vetro colorato come bottiglie di vino e vetro decorativo.<\/p>\n<p>Trattamento superficiale del metallo: pu\u00f2 essere utilizzato nella placcatura e nel rivestimento dei metalli per fornire un film protettivo duro e resistente alla corrosione per le superfici metalliche e prolungare la durata dei prodotti in metallo, come parti di automobili e hardware sanitario.<\/p>\n<p>Materiali refrattari: a causa della resistenza alle alte temperature e della buona stabilit\u00e0 chimica, viene utilizzato nella produzione di mattoni refrattari, rivestimenti refrattari e altri materiali refrattari, che possono resistere efficacemente alle fiamme ad alta temperatura e all&#8217;erosione delle scorie e garantire il funzionamento stabile di forni e forni industriali.<\/p>\n<p>Elettronica: le polveri di ossido di cromo hanno un&#8217;elevata resistivit\u00e0 e possono essere utilizzate per produrre resistori e componenti elettrici e dispositivi elettronici di alta precisione.<\/p>\n<p>Medico: le polveri di ossido di cromo sono biocompatibili, resistenti all&#8217;usura e hanno una buona resistenza alla corrosione e possono essere utilizzate nella produzione di ossa e articolazioni artificiali.<\/p>\n<h2><span style=\"font-size: 14pt;\">Controllo qualit\u00e0<\/span><\/h2>\n<p><span style=\"color: #0000ff;\"><a style=\"color: #0000ff;\" href=\"https:\/\/vimaterial.de\/en\/quality-control\/\">Ogni lotto<\/a> <\/span>di prodotti segue rigorosi principi di controllo della qualit\u00e0, a tutto tondo per garantire che ogni lotto di materiali dall&#8217;approvvigionamento delle materie prime, alla lavorazione, ai prodotti finiti fuori dal magazzino abbia strumenti avanzati, rigorosi standard di ispezione, registri di ispezione perfetti per garantire il controllo della qualit\u00e0 del prodotto e la tracciabilit\u00e0 del prodotto, ogni lotto di prodotti \u00e8 accompagnato da MSDS, COA,  Rapporti TDS, PSD, XRD, ecc., ogni lotto di prodotti verr\u00e0 consegnato al cliente per fornire campioni, supportando anche il cliente per richiedere organizzazioni di ispezione di terze parti. Forniremo campioni ai clienti per ogni lotto di prodotti e supporteremo anche i clienti per richiedere alle organizzazioni di ispezione di terze parti di ispezionare i prodotti. <\/p>\n<h2><span style=\"font-size: 14pt;\">Imballaggio e stoccaggio<\/span><\/h2>\n<p>La polvere di ossido di cromo viene confezionata in flaconi a doppio vuoto o doppi sacchetti sottovuoto e quindi confezionata in cartoni.<\/p>\n<p>Le polveri di ossido di cromo devono essere conservate in un ambiente asciutto e ben ventilato, sigillato e protetto da umidit\u00e0, sostanze corrosive come acidi o alcali e lontano da fonti di accensione e calore.<\/p>\n","protected":false},"excerpt":{"rendered":"<p>Ossido di cromo La polvere \u00e8 una polvere verde, insolubile in acqua, solventi acidi e organici, con propriet\u00e0 magnetiche, forte potere coprente, resistenza alle alte temperature, resistenza alla luce solare, buona stabilit\u00e0 chimica, ecc. Ha una vasta gamma di applicazioni nei settori dei pigmenti, della ceramica, del vetro, dei rivestimenti, delle batterie, dei catalizzatori e [&hellip;]<\/p>\n","protected":false},"featured_media":1041052,"comment_status":"open","ping_status":"closed","template":"","meta":{"_acf_changed":false},"product_brand":[],"product_cat":[205],"product_tag":[],"class_list":{"0":"post-1014301","1":"product","2":"type-product","3":"status-publish","4":"has-post-thumbnail","6":"product_cat-materiali-ossidi-idrossidi","8":"first","9":"instock","10":"shipping-taxable","11":"purchasable","12":"product-type-variable"},"acf":[],"_links":{"self":[{"href":"https:\/\/vimaterial.de\/it\/wp-json\/wp\/v2\/product\/1014301","targetHints":{"allow":["GET"]}}],"collection":[{"href":"https:\/\/vimaterial.de\/it\/wp-json\/wp\/v2\/product"}],"about":[{"href":"https:\/\/vimaterial.de\/it\/wp-json\/wp\/v2\/types\/product"}],"replies":[{"embeddable":true,"href":"https:\/\/vimaterial.de\/it\/wp-json\/wp\/v2\/comments?post=1014301"}],"wp:featuredmedia":[{"embeddable":true,"href":"https:\/\/vimaterial.de\/it\/wp-json\/wp\/v2\/media\/1041052"}],"wp:attachment":[{"href":"https:\/\/vimaterial.de\/it\/wp-json\/wp\/v2\/media?parent=1014301"}],"wp:term":[{"taxonomy":"product_brand","embeddable":true,"href":"https:\/\/vimaterial.de\/it\/wp-json\/wp\/v2\/product_brand?post=1014301"},{"taxonomy":"product_cat","embeddable":true,"href":"https:\/\/vimaterial.de\/it\/wp-json\/wp\/v2\/product_cat?post=1014301"},{"taxonomy":"product_tag","embeddable":true,"href":"https:\/\/vimaterial.de\/it\/wp-json\/wp\/v2\/product_tag?post=1014301"}],"curies":[{"name":"wp","href":"https:\/\/api.w.org\/{rel}","templated":true}]}}