{"id":1014255,"date":"2024-06-17T14:33:52","date_gmt":"2024-06-17T06:33:52","guid":{"rendered":"https:\/\/vimaterial.de\/product\/solfuro-di-cromo\/"},"modified":"2025-04-17T15:02:49","modified_gmt":"2025-04-17T07:02:49","slug":"solfuro-di-cromo","status":"publish","type":"product","link":"https:\/\/vimaterial.de\/it\/product\/solfuro-di-cromo\/","title":{"rendered":"Solfuro di cromo"},"content":{"rendered":"<p>Il bersaglio per polverizzazione catodica del solfuro di cromo \u00e8 un bersaglio composto ceramico con solfuro di cromo come componente principale, con elevata purezza e alta densit\u00e0, che pu\u00f2 essere utilizzato nella tecnologia di rivestimento per polverizzazione catodica con magnetron per depositare film sottili con propriet\u00e0 speciali su una variet\u00e0 di substrati.<\/p>\n<p>VIMATERIAL fornisce bersagli per sputtering con solfuro di cromo. I nostri bersagli per polverizzazione catodica con solfuro di cromo sono caratterizzati da elevata purezza, struttura densa e omogenea e buona stabilit\u00e0 chimica. Siamo in grado di fornire un servizio di rilegatura target e abbiamo un team di ricerca e sviluppo tecnologico professionale, accettiamo qualsiasi personalizzazione del prodotto e sperimentiamo, se necessario, vi preghiamo di<span style=\"color: #0000ff;\"><a style=\"color: #0000ff;\" href=\"https:\/\/vimaterial.de\/en\/contact-us\/\"> contattarci<\/a>.<\/span>  <\/p>\n<h2><span style=\"font-size: 14pt;\">Propriet\u00e0 fisiche<\/span><\/h2>\n<p>Formula molecolare: Cr\u2082S\u2083.<\/p>\n<p>Peso molecolare: 200.1872<\/p>\n<p>Aspetto: bersaglio da marrone a nero<\/p>\n<p>Densit\u00e0: 3,77 g\/cm\u00b3<\/p>\n<p>Punto di fusione: 1350\u00b0C.<\/p>\n<p>Struttura cristallina: Esistono due tipi di sistema cristallino: sistema cristallino tripartito e sistema cristallino romboedrico.<\/p>\n<h2><span style=\"font-size: 14pt;\">Applicazioni<\/span><\/h2>\n<p>Campo dei semiconduttori: il bersaglio per sputtering del solfuro di cromo viene utilizzato nella produzione di chip semiconduttori, pu\u00f2 essere utilizzato per depositare un film sottile sullo strato di passivazione del chip per resistere all&#8217;erosione delle impurit\u00e0 esterne in virt\u00f9 della sua stabilit\u00e0 chimica e garantire la stabilit\u00e0 delle prestazioni elettriche del chip.<\/p>\n<p>Campo del dispositivo ottico: nel processo di rivestimento della lente ottica, il bersaglio sputtering pu\u00f2 depositare un film con indice di rifrazione regolabile con precisione, riducendo efficacemente la luce riflessa sulla superficie della lente e migliorando la chiarezza dell&#8217;imaging ottico.<\/p>\n<p>Campo di visualizzazione elettronico: applicato al sistema di retroilluminazione del display a cristalli liquidi, il film sottile depositato dal bersaglio sputtering del solfuro di cromo pu\u00f2 assorbire la luce diffusa, ottimizzare il contrasto del display e rendere l&#8217;immagine pi\u00f9 vivida e chiara.<\/p>\n<p>Nuovo campo energetico: Nella produzione di celle solari, viene utilizzato per rivestire gli elettrodi delle celle per migliorare la conduttivit\u00e0 e la resistenza alla corrosione degli elettrodi, il che aiuta a migliorare l&#8217;efficienza della conversione fotoelettrica e promuovere lo sviluppo di nuova energia.<\/p>\n<h2><span style=\"font-size: 14pt;\">Controllo qualit\u00e0<\/span><\/h2>\n<p><span style=\"color: #0000ff;\"><a style=\"color: #0000ff;\" href=\"https:\/\/vimaterial.de\/en\/quality-control\/\">VI HALBLEITERMATERIAL GmbH<\/a><\/span> si impegna a garantire un elevato controllo della qualit\u00e0 e la coerenza dei lotti a sostegno degli obiettivi generali del REACH attraverso l&#8217;adozione di un rigoroso sistema di garanzia della qualit\u00e0, un rigoroso controllo di qualit\u00e0 in tutte le fasi della catena di produzione, l&#8217;adesione al principio della rilavorazione e del rifacimento dei prodotti difettosi, il collaudo e il rilascio dei lotti in conformit\u00e0 con specifiche dettagliate,  rispetto degli standard pi\u00f9 elevati in tutti i settori, gestione dei problemi in conformit\u00e0 con la direttiva 8D conformit\u00e0 al regolamento REACH e alle relative norme.<\/p>\n<p>Ci impegniamo a raggiungere un elevato controllo di qualit\u00e0 e coerenza dei lotti a sostegno degli obiettivi generali del REACH, nonch\u00e9 a mantenere la documentazione e la tracciabilit\u00e0 dei lotti per creare una catena di approvvigionamento socialmente responsabile che garantisca la consegna di prodotti e servizi di alta qualit\u00e0.<\/p>\n<h2><span style=\"font-size: 14pt;\">Imballaggio e stoccaggio<\/span><\/h2>\n<p>I bersagli sputtering di solfuro di cromo sono confezionati in doppi sacchetti sottovuoto e poi inscatolati in cartoni.<\/p>\n<p>I bersagli sputtering di solfuro di cromo devono essere conservati in un ambiente asciutto, fresco e ben ventilato, evitando l&#8217;umidit\u00e0, le alte temperature, la luce diretta e il contatto con sostanze corrosive come agenti fortemente ossidanti e acidi, oltre a evitare di essere sottoposti a urti violenti.<\/p>\n","protected":false},"excerpt":{"rendered":"<p>Il bersaglio per polverizzazione catodica del solfuro di cromo \u00e8 un bersaglio composto ceramico con solfuro di cromo come componente principale, con elevata purezza e alta densit\u00e0, che pu\u00f2 essere utilizzato nella tecnologia di rivestimento per polverizzazione catodica con magnetron per depositare film sottili con propriet\u00e0 speciali su una variet\u00e0 di substrati.<\/p>\n","protected":false},"featured_media":1001321,"comment_status":"open","ping_status":"closed","template":"","meta":{"_acf_changed":false},"product_brand":[],"product_cat":[197],"product_tag":[],"class_list":{"0":"post-1014255","1":"product","2":"type-product","3":"status-publish","4":"has-post-thumbnail","6":"product_cat-obiettivi-di-sputtering-planari","8":"first","9":"instock","10":"shipping-taxable","11":"product-type-variable"},"acf":[],"_links":{"self":[{"href":"https:\/\/vimaterial.de\/it\/wp-json\/wp\/v2\/product\/1014255","targetHints":{"allow":["GET"]}}],"collection":[{"href":"https:\/\/vimaterial.de\/it\/wp-json\/wp\/v2\/product"}],"about":[{"href":"https:\/\/vimaterial.de\/it\/wp-json\/wp\/v2\/types\/product"}],"replies":[{"embeddable":true,"href":"https:\/\/vimaterial.de\/it\/wp-json\/wp\/v2\/comments?post=1014255"}],"wp:featuredmedia":[{"embeddable":true,"href":"https:\/\/vimaterial.de\/it\/wp-json\/wp\/v2\/media\/1001321"}],"wp:attachment":[{"href":"https:\/\/vimaterial.de\/it\/wp-json\/wp\/v2\/media?parent=1014255"}],"wp:term":[{"taxonomy":"product_brand","embeddable":true,"href":"https:\/\/vimaterial.de\/it\/wp-json\/wp\/v2\/product_brand?post=1014255"},{"taxonomy":"product_cat","embeddable":true,"href":"https:\/\/vimaterial.de\/it\/wp-json\/wp\/v2\/product_cat?post=1014255"},{"taxonomy":"product_tag","embeddable":true,"href":"https:\/\/vimaterial.de\/it\/wp-json\/wp\/v2\/product_tag?post=1014255"}],"curies":[{"name":"wp","href":"https:\/\/api.w.org\/{rel}","templated":true}]}}