{"id":1014237,"date":"2024-06-17T14:33:56","date_gmt":"2024-06-17T06:33:56","guid":{"rendered":"https:\/\/vimaterial.de\/product\/carburo-di-cromo-2\/"},"modified":"2025-04-17T14:57:23","modified_gmt":"2025-04-17T06:57:23","slug":"carburo-di-cromo-2","status":"publish","type":"product","link":"https:\/\/vimaterial.de\/it\/product\/carburo-di-cromo-2\/","title":{"rendered":"Carburo di cromo"},"content":{"rendered":"<p>I bersagli sputtering in <span style=\"color: #0000ff;\"><a style=\"color: #0000ff;\" href=\"https:\/\/vimaterial.de\/en\/product\/chromium-carbide-2\/\">carburo di cromo<\/a><\/span> sono bersagli in ceramica metallizzata nera o grigia con una lucentezza metallica. Sono comunemente utilizzati nei processi di rivestimento magnetron sputtering per la preparazione di film sottili resistenti all&#8217;usura, alla corrosione e all&#8217;ossidazione a temperature elevate per applicazioni aerospaziali e di ingegneria meccanica. <\/p>\n<p>VIMATERIAL offre un bersaglio per sputtering in carburo di cromo. I nostri bersagli di sputtering in carburo di cromo sono caratterizzati da elevata purezza, alta densit\u00e0, granulometria fine e uniforme, elevata durezza, elevata resistenza all&#8217;abrasione e alla corrosione. Siamo in grado di fornire un servizio di rilegatura target e abbiamo un team di ricerca e sviluppo tecnologico professionale, accettiamo qualsiasi personalizzazione del prodotto e sperimentiamo, se necessario, vi preghiamo di <span style=\"color: #0000ff;\"><a style=\"color: #0000ff;\" href=\"https:\/\/vimaterial.de\/en\/contact-us\/\">contattarci<\/a><\/span>.  <\/p>\n<h2><span style=\"font-size: 14pt;\">Propriet\u00e0 fisiche<\/span><\/h2>\n<p>Formula molecolare: Cr\u2083C\u2082<\/p>\n<p>Peso molecolare: 180,01<\/p>\n<p>Aspetto: Di solito appare come bersaglio grigio o nero con lucentezza metallica.<\/p>\n<p>Densit\u00e0: circa 6,68 g\/cm\u00b3.<\/p>\n<p>Punto di fusione: circa 1890\u00b0C<\/p>\n<p>Struttura cristallina: Appartiene al sistema cristallino romboedrico, con una complessa struttura di disposizione atomica, in cui gli atomi di cromo e gli atomi di carbonio sono combinati insieme in uno specifico legame chimico e disposizione spaziale, che garantisce la stabilit\u00e0 del materiale e speciali propriet\u00e0 fisico-chimiche.<\/p>\n<h2><span style=\"font-size: 14pt;\">Applicazioni<\/span><\/h2>\n<p>Aerospaziale: i bersagli sputtering in carburo di cromo vengono utilizzati nella preparazione dei rivestimenti delle pale dei motori aerospaziali, il che prolunga efficacemente la durata delle pale e garantisce la sicurezza del volo in virt\u00f9 delle sue eccellenti propriet\u00e0 di resistenza alle alte temperature e antiusura.<\/p>\n<p>Nel campo della produzione automobilistica: l&#8217;obiettivo di sputtering pu\u00f2 depositare film duri e resistenti all&#8217;usura su fasce elastiche, valvole e altre parti dei motori delle automobili, riducendo la perdita per attrito delle parti e migliorando le prestazioni complessive e l&#8217;efficienza del carburante del motore.<\/p>\n<p>Campo di lavorazione meccanica: utilizzato per il rivestimento superficiale degli utensili da taglio dei metalli, in modo che l&#8217;utensile ottenga un&#8217;eccellente resistenza all&#8217;usura e alla corrosione, nelle operazioni di taglio ad alta intensit\u00e0 per mantenere la nitidezza e migliorare notevolmente la precisione e l&#8217;efficienza di elaborazione.<\/p>\n<p>Nel campo dell&#8217;industria elettronica: nella struttura di dissipazione del calore della produzione di chip semiconduttori, l&#8217;obiettivo di sputtering in carburo di cromo pu\u00f2 aiutare a costruire un film sottile con una buona conduzione del calore e stabilit\u00e0, che pu\u00f2 aiutare a dissipare il calore del chip e mantenere un funzionamento efficiente.<\/p>\n<h2><span style=\"font-size: 14pt;\">Controllo qualit\u00e0<\/span><\/h2>\n<p>VI HALBLEITERMATERIAL GmbH si impegna a garantire un elevato controllo della qualit\u00e0 e la coerenza dei lotti a sostegno degli obiettivi generali del REACH attraverso l&#8217;adozione di un rigoroso sistema di garanzia della qualit\u00e0, un rigoroso controllo di qualit\u00e0 in tutte le fasi della catena di produzione, l&#8217;adesione al principio della rilavorazione e del rifacimento dei prodotti difettosi, il collaudo e il rilascio dei lotti in conformit\u00e0 con specifiche dettagliate,  rispetto degli standard pi\u00f9 elevati in tutti i settori, gestione dei problemi in conformit\u00e0 con la direttiva 8D conformit\u00e0 al regolamento REACH e alle relative norme.<\/p>\n<p>Ci impegniamo a raggiungere un elevato controllo di qualit\u00e0 e coerenza dei lotti a sostegno degli obiettivi generali del REACH, nonch\u00e9 a mantenere la documentazione e la tracciabilit\u00e0 dei lotti per creare una catena di approvvigionamento socialmente responsabile che garantisca la consegna di prodotti e servizi di alta qualit\u00e0.<\/p>\n<h2><span style=\"font-size: 14pt;\">Imballaggio e stoccaggio<\/span><\/h2>\n<p>I bersagli sputtering in carburo di cromo sono confezionati in scatole a doppio sacchetto sottovuoto con una scatola esterna in cartone.<\/p>\n<p>Il bersaglio per sputtering in carburo di cromo deve essere conservato in un ambiente asciutto, ben ventilato e a temperatura stabile, lontano dalla luce solare diretta e da sostanze corrosive, e deve essere protetto da urti violenti per mantenere intatte le sue propriet\u00e0 fisiche e chimiche.<\/p>\n","protected":false},"excerpt":{"rendered":"<p>I bersagli sputtering in carburo di cromo sono bersagli in ceramica metallizzata nera o grigia con una lucentezza metallica. Sono comunemente utilizzati nei processi di rivestimento magnetron sputtering per la preparazione di film sottili resistenti all&#8217;usura, alla corrosione e all&#8217;ossidazione a temperature elevate per applicazioni aerospaziali e di ingegneria meccanica. <\/p>\n","protected":false},"featured_media":1041032,"comment_status":"open","ping_status":"closed","template":"","meta":{"_acf_changed":false},"product_brand":[],"product_cat":[197],"product_tag":[],"class_list":{"0":"post-1014237","1":"product","2":"type-product","3":"status-publish","4":"has-post-thumbnail","6":"product_cat-obiettivi-di-sputtering-planari","8":"first","9":"outofstock","10":"shipping-taxable","11":"product-type-variable"},"acf":[],"_links":{"self":[{"href":"https:\/\/vimaterial.de\/it\/wp-json\/wp\/v2\/product\/1014237","targetHints":{"allow":["GET"]}}],"collection":[{"href":"https:\/\/vimaterial.de\/it\/wp-json\/wp\/v2\/product"}],"about":[{"href":"https:\/\/vimaterial.de\/it\/wp-json\/wp\/v2\/types\/product"}],"replies":[{"embeddable":true,"href":"https:\/\/vimaterial.de\/it\/wp-json\/wp\/v2\/comments?post=1014237"}],"wp:featuredmedia":[{"embeddable":true,"href":"https:\/\/vimaterial.de\/it\/wp-json\/wp\/v2\/media\/1041032"}],"wp:attachment":[{"href":"https:\/\/vimaterial.de\/it\/wp-json\/wp\/v2\/media?parent=1014237"}],"wp:term":[{"taxonomy":"product_brand","embeddable":true,"href":"https:\/\/vimaterial.de\/it\/wp-json\/wp\/v2\/product_brand?post=1014237"},{"taxonomy":"product_cat","embeddable":true,"href":"https:\/\/vimaterial.de\/it\/wp-json\/wp\/v2\/product_cat?post=1014237"},{"taxonomy":"product_tag","embeddable":true,"href":"https:\/\/vimaterial.de\/it\/wp-json\/wp\/v2\/product_tag?post=1014237"}],"curies":[{"name":"wp","href":"https:\/\/api.w.org\/{rel}","templated":true}]}}