{"id":1014214,"date":"2024-06-17T14:34:50","date_gmt":"2024-06-17T06:34:50","guid":{"rendered":"https:\/\/vimaterial.de\/product\/alluminuro-di-cromo-2\/"},"modified":"2025-04-17T14:53:55","modified_gmt":"2025-04-17T06:53:55","slug":"alluminuro-di-cromo-2","status":"publish","type":"product","link":"https:\/\/vimaterial.de\/it\/product\/alluminuro-di-cromo-2\/","title":{"rendered":"Alluminuro di cromo"},"content":{"rendered":"<p>Il bersaglio sputtering in <span style=\"color: #0000ff;\"><a style=\"color: #0000ff;\" href=\"https:\/\/vimaterial.de\/en\/product\/chromium-aluminide\/\">alluminuro di cromo<\/a><\/span> \u00e8 un bersaglio sputtering in lega composto da cromo e alluminio con elevata purezza, alta densit\u00e0 e composizione uniforme, che pu\u00f2 essere utilizzato nel processo di rivestimento sputtering magnetron ed \u00e8 ampiamente utilizzato nel campo dell&#8217;elettronica e aerospaziale.<\/p>\n<p>VIMATERIAL offre bersagli per polverizzazione catodica di alluminuro di cromo in un&#8217;ampia gamma di purezze e dimensioni delle particelle, con la purezza pi\u00f9 alta del 99,99%. I nostri bersagli di sputtering in alluminuro di cromo hanno un alto punto di fusione e stabilit\u00e0 termica per garantire un processo stabile, chimicamente stabile, resistente alla corrosione e all&#8217;ossidazione, con elevate rese di sputtering e la capacit\u00e0 di depositare con precisione film uniformemente densi e ad alte prestazioni. Elevate rese di sputtering e deposizione precisa di film omogenei, densi e ad alte prestazioni sono le caratteristiche distintive. Siamo in grado di fornire un servizio di rilegatura target e abbiamo un team di ricerca e sviluppo tecnologico professionale, accettiamo qualsiasi personalizzazione del prodotto e sperimentiamo, se necessario, vi preghiamo di <span style=\"color: #0000ff;\"><a style=\"color: #0000ff;\" href=\"https:\/\/vimaterial.de\/en\/contact-us\/\">contattarci<\/a><\/span>.   <\/p>\n<h2><span style=\"font-size: 14pt;\">Propriet\u00e0 fisiche<\/span><\/h2>\n<p>Formula molecolare: CrAl<\/p>\n<p>Peso molecolare: circa 67,97<\/p>\n<p>Aspetto: bersaglio grigio argento<\/p>\n<p>Punto di fusione: circa 1500\u00b0C-1700\u00b0C.<\/p>\n<p>Struttura cristallina: Struttura cristallina tipica dei composti intermetallici come il cubico centrato sul corpo o il cubico centrato sulla faccia.<\/p>\n<h2><span style=\"font-size: 14pt;\">Applicazioni<\/span><\/h2>\n<p>Semiconduttore: fornire materiale per lo strato di interconnessione del chip, migliorare la conduttivit\u00e0 e l&#8217;affidabilit\u00e0, aiutare la produzione di chip ad alte prestazioni.<\/p>\n<p>Solare fotovoltaico: utilizzato nella preparazione degli elettrodi posteriori delle batterie per migliorare l&#8217;assorbimento della luce e l&#8217;efficienza di raccolta della corrente, ottimizzando la conversione fotovoltaica.<\/p>\n<p>Display a schermo piatto: partecipa alla costruzione dello strato conduttivo trasparente, garantisce una conduttivit\u00e0 stabile e potenzia lo schermo di visualizzazione di alta qualit\u00e0.<\/p>\n<p>Rivestimento ottico: Deposito di speciali pellicole ottiche, regolando con precisione l&#8217;indice di rifrazione per soddisfare i vari requisiti ottici.<\/p>\n<p>Automotive: rivestimento sulla superficie dei componenti elettronici per migliorare la resistenza alla corrosione, la resistenza all&#8217;abrasione, la conduttivit\u00e0 elettrica e prolungare la durata dei componenti.<\/p>\n<p>Aerospaziale: il rivestimento di componenti elettronici e ad alta temperatura con pellicole antiossidanti garantisce il funzionamento stabile delle apparecchiature in ambienti estremi.<\/p>\n<h2><span style=\"font-size: 14pt;\">Controllo qualit\u00e0<\/span><\/h2>\n<p><a href=\"https:\/\/vimaterial.de\/en\/quality-control\/\"><span style=\"color: #0000ff;\">VI HALBLEITERMATERIAL GmbH<\/span><\/a> si impegna a garantire un elevato controllo della qualit\u00e0 e la coerenza dei lotti a sostegno degli obiettivi generali del REACH attraverso l&#8217;adozione di un rigoroso sistema di garanzia della qualit\u00e0, un rigoroso controllo di qualit\u00e0 in tutte le fasi della catena di produzione, l&#8217;adesione al principio della rilavorazione e del rifacimento dei prodotti difettosi, il collaudo e il rilascio dei lotti in conformit\u00e0 con specifiche dettagliate,  rispetto degli standard pi\u00f9 elevati in tutti i settori, gestione dei problemi in conformit\u00e0 con la direttiva 8D conformit\u00e0 al regolamento REACH e alle relative norme.<\/p>\n<p>Ci impegniamo a raggiungere un elevato controllo di qualit\u00e0 e coerenza dei lotti a sostegno degli obiettivi generali del REACH, nonch\u00e9 a mantenere la documentazione e la tracciabilit\u00e0 dei lotti per creare una catena di approvvigionamento socialmente responsabile che garantisca la consegna di prodotti e servizi di alta qualit\u00e0.<\/p>\n<h2><span style=\"font-size: 14pt;\">Imballaggio e stoccaggio<\/span><\/h2>\n<p>I target di sputtering in alluminuro di cromo sono forniti in scatole a doppio sacchetto sottovuoto con una scatola esterna in cartone.<\/p>\n<p>I bersagli di alluminuro di cromo sputtering devono essere conservati in un ambiente asciutto e ben ventilato con temperatura e umidit\u00e0 relativamente stabili e privi di gas corrosivi e devono essere protetti da urti violenti, vibrazioni e luce solare diretta.<\/p>\n","protected":false},"excerpt":{"rendered":"<p>Il bersaglio sputtering in <span style=\"color: #0000ff;\"><a style=\"color: #0000ff;\" href=\"https:\/\/vimaterial.de\/en\/product\/chromium-aluminide\/\">alluminuro di cromo<\/a><\/span> \u00e8 un bersaglio sputtering in lega composto da cromo e alluminio con elevata purezza, alta densit\u00e0 e composizione uniforme, che pu\u00f2 essere utilizzato nel processo di rivestimento sputtering magnetron ed \u00e8 ampiamente utilizzato nel campo dell&#8217;elettronica e aerospaziale.<\/p>\n","protected":false},"featured_media":1001348,"comment_status":"open","ping_status":"closed","template":"","meta":{"_acf_changed":false},"product_brand":[],"product_cat":[197],"product_tag":[],"class_list":{"0":"post-1014214","1":"product","2":"type-product","3":"status-publish","4":"has-post-thumbnail","6":"product_cat-obiettivi-di-sputtering-planari","8":"first","9":"instock","10":"shipping-taxable","11":"product-type-variable"},"acf":[],"_links":{"self":[{"href":"https:\/\/vimaterial.de\/it\/wp-json\/wp\/v2\/product\/1014214","targetHints":{"allow":["GET"]}}],"collection":[{"href":"https:\/\/vimaterial.de\/it\/wp-json\/wp\/v2\/product"}],"about":[{"href":"https:\/\/vimaterial.de\/it\/wp-json\/wp\/v2\/types\/product"}],"replies":[{"embeddable":true,"href":"https:\/\/vimaterial.de\/it\/wp-json\/wp\/v2\/comments?post=1014214"}],"wp:featuredmedia":[{"embeddable":true,"href":"https:\/\/vimaterial.de\/it\/wp-json\/wp\/v2\/media\/1001348"}],"wp:attachment":[{"href":"https:\/\/vimaterial.de\/it\/wp-json\/wp\/v2\/media?parent=1014214"}],"wp:term":[{"taxonomy":"product_brand","embeddable":true,"href":"https:\/\/vimaterial.de\/it\/wp-json\/wp\/v2\/product_brand?post=1014214"},{"taxonomy":"product_cat","embeddable":true,"href":"https:\/\/vimaterial.de\/it\/wp-json\/wp\/v2\/product_cat?post=1014214"},{"taxonomy":"product_tag","embeddable":true,"href":"https:\/\/vimaterial.de\/it\/wp-json\/wp\/v2\/product_tag?post=1014214"}],"curies":[{"name":"wp","href":"https:\/\/api.w.org\/{rel}","templated":true}]}}