{"id":1014166,"date":"2024-06-17T14:34:55","date_gmt":"2024-06-17T06:34:55","guid":{"rendered":"https:\/\/vimaterial.de\/product\/diboruro-di-cromo-2\/"},"modified":"2025-04-17T14:29:18","modified_gmt":"2025-04-17T06:29:18","slug":"diboruro-di-cromo-2","status":"publish","type":"product","link":"https:\/\/vimaterial.de\/it\/product\/diboruro-di-cromo-2\/","title":{"rendered":"Diboruro di cromo"},"content":{"rendered":"<p>Il bersaglio del <span style=\"color: #0000ff;\"><a style=\"color: #0000ff;\" href=\"https:\/\/vimaterial.de\/en\/product\/chromium-diboride\/\">diboruro di cromo<\/a> <\/span>\u00e8 un tipo di bersaglio composto da cromo e boro, solitamente grigio nell&#8217;aspetto, con elevata durezza, alto punto di fusione, buona conducibilit\u00e0 elettrica e stabilit\u00e0 chimica, utilizzato principalmente nel processo di deposizione fisica del vapore per formare film sottili sulla superficie del materiale con resistenza all&#8217;abrasione, resistenza alla corrosione e cos\u00ec via.<\/p>\n<p>VIMATERIAL fornisce target di diboruro di cromo, i nostri target di diboruro di cromo sono caratterizzati da elevata durezza, alto punto di fusione, buona stabilit\u00e0 chimica, elevata resistenza all&#8217;ossidazione e buona conduttivit\u00e0 elettrica. Siamo in grado di fornire un servizio di rilegatura target e abbiamo un team di ricerca e sviluppo tecnologico professionale, accettiamo qualsiasi personalizzazione del prodotto e sperimentiamo, se necessario, vi preghiamo di <span style=\"color: #0000ff;\"><a style=\"color: #0000ff;\" href=\"https:\/\/vimaterial.de\/en\/contact-us\/\">contattarci<\/a><\/span>. <\/p>\n<h2><span style=\"font-size: 14pt;\">Propriet\u00e0 fisiche<\/span><\/h2>\n<p>Formula molecolare: CrB2<\/p>\n<p>Peso molecolare: 73,62<\/p>\n<p>Aspetto: bersaglio grigio nero<\/p>\n<p>Densit\u00e0: 5,15<\/p>\n<p>Punto di fusione: 1550\u00b0C<\/p>\n<p>Struttura cristallina: Sistema cristallino esagonale<\/p>\n<h2><span style=\"font-size: 14pt;\">Applicazioni<\/span><\/h2>\n<p>Campo elettronico: i bersagli di diboruro di cromo possono essere utilizzati nei dispositivi elettronici per depositare film sottili sulla superficie degli elettrodi o sulle linee di interconnessione dei chip per migliorare le prestazioni e l&#8217;affidabilit\u00e0 dei componenti elettronici in virt\u00f9 della sua buona conduttivit\u00e0 elettrica e stabilit\u00e0 chimica.<\/p>\n<p>Utensili da taglio: il film di diboruro di cromo si deposita sulla superficie degli utensili da taglio e la sua elevata durezza pu\u00f2 migliorare efficacemente la resistenza all&#8217;usura degli utensili da taglio, prolungare la durata degli utensili da taglio e migliorare le prestazioni di taglio.<\/p>\n<p>Materiali ceramici: utilizzati nella modifica superficiale dei materiali ceramici, attraverso la deposizione di film di diboruro di cromo per migliorare la durezza superficiale, la tenacit\u00e0 e la resistenza all&#8217;usura delle ceramiche, in modo che i materiali ceramici possano essere utilizzati meglio in ambienti difficili.<\/p>\n<p>Campo aerospaziale: il deposito del film target sui componenti aerospaziali, il suo alto punto di fusione e la buona stabilit\u00e0 chimica possono aiutare i componenti a resistere alle alte temperature e agli ambienti corrosivi e migliorare la resistenza e la sicurezza dei componenti.<\/p>\n<p>Nuovo campo energetico: nella preparazione di materiali per elettrodi per batterie di nuova energia, i bersagli di diboruro di cromo possono depositare film sottili con elevata conducibilit\u00e0 elettrica e stabilit\u00e0, migliorando le prestazioni e la durata del ciclo della batteria.<\/p>\n<h2><span style=\"font-size: 14pt;\">Controllo qualit\u00e0<\/span><\/h2>\n<p><span style=\"color: #0000ff;\"><a style=\"color: #0000ff;\" href=\"https:\/\/vimaterial.de\/en\/quality-control\/\">VI HALBLEITERMATERIAL GmbH<\/a> <\/span>si impegna a garantire un elevato controllo della qualit\u00e0 e la coerenza dei lotti a sostegno degli obiettivi generali del REACH attraverso l&#8217;adozione di un rigoroso sistema di garanzia della qualit\u00e0, un rigoroso controllo di qualit\u00e0 in tutte le fasi della catena di produzione, l&#8217;adesione al principio della rilavorazione e del rifacimento dei prodotti difettosi, il collaudo e il rilascio dei lotti in conformit\u00e0 con specifiche dettagliate,  rispetto degli standard pi\u00f9 elevati in tutti i settori, gestione dei problemi in conformit\u00e0 con la direttiva 8D conformit\u00e0 al regolamento REACH e alle relative norme.<\/p>\n<p>Ci impegniamo a raggiungere un elevato controllo di qualit\u00e0 e coerenza dei lotti a sostegno degli obiettivi generali del REACH, nonch\u00e9 a mantenere la documentazione e la tracciabilit\u00e0 dei lotti per creare una catena di approvvigionamento socialmente responsabile che garantisca la consegna di prodotti e servizi di alta qualit\u00e0.<\/p>\n<h2><span style=\"font-size: 14pt;\">Imballaggio e stoccaggio<\/span><\/h2>\n<p>I bersagli di diboruro di cromo sono confezionati in scatole a doppio sacchetto sottovuoto con cartoni esterni.<\/p>\n<p>I bersagli di diboruro di cromo devono essere conservati in un ambiente asciutto, fresco e ben ventilato per evitare umidit\u00e0, ossidazione e per evitare il contatto con agenti ossidanti forti e acidi e altre sostanze che possono avere reazioni chimiche, e allo stesso tempo prestare attenzione ad evitare collisioni ed estrusioni violente.<\/p>\n","protected":false},"excerpt":{"rendered":"<p>Il bersaglio del <span style=\"color: #0000ff;\"><a style=\"color: #0000ff;\" href=\"https:\/\/vimaterial.de\/en\/product\/chromium-diboride\/\">diboruro di cromo<\/a> <\/span>\u00e8 un tipo di bersaglio composto da cromo e boro, solitamente grigio nell&#8217;aspetto, con elevata durezza, alto punto di fusione, buona conducibilit\u00e0 elettrica e stabilit\u00e0 chimica, utilizzato principalmente nel processo di deposizione fisica del vapore per formare film sottili sulla superficie del materiale con resistenza all&#8217;abrasione, resistenza alla corrosione e cos\u00ec via.<\/p>\n","protected":false},"featured_media":1000619,"comment_status":"open","ping_status":"closed","template":"","meta":{"_acf_changed":false},"product_brand":[],"product_cat":[197],"product_tag":[],"class_list":{"0":"post-1014166","1":"product","2":"type-product","3":"status-publish","4":"has-post-thumbnail","6":"product_cat-obiettivi-di-sputtering-planari","8":"first","9":"instock","10":"shipping-taxable","11":"product-type-variable"},"acf":[],"_links":{"self":[{"href":"https:\/\/vimaterial.de\/it\/wp-json\/wp\/v2\/product\/1014166","targetHints":{"allow":["GET"]}}],"collection":[{"href":"https:\/\/vimaterial.de\/it\/wp-json\/wp\/v2\/product"}],"about":[{"href":"https:\/\/vimaterial.de\/it\/wp-json\/wp\/v2\/types\/product"}],"replies":[{"embeddable":true,"href":"https:\/\/vimaterial.de\/it\/wp-json\/wp\/v2\/comments?post=1014166"}],"wp:featuredmedia":[{"embeddable":true,"href":"https:\/\/vimaterial.de\/it\/wp-json\/wp\/v2\/media\/1000619"}],"wp:attachment":[{"href":"https:\/\/vimaterial.de\/it\/wp-json\/wp\/v2\/media?parent=1014166"}],"wp:term":[{"taxonomy":"product_brand","embeddable":true,"href":"https:\/\/vimaterial.de\/it\/wp-json\/wp\/v2\/product_brand?post=1014166"},{"taxonomy":"product_cat","embeddable":true,"href":"https:\/\/vimaterial.de\/it\/wp-json\/wp\/v2\/product_cat?post=1014166"},{"taxonomy":"product_tag","embeddable":true,"href":"https:\/\/vimaterial.de\/it\/wp-json\/wp\/v2\/product_tag?post=1014166"}],"curies":[{"name":"wp","href":"https:\/\/api.w.org\/{rel}","templated":true}]}}