{"id":1014156,"date":"2024-06-17T14:34:54","date_gmt":"2024-06-17T06:34:54","guid":{"rendered":"https:\/\/vimaterial.de\/product\/diboruro-di-cromo\/"},"modified":"2025-04-17T14:35:06","modified_gmt":"2025-04-17T06:35:06","slug":"diboruro-di-cromo","status":"publish","type":"product","link":"https:\/\/vimaterial.de\/it\/product\/diboruro-di-cromo\/","title":{"rendered":"Diboruro di cromo"},"content":{"rendered":"<p><span style=\"color: #0000ff;\"><a style=\"color: #0000ff;\" href=\"https:\/\/vimaterial.de\/en\/product\/chromium-diboride-2\/\">Diboruro di cromo<\/a><\/span> La polvere \u00e8 una polvere di composto inorganico grigio argento con elevata durezza, alto punto di fusione, buona conduttivit\u00e0 elettrica e stabilit\u00e0 chimica, che ha importanti applicazioni in materiali resistenti all&#8217;usura, materiali ceramici, materiali ad alta temperatura e metallurgia.<\/p>\n<p>VIMATERIAL fornisce polveri di diboruro di cromo. Le nostre polveri di diboruro di cromo sono caratterizzate da elevata durezza, alto punto di fusione, buona conducibilit\u00e0 elettrica e stabilit\u00e0 chimica. Ci dedichiamo da molti anni alla ricerca di materie prime chimiche inorganiche, abbiamo un team di professionisti con una ricca esperienza, accettiamo personalizzazioni ed esperimenti, vi preghiamo di <span style=\"color: #0000ff;\"><a style=\"color: #0000ff;\" href=\"https:\/\/vimaterial.de\/en\/contact-us\/\">contattarci<\/a><\/span> se necessario.  <\/p>\n<h2><span style=\"font-size: 14pt;\">Propriet\u00e0 fisiche<\/span><\/h2>\n<p>Formula molecolare: CrB\u2082<\/p>\n<p>Peso molecolare: 73,62<\/p>\n<p>Aspetto: polvere grigio nera<\/p>\n<p>Densit\u00e0: circa 5,22 g\/cm\u00b3.<\/p>\n<p>Punto di fusione: circa 2200\u00b0C<\/p>\n<p>Struttura cristallina: Sistema cristallino esagonale<\/p>\n<h2><span style=\"font-size: 14pt;\">Applicazione<\/span><\/h2>\n<p>Utensili da taglio: la polvere di diboruro di cromo pu\u00f2 essere utilizzata come rivestimento per utensili da taglio. Con la sua elevata durezza e resistenza all&#8217;abrasione, pu\u00f2 migliorare efficacemente la durata degli utensili da taglio e mantenerli affilati durante il taglio di metalli e altri materiali ad alta velocit\u00e0. <\/p>\n<p>Ceramica: l&#8217;aggiunta di polveri di diboruro di cromo alla ceramica migliora le propriet\u00e0 meccaniche della ceramica, in particolare durezza e tenacit\u00e0, consentendone l&#8217;utilizzo nella produzione di componenti strutturali ceramici ad alte prestazioni, come le parti di motori in ceramica.<\/p>\n<p>Metallurgia: la polvere viene utilizzata come additivo per leghe nell&#8217;industria metallurgica per migliorare la microstruttura della lega, aumentare la resistenza alle alte temperature e la resistenza alla corrosione della lega, il che aiuta a produrre materiali in lega speciali per l&#8217;uso ad alta temperatura e in ambienti fortemente corrosivi.<\/p>\n<h2><span style=\"font-size: 14pt;\">Controllo qualit\u00e0<\/span><\/h2>\n<p><span style=\"color: #0000ff;\"><a style=\"color: #0000ff;\" href=\"https:\/\/vimaterial.de\/en\/quality-control\/\">Ogni lotto<\/a><\/span> di prodotti segue rigorosi principi di controllo della qualit\u00e0, a tutto tondo per garantire che ogni lotto di materiali dall&#8217;approvvigionamento delle materie prime, alla lavorazione, ai prodotti finiti fuori dal magazzino abbia strumenti avanzati, rigorosi standard di ispezione, registri di ispezione perfetti per garantire il controllo della qualit\u00e0 del prodotto e la tracciabilit\u00e0 del prodotto, ogni lotto di prodotti \u00e8 accompagnato da MSDS, COA,  Rapporti TDS, PSD, XRD, ecc., ogni lotto di prodotti verr\u00e0 consegnato al cliente per fornire campioni, supportando anche il cliente per richiedere organizzazioni di ispezione di terze parti. Forniremo campioni ai clienti per ogni lotto di prodotti e supporteremo anche i clienti per richiedere alle organizzazioni di ispezione di terze parti di ispezionare i prodotti. <\/p>\n<h2><span style=\"font-size: 14pt;\">Imballaggio e stoccaggio<\/span><\/h2>\n<p>La polvere di diboruro di cromo viene confezionata in sacchetti a doppio vuoto o in flaconi a doppio vuoto e quindi confezionata in cartoni.<\/p>\n<p>La polvere di diboruro di cromo deve essere conservata in un ambiente asciutto, fresco e ben ventilato, sigillata e protetta dall&#8217;umidit\u00e0 e da agenti ossidanti forti, acidi e altre sostanze chimiche per evitare cambiamenti nelle propriet\u00e0 fisiche e chimiche.<\/p>\n","protected":false},"excerpt":{"rendered":"<p><span style=\"color: #0000ff;\"><a style=\"color: #0000ff;\" href=\"https:\/\/vimaterial.de\/en\/product\/chromium-diboride-2\/\">Diboruro di cromo<\/a><\/span> La polvere \u00e8 una polvere di composto inorganico grigio argento con elevata durezza, alto punto di fusione, buona conduttivit\u00e0 elettrica e stabilit\u00e0 chimica, che ha importanti applicazioni in materiali resistenti all&#8217;usura, materiali ceramici, materiali ad alta temperatura e metallurgia.<\/p>\n","protected":false},"featured_media":1001366,"comment_status":"open","ping_status":"closed","template":"","meta":{"_acf_changed":false},"product_brand":[],"product_cat":[202],"product_tag":[],"class_list":{"0":"post-1014156","1":"product","2":"type-product","3":"status-publish","4":"has-post-thumbnail","6":"product_cat-materiali-c-n-b-si","8":"first","9":"instock","10":"shipping-taxable","11":"purchasable","12":"product-type-variable"},"acf":[],"_links":{"self":[{"href":"https:\/\/vimaterial.de\/it\/wp-json\/wp\/v2\/product\/1014156","targetHints":{"allow":["GET"]}}],"collection":[{"href":"https:\/\/vimaterial.de\/it\/wp-json\/wp\/v2\/product"}],"about":[{"href":"https:\/\/vimaterial.de\/it\/wp-json\/wp\/v2\/types\/product"}],"replies":[{"embeddable":true,"href":"https:\/\/vimaterial.de\/it\/wp-json\/wp\/v2\/comments?post=1014156"}],"wp:featuredmedia":[{"embeddable":true,"href":"https:\/\/vimaterial.de\/it\/wp-json\/wp\/v2\/media\/1001366"}],"wp:attachment":[{"href":"https:\/\/vimaterial.de\/it\/wp-json\/wp\/v2\/media?parent=1014156"}],"wp:term":[{"taxonomy":"product_brand","embeddable":true,"href":"https:\/\/vimaterial.de\/it\/wp-json\/wp\/v2\/product_brand?post=1014156"},{"taxonomy":"product_cat","embeddable":true,"href":"https:\/\/vimaterial.de\/it\/wp-json\/wp\/v2\/product_cat?post=1014156"},{"taxonomy":"product_tag","embeddable":true,"href":"https:\/\/vimaterial.de\/it\/wp-json\/wp\/v2\/product_tag?post=1014156"}],"curies":[{"name":"wp","href":"https:\/\/api.w.org\/{rel}","templated":true}]}}