{"id":1014026,"date":"2024-06-17T14:49:21","date_gmt":"2024-06-17T06:49:21","guid":{"rendered":"https:\/\/vimaterial.de\/product\/nichel-metallico-2\/"},"modified":"2025-04-15T18:15:31","modified_gmt":"2025-04-15T10:15:31","slug":"nichel-metallico-2","status":"publish","type":"product","link":"https:\/\/vimaterial.de\/it\/product\/nichel-metallico-2\/","title":{"rendered":"Nichel metallico"},"content":{"rendered":"<p><span style=\"color: #0000ff;\"><a style=\"color: #0000ff;\" href=\"https:\/\/vimaterial.de\/en\/product\/titanium-metal-3\/\">La lamina metallica di nichel<\/a><\/span> \u00e8 un tipo di filo metallico con nichel come componente principale, che ha una buona conduttivit\u00e0 elettrica, resistenza alla corrosione, duttilit\u00e0 e stabilit\u00e0 alle alte temperature ed \u00e8 ampiamente utilizzato nell&#8217;elettronica, nell&#8217;industria chimica, nell&#8217;aerospaziale e in altri campi.<\/p>\n<p>VIMATERIAL fornisce fili metallici in nichel. I nostri fili metallici in nichel sono ad alta purezza, a basso contenuto di impurit\u00e0, di diametro uniforme e stabile, ad alta resistenza alla corrosione, buoni in conduttivit\u00e0 elettrica, eccellenti nelle propriet\u00e0 meccaniche e a prezzi ragionevoli, che possono essere utilizzati in un&#8217;ampia gamma di applicazioni. La nostra azienda ha un team di ricerca e sviluppo tecnologico professionale, accetta personalizzazioni ed esperimenti, non esitate <span style=\"color: #0000ff;\"><a style=\"color: #0000ff;\" href=\"https:\/\/vimaterial.de\/en\/contact-us\/\">a contattarci<\/a><\/span>.  <\/p>\n<h2><span style=\"font-size: 14pt;\">Propriet\u00e0 fisiche<\/span><\/h2>\n<p>Formula molecolare: Ni<\/p>\n<p>Peso molecolare: 58,6934<\/p>\n<p>Aspetto: Solitamente sotto forma di scaglie di lucentezza metallica bianco-argento, con superficie piana e liscia, senza difetti evidenti.<\/p>\n<p>Densit\u00e0: 8,908 g\/cm\u00b3.<\/p>\n<p>Punto di fusione: 1453\u00b0C<\/p>\n<p>Punto di ebollizione: 2732\u00b0C.<\/p>\n<p>Struttura cristallina: struttura reticolare cubica a facce centrate. Questa struttura cristallina conferisce al foglio di Ni buone propriet\u00e0 meccaniche, conduttivit\u00e0 elettrica e resistenza alla corrosione, rendendolo utile in applicazioni elettroniche e chimiche. <\/p>\n<h2><span style=\"font-size: 14pt;\">Applicazioni<\/span><\/h2>\n<p>Apparecchi elettronici ed elettrici: utilizzati come fili di resistenza, elementi riscaldanti, ecc. per sfruttare la sua buona conduttivit\u00e0 elettrica e resistenza al calore, come i fili riscaldanti nei forni elettrici.<\/p>\n<p>Industria delle batterie: utilizzato come materiale per elettrodi per batterie al nichel-metallo idruro, batterie al nichel-cadmio, ecc., partecipando al processo di carica e scarica delle batterie, come le comuni batterie ricaricabili al nichel-metallo idruro.<\/p>\n<p>Industria aerospaziale: utilizzato come materiale di collegamento in alcuni componenti, grazie alla sua elevata resistenza e resistenza alla corrosione, per garantire il funzionamento affidabile delle apparecchiature aeronautiche in ambienti complessi.<\/p>\n<p>Industria chimica: utilizzato in dispositivi di reazione resistenti alla corrosione come schermi, agitatori e altri componenti in grado di resistere all&#8217;erosione di un&#8217;ampia gamma di sostanze chimiche, come gli schermi nei reattori chimici.<\/p>\n<h2><span style=\"font-size: 14pt;\">Controllo qualit\u00e0<\/span><\/h2>\n<p>Ogni lotto di prodotti protegge rigorosamente la qualit\u00e0, dalla selezione dei fornitori di materie prime, all&#8217;uso di apparecchiature di collaudo avanzate per monitorare accuratamente l&#8217;intero processo di produzione, al prodotto finito attraverso molti cicli di campionamento severo e certificazione autorevole di terze parti, per garantire che ogni lotto di prodotti soddisfi e superi gli elevati standard del settore con un tuttofare,  Sistema di controllo della qualit\u00e0 a tolleranza zero, per fornire ai nostri clienti la migliore qualit\u00e0 e i prodotti pi\u00f9 stabili.<\/p>\n<h2><span style=\"font-size: 14pt;\">Imballaggio e stoccaggio<\/span><\/h2>\n<p>La lamina metallica di nichel viene confezionata in fasci e quindi avvolta in pellicola esterna e infine confezionata in cartoni.<\/p>\n<p>Il filo di nichel deve essere conservato in un luogo asciutto, ventilato e fresco, evitando il contatto con aria umida, acidi e alcali forti e agenti ossidanti forti, e pu\u00f2 essere imballato in confezioni sigillate o posizionato su scaffali con misure protettive per prevenire l&#8217;ossidazione e la corrosione.<\/p>\n","protected":false},"excerpt":{"rendered":"<p><span style=\"color: #0000ff;\"><a style=\"color: #0000ff;\" href=\"https:\/\/vimaterial.de\/en\/product\/titanium-metal-3\/\">La lamina metallica di nichel<\/a><\/span> \u00e8 un tipo di filo metallico con nichel come componente principale, che ha una buona conduttivit\u00e0 elettrica, resistenza alla corrosione, duttilit\u00e0 e stabilit\u00e0 alle alte temperature ed \u00e8 ampiamente utilizzato nell&#8217;elettronica, nell&#8217;industria chimica, nell&#8217;aerospaziale e in altri campi.<\/p>\n","protected":false},"featured_media":1002388,"comment_status":"open","ping_status":"closed","template":"","meta":{"_acf_changed":false},"product_brand":[],"product_cat":[207],"product_tag":[],"class_list":{"0":"post-1014026","1":"product","2":"type-product","3":"status-publish","4":"has-post-thumbnail","6":"product_cat-profilo","8":"first","9":"instock","10":"shipping-taxable","11":"purchasable","12":"product-type-variable"},"acf":[],"_links":{"self":[{"href":"https:\/\/vimaterial.de\/it\/wp-json\/wp\/v2\/product\/1014026","targetHints":{"allow":["GET"]}}],"collection":[{"href":"https:\/\/vimaterial.de\/it\/wp-json\/wp\/v2\/product"}],"about":[{"href":"https:\/\/vimaterial.de\/it\/wp-json\/wp\/v2\/types\/product"}],"replies":[{"embeddable":true,"href":"https:\/\/vimaterial.de\/it\/wp-json\/wp\/v2\/comments?post=1014026"}],"wp:featuredmedia":[{"embeddable":true,"href":"https:\/\/vimaterial.de\/it\/wp-json\/wp\/v2\/media\/1002388"}],"wp:attachment":[{"href":"https:\/\/vimaterial.de\/it\/wp-json\/wp\/v2\/media?parent=1014026"}],"wp:term":[{"taxonomy":"product_brand","embeddable":true,"href":"https:\/\/vimaterial.de\/it\/wp-json\/wp\/v2\/product_brand?post=1014026"},{"taxonomy":"product_cat","embeddable":true,"href":"https:\/\/vimaterial.de\/it\/wp-json\/wp\/v2\/product_cat?post=1014026"},{"taxonomy":"product_tag","embeddable":true,"href":"https:\/\/vimaterial.de\/it\/wp-json\/wp\/v2\/product_tag?post=1014026"}],"curies":[{"name":"wp","href":"https:\/\/api.w.org\/{rel}","templated":true}]}}