{"id":1014019,"date":"2024-06-17T14:48:31","date_gmt":"2024-06-17T06:48:31","guid":{"rendered":"https:\/\/vimaterial.de\/product\/nichel-metallico\/"},"modified":"2025-04-15T18:17:44","modified_gmt":"2025-04-15T10:17:44","slug":"nichel-metallico","status":"publish","type":"product","link":"https:\/\/vimaterial.de\/it\/product\/nichel-metallico\/","title":{"rendered":"Nichel metallico"},"content":{"rendered":"<p><span style=\"color: #0000ff;\"><a style=\"color: #0000ff;\" href=\"https:\/\/vimaterial.de\/en\/product\/nickel-metal-4\/\">L&#8217;asta di nichel \u00e8<\/a><\/span>un oggetto cilindrico solido realizzato in nichel metallico, noto per la sua buona resistenza alla corrosione, l&#8217;elevata resistenza e l&#8217;eccellente L&#8217;asta di nichel metallico \u00e8 un oggetto cilindrico solido in nichel metallico, noto per la sua buona resistenza alla corrosione, l&#8217;elevata resistenza e l&#8217;eccellente conduttivit\u00e0 elettrica e termica, ed \u00e8 ampiamente utilizzato in vari campi industriali come l&#8217;elettronica,  metallurgia e aerospaziale.<\/p>\n<p>VIMATERIAL offre barre metalliche in nichel. Le barre di nichel della nostra azienda sono resistenti alla corrosione, robuste e dimensionalmente accurate per soddisfare le esigenze di pi\u00f9 settori. La nostra azienda ha un team di ricerca e sviluppo tecnologico professionale, accetta personalizzazioni ed esperimenti, non esitate <span style=\"color: #0000ff;\"><a style=\"color: #0000ff;\" href=\"https:\/\/vimaterial.de\/en\/contact-us\/\">a contattarci<\/a><\/span>.  <\/p>\n<h2><span style=\"font-size: 14pt;\">Propriet\u00e0 fisiche<\/span><\/h2>\n<p>Formula molecolare: Ni<\/p>\n<p>Peso molecolare: 58,6934<\/p>\n<p>Aspetto: Solitamente sotto forma di scaglie di lucentezza metallica bianco-argento, con superficie piana e liscia, senza difetti evidenti.<\/p>\n<p>Densit\u00e0: 8,908 g\/cm\u00b3.<\/p>\n<p>Punto di fusione: 1453\u00b0C<\/p>\n<p>Punto di ebollizione: 2732\u00b0C.<\/p>\n<p>Struttura cristallina: struttura reticolare cubica a facce centrate. Questa struttura cristallina conferisce al foglio di Ni buone propriet\u00e0 meccaniche, conduttivit\u00e0 elettrica e resistenza alla corrosione, rendendolo utile in applicazioni elettroniche e chimiche. <\/p>\n<h2><span style=\"font-size: 14pt;\">Applicazione<\/span><\/h2>\n<p>Aerospaziale: il foglio di Ni viene utilizzato nella produzione di componenti del motore per garantire il funzionamento affidabile degli aeromobili in condizioni estreme grazie alla sua resistenza alle alte temperature e all&#8217;elevata resistenza.<\/p>\n<p>Industria elettrica ed elettronica: come materiali per elettrodi, le barre di nichel forniscono una conduttivit\u00e0 stabile per le apparecchiature elettroniche, comunemente utilizzate nelle batterie e nei componenti elettronici.<\/p>\n<p>Industria chimica: nel dispositivo di agitazione del reattore, la resistenza alla corrosione delle barre di nichel consente loro di resistere efficacemente all&#8217;erosione di vari reagenti chimici, garantendo il regolare progresso della produzione chimica.<\/p>\n<p>Ingegneria navale: le barre di nichel sono utilizzate nella costruzione di apparecchiature per la desalinizzazione dell&#8217;acqua di mare, facendo affidamento sulla sua resistenza alla corrosione dell&#8217;acqua di mare, per fornire una garanzia di produzione stabile di acqua dolce a lungo termine.<\/p>\n<h2><span style=\"font-size: 14pt;\">Controllo qualit\u00e0<\/span><\/h2>\n<p><span style=\"color: #0000ff;\"><a style=\"color: #0000ff;\" href=\"https:\/\/vimaterial.de\/en\/quality-control\/\">Ogni lotto<\/a> <\/span>di prodotti protegge rigorosamente la qualit\u00e0, dalla selezione dei fornitori di materie prime, all&#8217;uso di apparecchiature di collaudo avanzate per monitorare accuratamente l&#8217;intero processo di produzione, al prodotto finito attraverso molti cicli di campionamento severo e certificazione autorevole di terze parti, per garantire che ogni lotto di prodotti soddisfi e superi gli elevati standard del settore con un tuttofare,  Sistema di controllo della qualit\u00e0 a tolleranza zero, per fornire ai nostri clienti la migliore qualit\u00e0 e i prodotti pi\u00f9 stabili.<\/p>\n<h2><span style=\"font-size: 14pt;\">Imballaggio e stoccaggio<\/span><\/h2>\n<p>Le barre di nichel metallico sono confezionate in sacchetti sottovuoto e confezionate in cartoni o casse di legno all&#8217;esterno.<\/p>\n<p>Le barre metalliche di nichel devono essere conservate in un ambiente asciutto e ben ventilato, privo di sostanze corrosive come acidi e alcali, evitando umidit\u00e0, ossidazione e contatto con altri metalli, e possono essere imballate in confezioni sigillate o posizionate su scaffali per garantirne le prestazioni stabili.<\/p>\n","protected":false},"excerpt":{"rendered":"<p><span style=\"color: #0000ff;\"><a style=\"color: #0000ff;\" href=\"https:\/\/vimaterial.de\/en\/product\/nickel-metal-4\/\">L&#8217;asta di nichel \u00e8<\/a><\/span>un oggetto cilindrico solido realizzato in nichel metallico, noto per la sua buona resistenza alla corrosione, l&#8217;elevata resistenza e l&#8217;eccellente L&#8217;asta di nichel metallico \u00e8 un oggetto cilindrico solido in nichel metallico, noto per la sua buona resistenza alla corrosione, l&#8217;elevata resistenza e l&#8217;eccellente conduttivit\u00e0 elettrica e termica, ed \u00e8 ampiamente utilizzato in vari campi industriali come l&#8217;elettronica,  metallurgia e aerospaziale.<\/p>\n","protected":false},"featured_media":1002378,"comment_status":"open","ping_status":"closed","template":"","meta":{"_acf_changed":false},"product_brand":[],"product_cat":[207],"product_tag":[],"class_list":{"0":"post-1014019","1":"product","2":"type-product","3":"status-publish","4":"has-post-thumbnail","6":"product_cat-profilo","8":"first","9":"instock","10":"shipping-taxable","11":"purchasable","12":"product-type-variable"},"acf":[],"_links":{"self":[{"href":"https:\/\/vimaterial.de\/it\/wp-json\/wp\/v2\/product\/1014019","targetHints":{"allow":["GET"]}}],"collection":[{"href":"https:\/\/vimaterial.de\/it\/wp-json\/wp\/v2\/product"}],"about":[{"href":"https:\/\/vimaterial.de\/it\/wp-json\/wp\/v2\/types\/product"}],"replies":[{"embeddable":true,"href":"https:\/\/vimaterial.de\/it\/wp-json\/wp\/v2\/comments?post=1014019"}],"wp:featuredmedia":[{"embeddable":true,"href":"https:\/\/vimaterial.de\/it\/wp-json\/wp\/v2\/media\/1002378"}],"wp:attachment":[{"href":"https:\/\/vimaterial.de\/it\/wp-json\/wp\/v2\/media?parent=1014019"}],"wp:term":[{"taxonomy":"product_brand","embeddable":true,"href":"https:\/\/vimaterial.de\/it\/wp-json\/wp\/v2\/product_brand?post=1014019"},{"taxonomy":"product_cat","embeddable":true,"href":"https:\/\/vimaterial.de\/it\/wp-json\/wp\/v2\/product_cat?post=1014019"},{"taxonomy":"product_tag","embeddable":true,"href":"https:\/\/vimaterial.de\/it\/wp-json\/wp\/v2\/product_tag?post=1014019"}],"curies":[{"name":"wp","href":"https:\/\/api.w.org\/{rel}","templated":true}]}}