{"id":1013997,"date":"2024-06-17T14:34:57","date_gmt":"2024-06-17T06:34:57","guid":{"rendered":"https:\/\/vimaterial.de\/product\/lega-di-ferro-al-cromo-2\/"},"modified":"2025-04-17T14:20:31","modified_gmt":"2025-04-17T06:20:31","slug":"lega-di-ferro-al-cromo-2","status":"publish","type":"product","link":"https:\/\/vimaterial.de\/it\/product\/lega-di-ferro-al-cromo-2\/","title":{"rendered":"Lega di ferro al cromo"},"content":{"rendered":"<p><span style=\"color: #0000ff;\"><a style=\"color: #0000ff;\" href=\"https:\/\/vimaterial.de\/en\/product\/chromium-iron-alloy\/\">L&#8217;asta di ferro al cromo<\/a> <\/span>\u00e8 un tipo di asta composta principalmente da cromo e ferro, di colore grigio argento, con elevata resistenza, durezza, eccellente resistenza alla corrosione, in grado di mantenere propriet\u00e0 fisiche e chimiche stabili ad alta temperatura e in altri ambienti complessi ed \u00e8 ampiamente utilizzata nella produzione di macchinari, nella metallurgia e nelle industrie chimiche.<\/p>\n<p>VIMATERIAL offre barre di ferro al cromo, le nostre barre di ferro al cromo hanno un&#8217;elevata resistenza e un&#8217;eccellente resistenza alla corrosione, le barre hanno una superficie liscia, dimensioni precise e un&#8217;organizzazione interna uniforme e densa. Siamo stati impegnati in materie prime metalliche inorganiche per molti anni, con un team di ricerca e sviluppo tecnologico professionale, accettiamo la personalizzazione del prodotto e gli esperimenti, <span style=\"color: #0000ff;\"><a style=\"color: #0000ff;\" href=\"https:\/\/vimaterial.de\/en\/contact-us\/\">vi preghiamo di contattarci<\/a><\/span> se necessario. <\/p>\n<h2><span style=\"font-size: 14pt;\">Propriet\u00e0 fisiche<\/span><\/h2>\n<p>Formula molecolare: CrFe<\/p>\n<p>Aspetto: di solito si presenta come una barra con una lucentezza metallica grigio-argento, superficie liscia<\/p>\n<p>Struttura cristallina: basata su una struttura cubica a corpo centrato.<\/p>\n<h2><span style=\"font-size: 14pt;\">Applicazioni<\/span><\/h2>\n<p>Metallurgia del ferro e dell&#8217;acciaio: l&#8217;asta di CrFe viene utilizzata come materia prima chiave nel processo di produzione dell&#8217;acciaio, regolando con precisione la composizione dell&#8217;acciaio liquido, migliorando la resistenza, la tenacit\u00e0 e la resistenza alla corrosione dell&#8217;acciaio e assistendo nella produzione di acciaio speciale di alta qualit\u00e0.<\/p>\n<p>Nel campo della produzione di macchinari, l&#8217;asta in CrFe viene utilizzata nella produzione di varie parti meccaniche, come ingranaggi, alberi e connettori, per conferire ai prodotti un&#8217;elevata durezza e resistenza all&#8217;abrasione, consentendo loro di resistere a un funzionamento intensivo e prolungandone la durata.<\/p>\n<p>Nel campo dell&#8217;industria automobilistica, l&#8217;asta CrFe viene utilizzata nella produzione di componenti principali di motori automobilistici e parti di trasmissione del telaio, facendo affidamento sulle sue buone prestazioni ad alta temperatura e sulle caratteristiche anti-fatica per garantire una forte potenza e un funzionamento stabile delle automobili.<\/p>\n<p>Campo aerospaziale: realizzato in pale di motori aeronautici, telai di fusoliere e altre strutture chiave, con un eccellente rapporto resistenza\/peso e resistenza alle alte temperature, per garantire la sicurezza degli aeromobili che volano in ambienti ad alta quota estrema.<\/p>\n<p>Nel campo dell&#8217;energia e dell&#8217;energia: applicato ai tubi delle caldaie, ai rotori delle turbine e ad altre parti delle apparecchiature di generazione di energia per resistere alle alte temperature, alle alte pressioni e alla corrosione e mantenere il funzionamento efficiente e affidabile dei sistemi di conversione dell&#8217;energia.<\/p>\n<h2><span style=\"font-size: 14pt;\">Controllo qualit\u00e0<\/span><\/h2>\n<p><span style=\"color: #0000ff;\"><a style=\"color: #0000ff;\" href=\"https:\/\/vimaterial.de\/en\/quality-control\/\">VI HALBLEITERMATERIAL GmbH<\/a> <\/span>si impegna a garantire un elevato controllo di qualit\u00e0 e la coerenza dei lotti attraverso un rigoroso sistema di garanzia della qualit\u00e0, un rigoroso controllo di qualit\u00e0 in tutte le fasi della catena di produzione, il rispetto del principio di rilavorazione e rifacimento dei prodotti difettosi, il collaudo e il rilascio dei lotti in conformit\u00e0 con specifiche dettagliate, il rispetto degli standard pi\u00f9 elevati sotto tutti gli aspetti,  documentazione e tracciabilit\u00e0 dei lotti per garantire la fornitura di prodotti e servizi di alta qualit\u00e0.<\/p>\n<h2><span style=\"font-size: 14pt;\">Imballaggio e stoccaggio<\/span><\/h2>\n<p>La barra di ferro al cromo \u00e8 confezionata in doppi sacchetti sottovuoto con cartoni esterni o casse di legno.<\/p>\n<p>La barra di ferro al cromo deve essere conservata in un ambiente interno asciutto e ben ventilato, evitando umidit\u00e0 e pioggia, evitando il contatto con sostanze acide, alcaline e altre sostanze corrosive e lontano da alte temperature e fonti di forti campi magnetici, preferibilmente avvolto in materiali di imballaggio adeguati per garantire che le sue propriet\u00e0 fisiche e chimiche non siano influenzate da fattori esterni.<\/p>\n","protected":false},"excerpt":{"rendered":"<p><span style=\"color: #0000ff;\"><a style=\"color: #0000ff;\" href=\"https:\/\/vimaterial.de\/en\/product\/chromium-iron-alloy\/\">L&#8217;asta di ferro al cromo<\/a> <\/span>\u00e8 un tipo di asta composta principalmente da cromo e ferro, di colore grigio argento, con elevata resistenza, durezza, eccellente resistenza alla corrosione, in grado di mantenere propriet\u00e0 fisiche e chimiche stabili ad alta temperatura e in altri ambienti complessi ed \u00e8 ampiamente utilizzata nella produzione di macchinari, nella metallurgia e nelle industrie chimiche.<\/p>\n","protected":false},"featured_media":1001407,"comment_status":"open","ping_status":"closed","template":"","meta":{"_acf_changed":false},"product_brand":[],"product_cat":[207],"product_tag":[],"class_list":{"0":"post-1013997","1":"product","2":"type-product","3":"status-publish","4":"has-post-thumbnail","6":"product_cat-profilo","8":"first","9":"instock","10":"shipping-taxable","11":"product-type-variable"},"acf":[],"_links":{"self":[{"href":"https:\/\/vimaterial.de\/it\/wp-json\/wp\/v2\/product\/1013997","targetHints":{"allow":["GET"]}}],"collection":[{"href":"https:\/\/vimaterial.de\/it\/wp-json\/wp\/v2\/product"}],"about":[{"href":"https:\/\/vimaterial.de\/it\/wp-json\/wp\/v2\/types\/product"}],"replies":[{"embeddable":true,"href":"https:\/\/vimaterial.de\/it\/wp-json\/wp\/v2\/comments?post=1013997"}],"wp:featuredmedia":[{"embeddable":true,"href":"https:\/\/vimaterial.de\/it\/wp-json\/wp\/v2\/media\/1001407"}],"wp:attachment":[{"href":"https:\/\/vimaterial.de\/it\/wp-json\/wp\/v2\/media?parent=1013997"}],"wp:term":[{"taxonomy":"product_brand","embeddable":true,"href":"https:\/\/vimaterial.de\/it\/wp-json\/wp\/v2\/product_brand?post=1013997"},{"taxonomy":"product_cat","embeddable":true,"href":"https:\/\/vimaterial.de\/it\/wp-json\/wp\/v2\/product_cat?post=1013997"},{"taxonomy":"product_tag","embeddable":true,"href":"https:\/\/vimaterial.de\/it\/wp-json\/wp\/v2\/product_tag?post=1013997"}],"curies":[{"name":"wp","href":"https:\/\/api.w.org\/{rel}","templated":true}]}}