{"id":1013992,"date":"2024-06-17T14:34:57","date_gmt":"2024-06-17T06:34:57","guid":{"rendered":"https:\/\/vimaterial.de\/product\/lega-di-ferro-al-cromo\/"},"modified":"2025-04-17T14:24:07","modified_gmt":"2025-04-17T06:24:07","slug":"lega-di-ferro-al-cromo","status":"publish","type":"product","link":"https:\/\/vimaterial.de\/it\/product\/lega-di-ferro-al-cromo\/","title":{"rendered":"Lega di ferro al cromo"},"content":{"rendered":"<p><span style=\"color: #0000ff;\"><a style=\"color: #0000ff;\" href=\"https:\/\/vimaterial.de\/en\/product\/chromium-iron-alloy-2\/\">Lega di ferro al cromo<\/a> <\/span>La polvere \u00e8 un tipo di polvere di lega composta da cromo e ferro, di colore grigio, con elevata durezza, buona resistenza alla corrosione e resistenza all&#8217;ossidazione ed \u00e8 ampiamente utilizzata nella metallurgia, nella produzione di macchinari, nell&#8217;industria chimica e in altri campi.<\/p>\n<p>VIMATERIAL offre polveri di leghe di cromo ferro. Le nostre polveri hanno un&#8217;elevata purezza, granulometria uniforme, una buona attivit\u00e0 chimica e un&#8217;elevata stabilit\u00e0. Ci dedichiamo da molti anni alle materie prime metalliche inorganiche, con un team di ricerca e sviluppo tecnologico professionale, accettiamo la personalizzazione del prodotto e gli esperimenti, <span style=\"color: #0000ff;\"><a style=\"color: #0000ff;\" href=\"https:\/\/vimaterial.de\/en\/contact-us\/\">vi preghiamo di contattarci<\/a><\/span> se necessario.  <\/p>\n<h2><span style=\"font-size: 14pt;\">Propriet\u00e0 fisiche<\/span><\/h2>\n<p>Formula molecolare: FeCr<\/p>\n<p>Peso molecolare: circa 107,84<\/p>\n<p>Aspetto: Generalmente polvere grigia<\/p>\n<p>Densit\u00e0: circa 2,85 g\/cm\u00b3.<\/p>\n<p>Struttura cristallina: Struttura cristallina cubica centrata sul corpo<\/p>\n<h2><span style=\"font-size: 14pt;\">Applicazioni<\/span><\/h2>\n<p>Industria siderurgica: Utilizzato nel processo di produzione dell&#8217;acciaio per aumentare il contenuto di cromo dell&#8217;acciaio, al fine di migliorare la resistenza alla corrosione e la resistenza dell&#8217;acciaio, la produzione di acciaio inossidabile e altri acciai speciali.<\/p>\n<p>Lavorazione meccanica: nella produzione di parti meccaniche, pu\u00f2 migliorare la resistenza all&#8217;usura e la resistenza alla deformazione delle parti e viene utilizzato nella produzione di ingranaggi e parti dell&#8217;albero ad alte prestazioni.<\/p>\n<p>Produzione automobilistica: utilizzato nei componenti del motore automobilistico e del sistema di trasmissione per migliorare la resistenza delle parti alle alte temperature e all&#8217;abrasione e migliorare l&#8217;affidabilit\u00e0 delle automobili.<\/p>\n<p>Aerospaziale: utilizzato nella produzione di componenti aerospaziali per fornire un elevato rapporto resistenza\/peso e una buona resistenza alle alte temperature per garantire la sicurezza del volo.<\/p>\n<p>Energia: nella produzione di apparecchiature per la generazione di energia, i componenti possono resistere alle alte temperature e agli ambienti corrosivi per garantire il funzionamento stabile a lungo termine delle apparecchiature energetiche.<\/p>\n<h2><span style=\"font-size: 14pt;\">Controllo qualit\u00e0<\/span><\/h2>\n<p><span style=\"color: #0000ff;\"><a style=\"color: #0000ff;\" href=\"https:\/\/vimaterial.de\/en\/quality-control\/\">VI HALBLEITERMATERIAL GmbH<\/a><\/span> si impegna a garantire un elevato controllo di qualit\u00e0 e la coerenza dei lotti attraverso un rigoroso sistema di garanzia della qualit\u00e0, un rigoroso controllo di qualit\u00e0 in tutte le fasi della catena di produzione, il rispetto del principio di rilavorazione e rifacimento dei prodotti difettosi, il collaudo e il rilascio dei lotti in conformit\u00e0 con specifiche dettagliate, il rispetto degli standard pi\u00f9 elevati sotto tutti gli aspetti,  documentazione e tracciabilit\u00e0 dei lotti per garantire la fornitura di prodotti e servizi di alta qualit\u00e0.<\/p>\n<h2><span style=\"font-size: 14pt;\">Imballaggio e stoccaggio<\/span><\/h2>\n<p>Le polveri di lega di cromo ferro sono confezionate in sacchetti a doppio vuoto o in flaconi a doppio vuoto in cartoni.<\/p>\n<p>Le polveri di leghe di ferro e cromo devono essere conservate in un ambiente asciutto e ben ventilato a una temperatura relativamente stabile, sigillate per prevenire l&#8217;umidit\u00e0 e l&#8217;ossidazione e lontane da acidi, alcali e altre sostanze che possono reagire con esse per evitare che le impurit\u00e0 si mescolino.<\/p>\n","protected":false},"excerpt":{"rendered":"<p><span style=\"color: #0000ff;\"><a style=\"color: #0000ff;\" href=\"https:\/\/vimaterial.de\/en\/product\/chromium-iron-alloy-2\/\">Lega di ferro al cromo<\/a> <\/span>La polvere \u00e8 un tipo di polvere di lega composta da cromo e ferro, di colore grigio, con elevata durezza, buona resistenza alla corrosione e resistenza all&#8217;ossidazione ed \u00e8 ampiamente utilizzata nella metallurgia, nella produzione di macchinari, nell&#8217;industria chimica e in altri campi.<\/p>\n","protected":false},"featured_media":1001400,"comment_status":"open","ping_status":"closed","template":"","meta":{"_acf_changed":false},"product_brand":[],"product_cat":[212],"product_tag":[],"class_list":{"0":"post-1013992","1":"product","2":"type-product","3":"status-publish","4":"has-post-thumbnail","6":"product_cat-polvere-di-metallo-puro-e-leghe","8":"first","9":"instock","10":"shipping-taxable","11":"product-type-variable"},"acf":[],"_links":{"self":[{"href":"https:\/\/vimaterial.de\/it\/wp-json\/wp\/v2\/product\/1013992","targetHints":{"allow":["GET"]}}],"collection":[{"href":"https:\/\/vimaterial.de\/it\/wp-json\/wp\/v2\/product"}],"about":[{"href":"https:\/\/vimaterial.de\/it\/wp-json\/wp\/v2\/types\/product"}],"replies":[{"embeddable":true,"href":"https:\/\/vimaterial.de\/it\/wp-json\/wp\/v2\/comments?post=1013992"}],"wp:featuredmedia":[{"embeddable":true,"href":"https:\/\/vimaterial.de\/it\/wp-json\/wp\/v2\/media\/1001400"}],"wp:attachment":[{"href":"https:\/\/vimaterial.de\/it\/wp-json\/wp\/v2\/media?parent=1013992"}],"wp:term":[{"taxonomy":"product_brand","embeddable":true,"href":"https:\/\/vimaterial.de\/it\/wp-json\/wp\/v2\/product_brand?post=1013992"},{"taxonomy":"product_cat","embeddable":true,"href":"https:\/\/vimaterial.de\/it\/wp-json\/wp\/v2\/product_cat?post=1013992"},{"taxonomy":"product_tag","embeddable":true,"href":"https:\/\/vimaterial.de\/it\/wp-json\/wp\/v2\/product_tag?post=1013992"}],"curies":[{"name":"wp","href":"https:\/\/api.w.org\/{rel}","templated":true}]}}