{"id":1013947,"date":"2024-06-17T14:35:56","date_gmt":"2024-06-17T06:35:56","guid":{"rendered":"https:\/\/vimaterial.de\/product\/cromo-molibdeno-tantalio-titanio-vanadio-lega-di-tungsteno\/"},"modified":"2025-04-17T14:06:35","modified_gmt":"2025-04-17T06:06:35","slug":"cromo-molibdeno-tantalio-titanio-vanadio-lega-di-tungsteno","status":"publish","type":"product","link":"https:\/\/vimaterial.de\/it\/product\/cromo-molibdeno-tantalio-titanio-vanadio-lega-di-tungsteno\/","title":{"rendered":"Lega di cromo molibdeno tantalio titanio vanadio tungsteno"},"content":{"rendered":"<p>L&#8217;obiettivo di sputtering in lega di cromo molibdeno tantalio titanio vanadio tungsteno \u00e8 un tipo di bersaglio in lega composto da cromo, molibdeno, tantalio, titanio, vanadio, tungsteno e molti altri metalli, che ha un alto punto di fusione, elevata durezza, buona resistenza alla corrosione e resistenza all&#8217;abrasione e pu\u00f2 essere utilizzato per preparare molti tipi di film sottili ad alte prestazioni per soddisfare le esigenze dell&#8217;elettronica,  aerospaziale e in altri settori.<\/p>\n<p>VIMATERIAL fornisce bersagli sputtering in lega di cromo molibdeno tantalio titanio vanadio tungsteno, che presentano i vantaggi di elevata purezza, alta densit\u00e0, alto punto di fusione e capacit\u00e0 di formare film sottili stabili e di alta qualit\u00e0. Siamo in grado di fornire un servizio di rilegatura target e abbiamo un team di ricerca e sviluppo tecnologico professionale, accettiamo qualsiasi personalizzazione del prodotto e sperimentiamo, se necessario, vi preghiamo di <span style=\"color: #0000ff;\"><a style=\"color: #0000ff;\" href=\"https:\/\/vimaterial.de\/en\/contact-us\/\">contattarci.<\/a><\/span> <\/p>\n<h2><span style=\"font-size: 14pt;\">Propriet\u00e0 fisiche<\/span><\/h2>\n<p>Formula molecolare: CrMoTaTiVW<\/p>\n<p>Aspetto: bersaglio grigio argento<\/p>\n<h2><span style=\"font-size: 14pt;\">Applicazioni<\/span><\/h2>\n<p>Campo dei semiconduttori: utilizzato nella preparazione di chip semiconduttori nello strato barriera e nel film dello strato di contatto, pu\u00f2 migliorare le prestazioni e la stabilit\u00e0 del chip, per garantire il normale funzionamento del circuito integrato.<\/p>\n<p>Campo di visualizzazione a schermo piatto: pu\u00f2 essere utilizzato per formare pellicole conduttive trasparenti ed elettrodi su display a schermo piatto, che possono aiutare a migliorare l&#8217;effetto di visualizzazione e ridurre il consumo di energia, ad esempio, svolge un ruolo importante nella produzione di schermi OLED.<\/p>\n<p>Campo solare fotovoltaico: utilizzato nella preparazione di celle solari nel film, pu\u00f2 migliorare l&#8217;efficienza di conversione fotoelettrica e la stabilit\u00e0 della batteria, aiutare lo sviluppo della tecnologia di generazione di energia solare fotovoltaica.<\/p>\n<p>Campo ottico: la lega di cromo molibdeno tantalio titanio vanadio tungsteno pu\u00f2 essere nella lente ottica, nelle apparecchiature laser e in altri componenti ottici sulla preparazione di elevata durezza, resistenza all&#8217;usura e pellicola antiriflesso, pu\u00f2 migliorare le prestazioni e la durata dei componenti ottici, come nelle applicazioni di rivestimento dell&#8217;obiettivo della fotocamera di fascia alta.<\/p>\n<h2><span style=\"font-size: 14pt;\">Controllo qualit\u00e0<\/span><\/h2>\n<p><span style=\"color: #0000ff;\"><a style=\"color: #0000ff;\" href=\"https:\/\/vimaterial.de\/en\/quality-control\/\">VI HALBLEITERMATERIAL GmbH<\/a> <\/span>si impegna a garantire un elevato controllo della qualit\u00e0 e la coerenza dei lotti a sostegno degli obiettivi generali del REACH attraverso l&#8217;adozione di un rigoroso sistema di garanzia della qualit\u00e0, un rigoroso controllo di qualit\u00e0 in tutte le fasi della catena di produzione, l&#8217;adesione al principio della rilavorazione e del rifacimento dei prodotti difettosi, il collaudo e il rilascio dei lotti in conformit\u00e0 con specifiche dettagliate,  rispetto degli standard pi\u00f9 elevati in tutti i settori, gestione dei problemi in conformit\u00e0 con la direttiva 8D conformit\u00e0 al regolamento REACH e alle relative norme.<\/p>\n<p>Ci impegniamo a raggiungere un elevato controllo di qualit\u00e0 e coerenza dei lotti a sostegno degli obiettivi generali del REACH, nonch\u00e9 a mantenere la documentazione e la tracciabilit\u00e0 dei lotti per creare una catena di approvvigionamento socialmente responsabile che garantisca la consegna di prodotti e servizi di alta qualit\u00e0.<\/p>\n<h2><span style=\"font-size: 14pt;\">Imballaggio e stoccaggio<\/span><\/h2>\n<p>I bersagli sputtering in lega di cromo molibdeno tantalio titanio vanadio tungsteno sono confezionati in sacchetti sottovuoto a doppio strato e quindi inscatolati e la scatola esterna \u00e8 confezionata in cartoni.<\/p>\n<p>I bersagli sputtering in lega di cromo molibdeno tantalio titanio vanadio tungsteno devono essere conservati in un ambiente asciutto, pulito e ben ventilato con temperatura e umidit\u00e0 relativamente stabili per evitare umidit\u00e0, ossidazione, corrosione e danni meccanici.<\/p>\n","protected":false},"excerpt":{"rendered":"<p>L&#8217;obiettivo di sputtering in lega di cromo molibdeno tantalio titanio vanadio tungsteno \u00e8 un tipo di bersaglio in lega composto da cromo, molibdeno, tantalio, titanio, vanadio, tungsteno e molti altri metalli, che ha un alto punto di fusione, elevata durezza, buona resistenza alla corrosione e resistenza all&#8217;abrasione e pu\u00f2 essere utilizzato per preparare molti tipi di film sottili ad alte prestazioni per soddisfare le esigenze dell&#8217;elettronica,  aerospaziale e in altri settori.<\/p>\n","protected":false},"featured_media":1001431,"comment_status":"open","ping_status":"closed","template":"","meta":{"_acf_changed":false},"product_brand":[],"product_cat":[197],"product_tag":[],"class_list":{"0":"post-1013947","1":"product","2":"type-product","3":"status-publish","4":"has-post-thumbnail","6":"product_cat-obiettivi-di-sputtering-planari","8":"first","9":"instock","10":"shipping-taxable","11":"product-type-variable"},"acf":[],"_links":{"self":[{"href":"https:\/\/vimaterial.de\/it\/wp-json\/wp\/v2\/product\/1013947","targetHints":{"allow":["GET"]}}],"collection":[{"href":"https:\/\/vimaterial.de\/it\/wp-json\/wp\/v2\/product"}],"about":[{"href":"https:\/\/vimaterial.de\/it\/wp-json\/wp\/v2\/types\/product"}],"replies":[{"embeddable":true,"href":"https:\/\/vimaterial.de\/it\/wp-json\/wp\/v2\/comments?post=1013947"}],"wp:featuredmedia":[{"embeddable":true,"href":"https:\/\/vimaterial.de\/it\/wp-json\/wp\/v2\/media\/1001431"}],"wp:attachment":[{"href":"https:\/\/vimaterial.de\/it\/wp-json\/wp\/v2\/media?parent=1013947"}],"wp:term":[{"taxonomy":"product_brand","embeddable":true,"href":"https:\/\/vimaterial.de\/it\/wp-json\/wp\/v2\/product_brand?post=1013947"},{"taxonomy":"product_cat","embeddable":true,"href":"https:\/\/vimaterial.de\/it\/wp-json\/wp\/v2\/product_cat?post=1013947"},{"taxonomy":"product_tag","embeddable":true,"href":"https:\/\/vimaterial.de\/it\/wp-json\/wp\/v2\/product_tag?post=1013947"}],"curies":[{"name":"wp","href":"https:\/\/api.w.org\/{rel}","templated":true}]}}